{"id":15634,"date":"2025-09-16T16:00:23","date_gmt":"2025-09-16T14:00:23","guid":{"rendered":"https:\/\/boreait.com\/fr\/?post_type=product&#038;p=15634"},"modified":"2025-09-16T16:00:38","modified_gmt":"2025-09-16T14:00:38","slug":"ecran-dordinateur-portable-pour-hp-omen-16t-k000-pn-7n8h5u","status":"publish","type":"product","link":"https:\/\/boreait.com\/fr\/produit\/ecran-dordinateur-portable-pour-hp-omen-16t-k000-pn-7n8h5u\/","title":{"rendered":"\u00c9cran d&rsquo;ordinateur portable pour HP Omen 16t-k000 pn 7N8H5U"},"content":{"rendered":"<p>Mod\u00e8le d&rsquo;\u00e9cran LCD\u00a0: N161hma-gak REV. C3 ou n161hca-ga1 REV. C.1 \u2013 ENTI\u00c8REMENT COMPATIBLE AVEC L&rsquo;\u00c9CRAN D&rsquo;ORDINATEUR PORTABLE HP Omen 16t-k000 pn 7N8H5U<\/p>\n<p>Am\u00e9liorez votre exp\u00e9rience de jeu avec l&rsquo;\u00e9cran LCD de remplacement pour HP Omen 16t-k000. Cet \u00e9cran 16,1&Prime; est con\u00e7u pour offrir des performances sup\u00e9rieures gr\u00e2ce \u00e0 sa r\u00e9solution Full HD (1920 x 1080), garantissant des images nettes et pr\u00e9cises. Son taux de rafra\u00eechissement de 144 Hz garantit des mouvements fluides, id\u00e9al pour les jeux rapides, tandis que sa luminosit\u00e9 de 250 nits offre des images lumineuses et \u00e9clatantes, m\u00eame dans des environnements bien \u00e9clair\u00e9s.<\/p>\n<p>Sa finition mate r\u00e9duit les reflets, offrant un confort visuel optimal pendant les longues sessions de jeu. Cet \u00e9cran se connecte via une interface \u00e0 40 broches, garantissant la compatibilit\u00e9 avec votre appareil. De plus, il est fourni avec un ruban adh\u00e9sif double-face pour une installation simplifi\u00e9e.<\/p>\n<p>Veuillez noter que cet \u00e9cran est livr\u00e9 sans supports sup\u00e9rieur et inf\u00e9rieur. Ce produit est neuf, vous garantissant ainsi un \u00e9cran de haute qualit\u00e9 et sans d\u00e9faut, pr\u00eat \u00e0 optimiser votre ordinateur portable gaming.<\/p>\n","protected":false},"excerpt":{"rendered":"<p>Am\u00e9liorez votre HP Omen 16t-k000 avec cet \u00e9cran LCD 16,1&Prime;. Dot\u00e9 d&rsquo;une r\u00e9solution Full HD, d&rsquo;un taux de rafra\u00eechissement de 144 Hz et d&rsquo;une luminosit\u00e9 de 250 nits, il offre une exp\u00e9rience visuelle fluide et dynamique. Livr\u00e9 avec du ruban adh\u00e9sif double face pour une installation facile. \u00c9tat\u00a0: Neuf.<\/p>\n","protected":false},"featured_media":15628,"template":"","meta":[],"product_brand":[],"product_cat":[107,95],"product_tag":[],"class_list":{"0":"post-15634","1":"product","2":"type-product","3":"status-publish","4":"has-post-thumbnail","6":"product_cat-16-1","7":"product_cat-new-laptop-screens-lcd-panels","9":"first","10":"instock","11":"taxable","12":"shipping-taxable","13":"purchasable","14":"product-type-simple"},"_links":{"self":[{"href":"https:\/\/boreait.com\/fr\/wp-json\/wp\/v2\/product\/15634","targetHints":{"allow":["GET"]}}],"collection":[{"href":"https:\/\/boreait.com\/fr\/wp-json\/wp\/v2\/product"}],"about":[{"href":"https:\/\/boreait.com\/fr\/wp-json\/wp\/v2\/types\/product"}],"wp:featuredmedia":[{"embeddable":true,"href":"https:\/\/boreait.com\/fr\/wp-json\/wp\/v2\/media\/15628"}],"wp:attachment":[{"href":"https:\/\/boreait.com\/fr\/wp-json\/wp\/v2\/media?parent=15634"}],"wp:term":[{"taxonomy":"product_brand","embeddable":true,"href":"https:\/\/boreait.com\/fr\/wp-json\/wp\/v2\/product_brand?post=15634"},{"taxonomy":"product_cat","embeddable":true,"href":"https:\/\/boreait.com\/fr\/wp-json\/wp\/v2\/product_cat?post=15634"},{"taxonomy":"product_tag","embeddable":true,"href":"https:\/\/boreait.com\/fr\/wp-json\/wp\/v2\/product_tag?post=15634"}],"curies":[{"name":"wp","href":"https:\/\/api.w.org\/{rel}","templated":true}]}}