{"id":15632,"date":"2025-09-16T16:00:22","date_gmt":"2025-09-16T14:00:22","guid":{"rendered":"https:\/\/boreait.com\/fr\/?post_type=product&#038;p=15632"},"modified":"2025-09-16T16:00:37","modified_gmt":"2025-09-16T14:00:37","slug":"ecran-lcd-pour-hp-omen-16-wf-series-161-fhd-144-hz-mat-40-broches-neuf","status":"publish","type":"product","link":"https:\/\/boreait.com\/fr\/produit\/ecran-lcd-pour-hp-omen-16-wf-series-161-fhd-144-hz-mat-40-broches-neuf\/","title":{"rendered":"\u00c9cran LCD pour HP OMEN 16 WF Series 16,1&Prime; FHD 144 Hz, mat, 40 broches, neuf"},"content":{"rendered":"<p>Mod\u00e8le d&rsquo;\u00e9cran LCD\u00a0: N161hma-gak REV. C3 ou n161hca-ga1 REV. C.1 \u2013 ENTI\u00c8REMENT COMPATIBLE AVEC LES \u00c9CRANS D&rsquo;ORDINATEUR PORTABLE HP OMEN 16 wf \/ wf0000 \/ wfxxxx.<\/p>\n<p>Am\u00e9liorez votre ordinateur portable HP OMEN 16 WF avec cet \u00e9cran LCD de haute qualit\u00e9, con\u00e7u pour une int\u00e9gration parfaite et des performances exceptionnelles. Cet \u00e9cran de 16,1 pouces offre une r\u00e9solution Full HD (FHD), offrant des images \u00e9clatantes et nettes qui optimisent votre exp\u00e9rience de jeu, de travail et de divertissement. Avec un taux de rafra\u00eechissement de 144\u00a0Hz, vous profiterez d&rsquo;une exp\u00e9rience de jeu et de lecture vid\u00e9o plus fluide, r\u00e9duisant le flou de mouvement et vous offrant un avantage concurrentiel dans les jeux rapides. <\/p>\n<p>Principales caract\u00e9ristiques\u00a0:<\/p>\n<ul>\n<li><strong>Compatibilit\u00e9<\/strong>\u00a0: Compatible avec les ordinateurs portables HP OMEN s\u00e9rie 16 WF (par exemple, 16-WF0000CI, 16-WF0000NE, 16-WF0000TX, etc.)<\/li>\n<li><strong>R\u00e9solution<\/strong>\u00a0: Full HD (1920 x 1080) pour des images claires et d\u00e9taill\u00e9es.<\/li>\n<li><strong>Fr\u00e9quence de rafra\u00eechissement<\/strong>\u00a0: 144\u00a0Hz pour des performances ultra-fluides.<\/li>\n<li><strong>Luminosit\u00e9<\/strong>\u00a0: 250\u00a0nits pour une excellente visibilit\u00e9 dans diff\u00e9rentes conditions d&rsquo;\u00e9clairage.<\/li>\n<li><strong>Surface<\/strong>\u00a0: Finition mate pour r\u00e9duire les reflets.<\/li>\n<li><strong>Connecteur<\/strong>\u00a0: Connexion \u00e0 40\u00a0broches pour une connexion fiable et simple Installation.<\/li>\n<li><strong>\u00c9tat<\/strong>\u00a0: Neuf, garantissant durabilit\u00e9 et performances.<\/li>\n<li><strong>Extras<\/strong>\u00a0: Ruban adh\u00e9sif double face inclus pour une installation s\u00e9curis\u00e9e.<\/li>\n<\/ul>\n<p>Cet \u00e9cran est id\u00e9al pour les mod\u00e8les non tactiles et ne comprend pas de supports sup\u00e9rieurs ni inf\u00e9rieurs. Il est con\u00e7u pour une installation facile, que vous soyez un professionnel ou que vous r\u00e9pariez vous-m\u00eame. Redonnez \u00e0 votre ordinateur portable son \u00e9clat d&rsquo;origine ou am\u00e9liorez la qualit\u00e9 de son affichage gr\u00e2ce \u00e0 cet \u00e9cran de remplacement haut de gamme.<\/p>\n<p>Commandez d\u00e8s aujourd&rsquo;hui et profitez de la livraison gratuite, d&rsquo;une livraison rapide et d&rsquo;un service client professionnel pour vous assurer de trouver la solution id\u00e9ale pour votre ordinateur portable\u00a0! <\/p>\n<p><strong>Liste de quelques ordinateurs portables compatibles\u00a0:\u00a0\u00a0<\/strong><\/p>\n<p>16-WF0000CI, 16-WF0000LA, 16-WF0000NE, 16-WF0000NF, 16-WF0000NH, 16-WF0000NI, 16-WF0000NK, 16-WF0000NL, 16-WF0000NS, 16-WF0000NT, 16-WF0000NV, 16-WF0000NX, 16-WF0000NZ, 16-WF0000SA, 16-WF0000SF, 16-WF0000TX, 16-WF0000UA, 16-WF0001CI, 16-WF0001LA, 16-WF0001NB, 16-WF0001NC, 16-WF0001NE, 16-WF0001NH, 16-WF0001NI, 16-WF0001NJ, 16-WF0001NK, 16-WF0001NL, 16-WF0001NN, 16-WF0001NP, 16-WF0001NS, 16-WF0001NT, 16-WF0001NV, 16-WF0001NZ, 16-WF0001SA, 16-WF0001SF, 16-WF0001TX, 16-WF0001UA, 16-WF0002CI, 16-WF0002LA, 16-WF0002NE, 16-WF0002NI, 16-WF0002NIA, 16-WF0002NK, 16-WF0002NL, 16-WF0002NN, 16-WF0002NS, 16-WF0002NT, 16-WF0002NV, 16-WF0002NX, 16-WF0002UA, 16-WF0003CI, 16-WF0003NA, 16-WF0003NB, 16-WF0003NI, 16-WF0003NIA, 16-WF0003NJ, 16-WF0003NL, 16-WF0003NN, 16-WF0003NS, 16-WF0003NT, 16-WF0003NV, 16-WF0003TX, 16-WF0004CI, 16-WF0004NA, 16-WF0004NB, 16-WF0004NE, 16-WF0004NL, 16-WF0004NN, 16-WF0004NS, 16-WF0004NT, \u200b\u200b16-WF0004TX, 16-WF0004UA, 16-WF0005CI, 16-WF0005NA, 16-WF0005NB, 16-WF0005NI, 16-WF0005NL, 16-WF0005NS, 16-WF0005NT, 16-WF0005NW, 16-WF0005UA, 16-WF0006CI, 16-WF0006NA, 16-WF0006NB, 16-WF0006NE, 16-WF0006NI, 16-WF0006NIA, 16-WF0006NN, 16-WF0006NS, 16-WF0006NT, 16-WF0006TX, 16-WF0006UA, 16-WF0007CI, 16-WF0007NL, 16-WF0007NS, 16-WF0007NT, 16-WF0007TX, 16-WF0007UA, 16-WF0008CA, 16-wf0083dx, 16-wf1096tx, 16-wf0111tx, 16-wf0148tx, 16-wf0083dx, 16-wf0203TX, 16-wf0008ne, 16-wf0774ng<\/p>\n","protected":false},"excerpt":{"rendered":"<p>Am\u00e9liorez votre ordinateur portable HP OMEN 16 WF avec cet \u00e9cran mat FHD 144 Hz de 16,1 pouces. Il est dot\u00e9 d&rsquo;une connexion \u00e0 40 broches, d&rsquo;une luminosit\u00e9 de 250 nits et d&rsquo;une finition mate antireflet. Id\u00e9al pour les mod\u00e8les non tactiles, il est fourni avec du ruban adh\u00e9sif double face pour une installation facile. \u00c9tat\u00a0: Neuf.<\/p>\n","protected":false},"featured_media":15628,"template":"","meta":[],"product_brand":[],"product_cat":[107,95],"product_tag":[],"class_list":{"0":"post-15632","1":"product","2":"type-product","3":"status-publish","4":"has-post-thumbnail","6":"product_cat-16-1","7":"product_cat-new-laptop-screens-lcd-panels","9":"first","10":"instock","11":"taxable","12":"shipping-taxable","13":"purchasable","14":"product-type-simple"},"_links":{"self":[{"href":"https:\/\/boreait.com\/fr\/wp-json\/wp\/v2\/product\/15632","targetHints":{"allow":["GET"]}}],"collection":[{"href":"https:\/\/boreait.com\/fr\/wp-json\/wp\/v2\/product"}],"about":[{"href":"https:\/\/boreait.com\/fr\/wp-json\/wp\/v2\/types\/product"}],"wp:featuredmedia":[{"embeddable":true,"href":"https:\/\/boreait.com\/fr\/wp-json\/wp\/v2\/media\/15628"}],"wp:attachment":[{"href":"https:\/\/boreait.com\/fr\/wp-json\/wp\/v2\/media?parent=15632"}],"wp:term":[{"taxonomy":"product_brand","embeddable":true,"href":"https:\/\/boreait.com\/fr\/wp-json\/wp\/v2\/product_brand?post=15632"},{"taxonomy":"product_cat","embeddable":true,"href":"https:\/\/boreait.com\/fr\/wp-json\/wp\/v2\/product_cat?post=15632"},{"taxonomy":"product_tag","embeddable":true,"href":"https:\/\/boreait.com\/fr\/wp-json\/wp\/v2\/product_tag?post=15632"}],"curies":[{"name":"wp","href":"https:\/\/api.w.org\/{rel}","templated":true}]}}