{"id":15629,"date":"2025-09-16T16:00:17","date_gmt":"2025-09-16T14:00:17","guid":{"rendered":"https:\/\/boreait.com\/fr\/?post_type=product&#038;p=15629"},"modified":"2025-09-16T16:00:34","modified_gmt":"2025-09-16T14:00:34","slug":"ecran-lcd-hp-m02082-001-161-fhd-144-hz-250-nits-mat-40-broches-avec-ruban-adhesif-neuf","status":"publish","type":"product","link":"https:\/\/boreait.com\/fr\/produit\/ecran-lcd-hp-m02082-001-161-fhd-144-hz-250-nits-mat-40-broches-avec-ruban-adhesif-neuf\/","title":{"rendered":"\u00c9cran LCD HP M02082-001 16,1&Prime; FHD 144 Hz 250 nits mat 40 broches avec ruban adh\u00e9sif, neuf"},"content":{"rendered":"<p><strong>Mod\u00e8le d&rsquo;\u00e9cran LCD actuel\u00a0: N161hma-gak REV. C3 ou n161hca-ga1 REV C.1 \u2013 ENTI\u00c8REMENT COMPATIBLE AVEC L&rsquo;\u00c9CRAN D&rsquo;ORDINATEUR PORTABLE HP M02082-001<\/p>\n<p>Optimisez l&rsquo;affichage de votre ordinateur portable avec l&rsquo;\u00e9cran LCD HP M02082-001 16,1&Prime;, con\u00e7u pour offrir une clart\u00e9 visuelle et des performances sup\u00e9rieures. Cet \u00e9cran offre une r\u00e9solution Full HD (1920 x 1080) avec un taux de rafra\u00eechissement de 144 Hz, garantissant des mouvements fluides et une r\u00e9duction du flou pour une exp\u00e9rience visuelle immersive, notamment lors d&rsquo;activit\u00e9s rapides comme les jeux ou la lecture vid\u00e9o. La luminosit\u00e9 de 250 nits garantit des images claires et \u00e9clatantes, m\u00eame dans des environnements bien \u00e9clair\u00e9s.<\/p>\n<p>La finition mate r\u00e9duit les reflets, pr\u00e9servant ainsi la vue lors d&rsquo;une utilisation prolong\u00e9e, tandis que le connecteur \u00e0 40 broches assure une connexion s\u00fbre et stable \u00e0 votre appareil. L&rsquo;installation est simple gr\u00e2ce au ruban adh\u00e9sif double-face fourni, vous permettant de remplacer facilement votre \u00e9cran existant sans n\u00e9cessiter d&rsquo;installation suppl\u00e9mentaire. Supports.<\/p>\n<p>Cet \u00e9cran LCD est neuf, vous garantissant un produit sans d\u00e9faut et pr\u00eat \u00e0 \u00eatre install\u00e9. Que vous souhaitiez mettre \u00e0 niveau votre \u00e9cran ou remplacer un \u00e9cran endommag\u00e9, le HP M02082-001 offre une solution fiable et de haute qualit\u00e9.<\/p>\n","protected":false},"excerpt":{"rendered":"<p>Am\u00e9liorez votre ordinateur portable avec l&rsquo;\u00e9cran LCD HP M02082-001 16,1&Prime;. Dot\u00e9 d&rsquo;un taux de rafra\u00eechissement FHD de 144 Hz, d&rsquo;une luminosit\u00e9 de 250 nits et d&rsquo;une finition mate, il offre des images fluides et \u00e9clatantes. Livr\u00e9 avec du ruban adh\u00e9sif double face pour une installation facile. \u00c9tat\u00a0: Neuf.<\/p>\n","protected":false},"featured_media":15628,"template":"","meta":[],"product_brand":[],"product_cat":[107,95],"product_tag":[],"class_list":{"0":"post-15629","1":"product","2":"type-product","3":"status-publish","4":"has-post-thumbnail","6":"product_cat-16-1","7":"product_cat-new-laptop-screens-lcd-panels","9":"first","10":"instock","11":"taxable","12":"shipping-taxable","13":"purchasable","14":"product-type-simple"},"_links":{"self":[{"href":"https:\/\/boreait.com\/fr\/wp-json\/wp\/v2\/product\/15629","targetHints":{"allow":["GET"]}}],"collection":[{"href":"https:\/\/boreait.com\/fr\/wp-json\/wp\/v2\/product"}],"about":[{"href":"https:\/\/boreait.com\/fr\/wp-json\/wp\/v2\/types\/product"}],"wp:featuredmedia":[{"embeddable":true,"href":"https:\/\/boreait.com\/fr\/wp-json\/wp\/v2\/media\/15628"}],"wp:attachment":[{"href":"https:\/\/boreait.com\/fr\/wp-json\/wp\/v2\/media?parent=15629"}],"wp:term":[{"taxonomy":"product_brand","embeddable":true,"href":"https:\/\/boreait.com\/fr\/wp-json\/wp\/v2\/product_brand?post=15629"},{"taxonomy":"product_cat","embeddable":true,"href":"https:\/\/boreait.com\/fr\/wp-json\/wp\/v2\/product_cat?post=15629"},{"taxonomy":"product_tag","embeddable":true,"href":"https:\/\/boreait.com\/fr\/wp-json\/wp\/v2\/product_tag?post=15629"}],"curies":[{"name":"wp","href":"https:\/\/api.w.org\/{rel}","templated":true}]}}