{"id":15626,"date":"2025-09-16T15:59:47","date_gmt":"2025-09-16T13:59:47","guid":{"rendered":"https:\/\/boreait.com\/fr\/?post_type=product&#038;p=15626"},"modified":"2025-09-16T16:00:33","modified_gmt":"2025-09-16T14:00:33","slug":"ecran-lcd-nv161fhm-ny1-ny3-nx2-161-fhd-144-hz-40-broches-mat-avec-ruban-adhesif-neuf","status":"publish","type":"product","link":"https:\/\/boreait.com\/fr\/produit\/ecran-lcd-nv161fhm-ny1-ny3-nx2-161-fhd-144-hz-40-broches-mat-avec-ruban-adhesif-neuf\/","title":{"rendered":"\u00c9cran LCD NV161FHM-NY1\/NY3\/NX2 16,1&Prime; FHD 144 Hz, 40 broches, mat, avec ruban adh\u00e9sif, neuf"},"content":{"rendered":"<p><strong>Mod\u00e8le d&rsquo;\u00e9cran LCD actuel\u00a0: N161hma-gak REV. C3 ou n161hca-ga1 REV C.1 \u2013 ENTI\u00c8REMENT COMPATIBLE AVEC L&rsquo;\u00c9CRAN D&rsquo;ORDINATEUR PORTABLE NV161FHM-NY1 NY3 NX2<\/p>\n<p>Am\u00e9liorez l&rsquo;exp\u00e9rience visuelle de votre ordinateur portable avec l&rsquo;\u00e9cran LCD 16,1&Prime; NV161FHM-NY1\/NY3\/NX2, con\u00e7u pour des performances et une clart\u00e9 exceptionnelles. Cet \u00e9cran offre une r\u00e9solution Full HD (1920 x 1080), garantissant des images nettes et d\u00e9taill\u00e9es, id\u00e9ales pour les t\u00e2ches quotidiennes et les contenus haute d\u00e9finition. Avec un taux de rafra\u00eechissement de 144 Hz, cet \u00e9cran offre des mouvements fluides, id\u00e9al pour les jeux et la lecture vid\u00e9o rapide.<\/p>\n<p>La finition mate r\u00e9duit les reflets, offrant une exp\u00e9rience visuelle confortable dans diverses conditions d&rsquo;\u00e9clairage, tandis que la luminosit\u00e9 de 250 nits garantit des images \u00e9clatantes. Cet \u00e9cran est \u00e9quip\u00e9 d&rsquo;un connecteur 40 broches et d&rsquo;un ruban adh\u00e9sif double-face pour une installation facile. Veuillez noter que cet \u00e9cran n&rsquo;inclut pas les parties sup\u00e9rieure et inf\u00e9rieure. Supports.<\/p>\n<p>Que vous remplaciez un \u00e9cran cass\u00e9 ou que vous souhaitiez le mettre \u00e0 niveau pour de meilleures performances, le NV161FHM-NY1\/NY3\/NX2 est un choix fiable qui r\u00e9pond \u00e0 vos besoins. \u00c9tat\u00a0: Neuf.<\/p>\n","protected":false},"excerpt":{"rendered":"<p>Am\u00e9liorez l&rsquo;affichage de votre ordinateur portable avec l&rsquo;\u00e9cran LCD 16,1&Prime; NV161FHM-NY1\/NY3\/NX2. Dot\u00e9 d&rsquo;une r\u00e9solution Full HD, d&rsquo;un taux de rafra\u00eechissement de 144 Hz et d&rsquo;une luminosit\u00e9 de 250 nits, il offre des images fluides et \u00e9clatantes. Livr\u00e9 avec du ruban adh\u00e9sif double face pour une installation facile. \u00c9tat\u00a0: Neuf.<\/p>\n","protected":false},"featured_media":15628,"template":"","meta":[],"product_brand":[],"product_cat":[107,95],"product_tag":[],"class_list":{"0":"post-15626","1":"product","2":"type-product","3":"status-publish","4":"has-post-thumbnail","6":"product_cat-16-1","7":"product_cat-new-laptop-screens-lcd-panels","9":"first","10":"instock","11":"taxable","12":"shipping-taxable","13":"purchasable","14":"product-type-simple"},"_links":{"self":[{"href":"https:\/\/boreait.com\/fr\/wp-json\/wp\/v2\/product\/15626","targetHints":{"allow":["GET"]}}],"collection":[{"href":"https:\/\/boreait.com\/fr\/wp-json\/wp\/v2\/product"}],"about":[{"href":"https:\/\/boreait.com\/fr\/wp-json\/wp\/v2\/types\/product"}],"wp:featuredmedia":[{"embeddable":true,"href":"https:\/\/boreait.com\/fr\/wp-json\/wp\/v2\/media\/15628"}],"wp:attachment":[{"href":"https:\/\/boreait.com\/fr\/wp-json\/wp\/v2\/media?parent=15626"}],"wp:term":[{"taxonomy":"product_brand","embeddable":true,"href":"https:\/\/boreait.com\/fr\/wp-json\/wp\/v2\/product_brand?post=15626"},{"taxonomy":"product_cat","embeddable":true,"href":"https:\/\/boreait.com\/fr\/wp-json\/wp\/v2\/product_cat?post=15626"},{"taxonomy":"product_tag","embeddable":true,"href":"https:\/\/boreait.com\/fr\/wp-json\/wp\/v2\/product_tag?post=15626"}],"curies":[{"name":"wp","href":"https:\/\/api.w.org\/{rel}","templated":true}]}}