{"id":15624,"date":"2025-09-16T15:59:46","date_gmt":"2025-09-16T13:59:46","guid":{"rendered":"https:\/\/boreait.com\/fr\/?post_type=product&#038;p=15624"},"modified":"2025-09-16T16:00:14","modified_gmt":"2025-09-16T14:00:14","slug":"ecran-lcd-161-fhd-144-hz-mat-n161hma-gak-rev-c3-40-broches-avec-ruban-adhesif-neuf","status":"publish","type":"product","link":"https:\/\/boreait.com\/fr\/produit\/ecran-lcd-161-fhd-144-hz-mat-n161hma-gak-rev-c3-40-broches-avec-ruban-adhesif-neuf\/","title":{"rendered":"\u00c9cran LCD 16,1&Prime; FHD 144 Hz mat N161HMA-GAK REV. C3, 40 broches, avec ruban adh\u00e9sif, neuf"},"content":{"rendered":"<p>Am\u00e9liorez les performances d&rsquo;affichage de votre ordinateur portable avec l&rsquo;\u00e9cran LCD 16,1&Prime; N161HMA-GAK REV. C3. Con\u00e7u pour offrir des images \u00e9poustouflantes, cet \u00e9cran offre une r\u00e9solution Full HD (1920 x 1080) avec un taux de rafra\u00eechissement de 144 Hz, garantissant des mouvements fluides pour tous vos contenus. Sa luminosit\u00e9 de 250 nits le rend id\u00e9al dans diverses conditions d&rsquo;\u00e9clairage, offrant des images claires et \u00e9clatantes.<\/p>\n<p>Sa finition mate r\u00e9duit les reflets, offrant une exp\u00e9rience visuelle confortable, m\u00eame dans les environnements lumineux. Cet \u00e9cran se connecte via une interface \u00e0 40 broches, garantissant sa compatibilit\u00e9 avec une large gamme de mod\u00e8les d&rsquo;ordinateurs portables. L&#8217;emballage comprend du ruban adh\u00e9sif double-face pour une installation facile et un remplacement ou une mise \u00e0 niveau rapide de l&rsquo;\u00e9cran de votre ordinateur portable.<\/p>\n<p>Veuillez noter que cet \u00e9cran est livr\u00e9 sans supports sup\u00e9rieur et inf\u00e9rieur. Il est neuf, vous garantissant un produit impeccable, pr\u00eat \u00e0 \u00eatre install\u00e9 et utilis\u00e9.<\/p>\n","protected":false},"excerpt":{"rendered":"<p>Am\u00e9liorez votre ordinateur portable avec l&rsquo;\u00e9cran LCD 16,1&Prime; N161HMA-GAK REV. C3. Dot\u00e9 d&rsquo;une r\u00e9solution Full HD, d&rsquo;un taux de rafra\u00eechissement de 144 Hz et d&rsquo;une luminosit\u00e9 de 250 nits, cet \u00e9cran mat offre des images fluides et \u00e9clatantes. Livr\u00e9 avec du ruban adh\u00e9sif double face pour une installation facile. \u00c9tat\u00a0: Neuf.<\/p>\n","protected":false},"featured_media":15628,"template":"","meta":[],"product_brand":[],"product_cat":[107,95],"product_tag":[],"class_list":{"0":"post-15624","1":"product","2":"type-product","3":"status-publish","4":"has-post-thumbnail","6":"product_cat-16-1","7":"product_cat-new-laptop-screens-lcd-panels","9":"first","10":"instock","11":"taxable","12":"shipping-taxable","13":"purchasable","14":"product-type-simple"},"_links":{"self":[{"href":"https:\/\/boreait.com\/fr\/wp-json\/wp\/v2\/product\/15624","targetHints":{"allow":["GET"]}}],"collection":[{"href":"https:\/\/boreait.com\/fr\/wp-json\/wp\/v2\/product"}],"about":[{"href":"https:\/\/boreait.com\/fr\/wp-json\/wp\/v2\/types\/product"}],"wp:featuredmedia":[{"embeddable":true,"href":"https:\/\/boreait.com\/fr\/wp-json\/wp\/v2\/media\/15628"}],"wp:attachment":[{"href":"https:\/\/boreait.com\/fr\/wp-json\/wp\/v2\/media?parent=15624"}],"wp:term":[{"taxonomy":"product_brand","embeddable":true,"href":"https:\/\/boreait.com\/fr\/wp-json\/wp\/v2\/product_brand?post=15624"},{"taxonomy":"product_cat","embeddable":true,"href":"https:\/\/boreait.com\/fr\/wp-json\/wp\/v2\/product_cat?post=15624"},{"taxonomy":"product_tag","embeddable":true,"href":"https:\/\/boreait.com\/fr\/wp-json\/wp\/v2\/product_tag?post=15624"}],"curies":[{"name":"wp","href":"https:\/\/api.w.org\/{rel}","templated":true}]}}