{"id":15620,"date":"2025-09-16T15:59:46","date_gmt":"2025-09-16T13:59:46","guid":{"rendered":"https:\/\/boreait.com\/fr\/?post_type=product&#038;p=15620"},"modified":"2025-09-16T15:59:59","modified_gmt":"2025-09-16T13:59:59","slug":"ecran-lcd-led-wxga-brillant-40-broches-avec-supports-pour-dell-inspiron-15r-3521-156","status":"publish","type":"product","link":"https:\/\/boreait.com\/fr\/produit\/ecran-lcd-led-wxga-brillant-40-broches-avec-supports-pour-dell-inspiron-15r-3521-156\/","title":{"rendered":"\u00c9cran LCD LED WXGA brillant 40 broches avec supports pour Dell Inspiron 15R 3521 15,6&Prime;"},"content":{"rendered":"<p>Mod\u00e8le d&rsquo;\u00e9cran LCD actuel\u00a0: AU Optronics B156xw04 v.5 ou n156bge-l31 rev c.1 \u2013 ENTI\u00c8REMENT COMPATIBLE AVEC L&rsquo;\u00c9CRAN D&rsquo;ORDINATEUR PORTABLE Dell Inspiron 15R, 15 3521<\/p>\n<p>Optimisez la performance de votre ordinateur portable Dell Inspiron 15R ou 15 3521 avec un tout nouvel \u00e9cran LCD brillant WXGA de 15,6 pouces. Cet \u00e9cran de remplacement offre une r\u00e9solution WXGA exceptionnelle, offrant des images claires et \u00e9clatantes, avec une finition brillante qui rehausse la richesse des couleurs et les d\u00e9tails. Le r\u00e9tro\u00e9clairage LED garantit une efficacit\u00e9 \u00e9nerg\u00e9tique optimale et un affichage lumineux, id\u00e9al pour une utilisation quotidienne et pour le divertissement.<\/p>\n<p>Con\u00e7u pour une compatibilit\u00e9 optimale, cet \u00e9cran est livr\u00e9 avec des supports sup\u00e9rieurs et inf\u00e9rieurs, pour une installation simple et s\u00e9curis\u00e9e. Le connecteur 40 broches garantit une connexion fiable \u00e0 la carte m\u00e8re de votre ordinateur portable, garantissant des performances stables. Que vous souhaitiez remplacer un \u00e9cran endommag\u00e9 ou le mettre \u00e0 niveau pour une meilleure exp\u00e9rience visuelle, cet \u00e9cran LCD est la solution id\u00e9ale. Ajustement parfait.<\/p>\n<p>L&rsquo;\u00e9cran est neuf, vous garantissant un produit de haute qualit\u00e9, exempt de d\u00e9fauts et pr\u00eat \u00e0 l&#8217;emploi d\u00e8s sa sortie de la bo\u00eete.<\/p>\n","protected":false},"excerpt":{"rendered":"<p>Am\u00e9liorez votre Dell Inspiron 15R, 15 3521 avec cet \u00e9cran LCD brillant WXGA 15,6&Prime;. Dot\u00e9 d&rsquo;un r\u00e9tro\u00e9clairage LED et d&rsquo;un connecteur 40 broches, il est livr\u00e9 avec des supports sup\u00e9rieurs et inf\u00e9rieurs pour une installation facile. \u00c9tat\u00a0: Neuf.<\/p>\n","protected":false},"featured_media":15627,"template":"","meta":[],"product_brand":[],"product_cat":[105,95],"product_tag":[],"class_list":{"0":"post-15620","1":"product","2":"type-product","3":"status-publish","4":"has-post-thumbnail","6":"product_cat-15-6-new-laptop-screens-lcd-panels","7":"product_cat-new-laptop-screens-lcd-panels","9":"first","10":"instock","11":"taxable","12":"shipping-taxable","13":"purchasable","14":"product-type-simple"},"_links":{"self":[{"href":"https:\/\/boreait.com\/fr\/wp-json\/wp\/v2\/product\/15620","targetHints":{"allow":["GET"]}}],"collection":[{"href":"https:\/\/boreait.com\/fr\/wp-json\/wp\/v2\/product"}],"about":[{"href":"https:\/\/boreait.com\/fr\/wp-json\/wp\/v2\/types\/product"}],"wp:featuredmedia":[{"embeddable":true,"href":"https:\/\/boreait.com\/fr\/wp-json\/wp\/v2\/media\/15627"}],"wp:attachment":[{"href":"https:\/\/boreait.com\/fr\/wp-json\/wp\/v2\/media?parent=15620"}],"wp:term":[{"taxonomy":"product_brand","embeddable":true,"href":"https:\/\/boreait.com\/fr\/wp-json\/wp\/v2\/product_brand?post=15620"},{"taxonomy":"product_cat","embeddable":true,"href":"https:\/\/boreait.com\/fr\/wp-json\/wp\/v2\/product_cat?post=15620"},{"taxonomy":"product_tag","embeddable":true,"href":"https:\/\/boreait.com\/fr\/wp-json\/wp\/v2\/product_tag?post=15620"}],"curies":[{"name":"wp","href":"https:\/\/api.w.org\/{rel}","templated":true}]}}