{"id":15619,"date":"2025-09-16T15:59:45","date_gmt":"2025-09-16T13:59:45","guid":{"rendered":"https:\/\/boreait.com\/fr\/?post_type=product&#038;p=15619"},"modified":"2025-09-16T15:59:59","modified_gmt":"2025-09-16T13:59:59","slug":"ecran-lcd-led-brillant-wxga-156-pour-hp-probook-450-g1-40-broches-avec-supports-neuf","status":"publish","type":"product","link":"https:\/\/boreait.com\/fr\/produit\/ecran-lcd-led-brillant-wxga-156-pour-hp-probook-450-g1-40-broches-avec-supports-neuf\/","title":{"rendered":"\u00c9cran LCD LED brillant WXGA 15,6&Prime; pour HP ProBook 450 G1, 40 broches, avec supports, neuf"},"content":{"rendered":"<p>Mod\u00e8le d&rsquo;\u00e9cran LCD actuel\u00a0: AU Optronics B156xw04 v.5 ou n156bge-l31 rev c.1 \u2013 ENTI\u00c8REMENT COMPATIBLE AVEC L&rsquo;\u00c9CRAN D&rsquo;ORDINATEUR PORTABLE HP ProBook s\u00e9rie 450 G1<\/p>\n<p>Am\u00e9liorez la qualit\u00e9 d&rsquo;affichage de votre HP ProBook s\u00e9rie 450 G1 avec ce tout nouvel \u00e9cran LCD 15,6 pouces. Con\u00e7u pour une adaptation parfaite, cet \u00e9cran pr\u00e9sente une finition brillante qui offre des images nettes et \u00e9clatantes, id\u00e9ales pour le travail comme pour les loisirs.<\/p>\n<p>Avec une r\u00e9solution WXGA, cet \u00e9cran offre des images claires et d\u00e9taill\u00e9es, garantissant une exp\u00e9rience visuelle agr\u00e9able. Le r\u00e9tro\u00e9clairage LED assure une luminosit\u00e9 constante, tandis que le connecteur 40 broches assure une connexion stable \u00e0 votre ordinateur portable. De plus, l&rsquo;\u00e9cran est livr\u00e9 avec des supports sup\u00e9rieurs et inf\u00e9rieurs pr\u00e9-install\u00e9s, pour une installation simple et sans tracas.<\/p>\n<p>Cet \u00e9cran LCD est neuf, vous garantissant un produit de haute qualit\u00e9, sans d\u00e9faut et pr\u00eat \u00e0 \u00eatre utilis\u00e9. installation. C&rsquo;est un remplacement id\u00e9al pour un \u00e9cran endommag\u00e9 ou une mise \u00e0 niveau pour am\u00e9liorer les performances d&rsquo;affichage de votre ordinateur portable.<\/p>\n","protected":false},"excerpt":{"rendered":"<p>Am\u00e9liorez votre HP ProBook s\u00e9rie 450 G1 avec un nouvel \u00e9cran LCD brillant de 15,6 pouces. Cet \u00e9cran LED WXGA est livr\u00e9 avec des supports sup\u00e9rieur et inf\u00e9rieur et dispose d&rsquo;un connecteur 40 broches. \u00c9tat\u00a0: Neuf.<\/p>\n","protected":false},"featured_media":15627,"template":"","meta":[],"product_brand":[],"product_cat":[105,95],"product_tag":[],"class_list":{"0":"post-15619","1":"product","2":"type-product","3":"status-publish","4":"has-post-thumbnail","6":"product_cat-15-6-new-laptop-screens-lcd-panels","7":"product_cat-new-laptop-screens-lcd-panels","9":"first","10":"instock","11":"taxable","12":"shipping-taxable","13":"purchasable","14":"product-type-simple"},"_links":{"self":[{"href":"https:\/\/boreait.com\/fr\/wp-json\/wp\/v2\/product\/15619","targetHints":{"allow":["GET"]}}],"collection":[{"href":"https:\/\/boreait.com\/fr\/wp-json\/wp\/v2\/product"}],"about":[{"href":"https:\/\/boreait.com\/fr\/wp-json\/wp\/v2\/types\/product"}],"wp:featuredmedia":[{"embeddable":true,"href":"https:\/\/boreait.com\/fr\/wp-json\/wp\/v2\/media\/15627"}],"wp:attachment":[{"href":"https:\/\/boreait.com\/fr\/wp-json\/wp\/v2\/media?parent=15619"}],"wp:term":[{"taxonomy":"product_brand","embeddable":true,"href":"https:\/\/boreait.com\/fr\/wp-json\/wp\/v2\/product_brand?post=15619"},{"taxonomy":"product_cat","embeddable":true,"href":"https:\/\/boreait.com\/fr\/wp-json\/wp\/v2\/product_cat?post=15619"},{"taxonomy":"product_tag","embeddable":true,"href":"https:\/\/boreait.com\/fr\/wp-json\/wp\/v2\/product_tag?post=15619"}],"curies":[{"name":"wp","href":"https:\/\/api.w.org\/{rel}","templated":true}]}}