{"id":15618,"date":"2025-09-16T15:59:45","date_gmt":"2025-09-16T13:59:45","guid":{"rendered":"https:\/\/boreait.com\/fr\/?post_type=product&#038;p=15618"},"modified":"2025-09-16T15:59:59","modified_gmt":"2025-09-16T13:59:59","slug":"ecran-lcd-asus-156-wxga-brillant-40-broches-f55l-x55ld-x550c-avec-supports-neuf","status":"publish","type":"product","link":"https:\/\/boreait.com\/fr\/produit\/ecran-lcd-asus-156-wxga-brillant-40-broches-f55l-x55ld-x550c-avec-supports-neuf\/","title":{"rendered":"\u00c9cran LCD Asus 15,6&Prime; WXGA brillant 40 broches F55L X55LD X550C avec supports, neuf"},"content":{"rendered":"<p>Mod\u00e8le d&rsquo;\u00e9cran LCD actuel\u00a0: AU Optronics B156xw04 v.5 ou n156bge-l31 rev c.1 \u2013 ENTI\u00c8REMENT COMPATIBLE AVEC LES ORDINATEURS PORTABLES Asus F55L X55LD X550C S56CA X555L X502C<\/p>\n<p>Am\u00e9liorez votre exp\u00e9rience visuelle avec ce tout nouvel \u00e9cran LCD brillant WXGA 15,6 pouces, con\u00e7u pour la gamme d&rsquo;ordinateurs portables Asus, notamment les mod\u00e8les F55L, X55LD, X550C, S56CA, X555L et X502C. Avec une r\u00e9solution de 1366 x 768, cet \u00e9cran offre des images claires et \u00e9clatantes, id\u00e9ales pour le travail comme pour les loisirs.<\/p>\n<p>Sa finition brillante offre un affichage lumineux et \u00e9clatant, donnant vie \u00e0 vos contenus avec des couleurs et une nettet\u00e9 exceptionnelles. Le r\u00e9tro\u00e9clairage LED garantit une efficacit\u00e9 \u00e9nerg\u00e9tique optimale et une dur\u00e9e de vie prolong\u00e9e, ce qui en fait un choix fiable au quotidien. Utilisation.<\/p>\n<p>Cet \u00e9cran LCD est livr\u00e9 avec des supports sup\u00e9rieurs et inf\u00e9rieurs pour une installation facile, et le connecteur 40 broches garantit un ajustement parfait \u00e0 votre appareil. Que vous remplaciez un \u00e9cran endommag\u00e9 ou que vous le mettiez \u00e0 niveau, ce produit offre qualit\u00e9 et durabilit\u00e9.<\/p>\n<p>Veuillez noter que cet \u00e9cran est neuf, vous garantissant ainsi un produit impeccable, pr\u00eat \u00e0 \u00eatre install\u00e9.<\/p>\n","protected":false},"excerpt":{"rendered":"<p>Am\u00e9liorez votre ordinateur portable Asus avec cet \u00e9cran LCD brillant WXGA 15,6 pouces, compatible avec les mod\u00e8les F55L, X55LD, X550C, S56CA, X555L et X502C. Il dispose d&rsquo;un r\u00e9tro\u00e9clairage LED, d&rsquo;une connexion 40 broches et est livr\u00e9 avec des supports sup\u00e9rieur et inf\u00e9rieur. \u00c9tat : Neuf.<\/p>\n","protected":false},"featured_media":15627,"template":"","meta":[],"product_brand":[],"product_cat":[105,95],"product_tag":[66],"class_list":{"0":"post-15618","1":"product","2":"type-product","3":"status-publish","4":"has-post-thumbnail","6":"product_cat-15-6-new-laptop-screens-lcd-panels","7":"product_cat-new-laptop-screens-lcd-panels","8":"product_tag-asus","10":"first","11":"instock","12":"taxable","13":"shipping-taxable","14":"purchasable","15":"product-type-simple"},"_links":{"self":[{"href":"https:\/\/boreait.com\/fr\/wp-json\/wp\/v2\/product\/15618","targetHints":{"allow":["GET"]}}],"collection":[{"href":"https:\/\/boreait.com\/fr\/wp-json\/wp\/v2\/product"}],"about":[{"href":"https:\/\/boreait.com\/fr\/wp-json\/wp\/v2\/types\/product"}],"wp:featuredmedia":[{"embeddable":true,"href":"https:\/\/boreait.com\/fr\/wp-json\/wp\/v2\/media\/15627"}],"wp:attachment":[{"href":"https:\/\/boreait.com\/fr\/wp-json\/wp\/v2\/media?parent=15618"}],"wp:term":[{"taxonomy":"product_brand","embeddable":true,"href":"https:\/\/boreait.com\/fr\/wp-json\/wp\/v2\/product_brand?post=15618"},{"taxonomy":"product_cat","embeddable":true,"href":"https:\/\/boreait.com\/fr\/wp-json\/wp\/v2\/product_cat?post=15618"},{"taxonomy":"product_tag","embeddable":true,"href":"https:\/\/boreait.com\/fr\/wp-json\/wp\/v2\/product_tag?post=15618"}],"curies":[{"name":"wp","href":"https:\/\/api.w.org\/{rel}","templated":true}]}}