{"id":15615,"date":"2025-09-16T15:59:45","date_gmt":"2025-09-16T13:59:45","guid":{"rendered":"https:\/\/boreait.com\/fr\/?post_type=product&#038;p=15615"},"modified":"2025-09-16T15:59:57","modified_gmt":"2025-09-16T13:59:57","slug":"ecran-lcd-led-brillant-dell-0m4tk3-n3kmp-156-wxga-avec-supports-neuf","status":"publish","type":"product","link":"https:\/\/boreait.com\/fr\/produit\/ecran-lcd-led-brillant-dell-0m4tk3-n3kmp-156-wxga-avec-supports-neuf\/","title":{"rendered":"\u00c9cran LCD LED brillant Dell 0M4TK3 N3KMP 15,6&Prime; WXGA avec supports, neuf"},"content":{"rendered":"<p>Mod\u00e8le d&rsquo;\u00e9cran LCD actuel\u00a0: AU Optronics B156xw04 v.5 ou n156bge-l31 rev c.1 \u2013 ENTI\u00c8REMENT COMPATIBLE AVEC L&rsquo;\u00c9CRAN D&rsquo;ORDINATEUR PORTABLE Dell 0M4TK3 N3KMP 0N3KMP<\/p>\n<p>Am\u00e9liorez la qualit\u00e9 d&rsquo;affichage de votre ordinateur portable avec l&rsquo;\u00e9cran LCD Dell 0M4TK3 N3KMP 0N3KMP 15,6 pouces. Cet \u00e9cran haute qualit\u00e9 offre une r\u00e9solution WXGA, offrant des images claires et nettes qui subliment votre contenu. Sa finition brillante lui conf\u00e8re une esth\u00e9tique \u00e9l\u00e9gante et am\u00e9liore l&rsquo;\u00e9clat des couleurs, ce qui le rend id\u00e9al pour la consommation multim\u00e9dia et l&rsquo;utilisation g\u00e9n\u00e9rale.<\/p>\n<p>L&rsquo;\u00e9cran est dot\u00e9 d&rsquo;un r\u00e9tro\u00e9clairage LED qui am\u00e9liore non seulement la luminosit\u00e9, mais contribue \u00e9galement \u00e0 l&rsquo;efficacit\u00e9 \u00e9nerg\u00e9tique et prolonge l&rsquo;autonomie de la batterie de votre appareil. Dot\u00e9 d&rsquo;un connecteur 40 broches, cet \u00e9cran est compatible avec diff\u00e9rents mod\u00e8les d&rsquo;ordinateurs portables Dell, garantissant une connexion stable et s\u00e9curis\u00e9e.<\/p>\n<p>Cet \u00e9cran est fourni avec des supports sup\u00e9rieur et inf\u00e9rieur. Simplifiez l&rsquo;installation et assurez une installation parfaite sur votre ordinateur portable. Que vous remplaciez un \u00e9cran endommag\u00e9 ou que vous mettiez \u00e0 niveau votre \u00e9cran actuel, l&rsquo;\u00e9cran Dell 0M4TK3 N3KMP 0N3KMP est un choix fiable et performant.<\/p>\n<p>Cet \u00e9cran est neuf, vous avez donc l&rsquo;assurance de recevoir un produit sans d\u00e9faut, pr\u00eat \u00e0 vous offrir une exp\u00e9rience visuelle exceptionnelle.<\/p>\n","protected":false},"excerpt":{"rendered":"<p>Am\u00e9liorez votre ordinateur portable avec l&rsquo;\u00e9cran LCD Dell 0M4TK3 N3KMP 0N3KMP 15,6&Prime;. Cet \u00e9cran WXGA brillant est dot\u00e9 d&rsquo;un r\u00e9tro\u00e9clairage LED et d&rsquo;un connecteur 40 broches. Il est fourni avec des supports sup\u00e9rieurs et inf\u00e9rieurs pour une installation facile. \u00c9tat\u00a0: neuf.<\/p>\n","protected":false},"featured_media":15627,"template":"","meta":[],"product_brand":[],"product_cat":[105,95],"product_tag":[],"class_list":{"0":"post-15615","1":"product","2":"type-product","3":"status-publish","4":"has-post-thumbnail","6":"product_cat-15-6-new-laptop-screens-lcd-panels","7":"product_cat-new-laptop-screens-lcd-panels","9":"first","10":"instock","11":"taxable","12":"shipping-taxable","13":"purchasable","14":"product-type-simple"},"_links":{"self":[{"href":"https:\/\/boreait.com\/fr\/wp-json\/wp\/v2\/product\/15615","targetHints":{"allow":["GET"]}}],"collection":[{"href":"https:\/\/boreait.com\/fr\/wp-json\/wp\/v2\/product"}],"about":[{"href":"https:\/\/boreait.com\/fr\/wp-json\/wp\/v2\/types\/product"}],"wp:featuredmedia":[{"embeddable":true,"href":"https:\/\/boreait.com\/fr\/wp-json\/wp\/v2\/media\/15627"}],"wp:attachment":[{"href":"https:\/\/boreait.com\/fr\/wp-json\/wp\/v2\/media?parent=15615"}],"wp:term":[{"taxonomy":"product_brand","embeddable":true,"href":"https:\/\/boreait.com\/fr\/wp-json\/wp\/v2\/product_brand?post=15615"},{"taxonomy":"product_cat","embeddable":true,"href":"https:\/\/boreait.com\/fr\/wp-json\/wp\/v2\/product_cat?post=15615"},{"taxonomy":"product_tag","embeddable":true,"href":"https:\/\/boreait.com\/fr\/wp-json\/wp\/v2\/product_tag?post=15615"}],"curies":[{"name":"wp","href":"https:\/\/api.w.org\/{rel}","templated":true}]}}