{"id":15614,"date":"2025-09-16T15:59:45","date_gmt":"2025-09-16T13:59:45","guid":{"rendered":"https:\/\/boreait.com\/fr\/?post_type=product&#038;p=15614"},"modified":"2025-09-16T15:59:57","modified_gmt":"2025-09-16T13:59:57","slug":"ecran-lcd-hp-724940-001-156-wxga-led-brillant-avec-supports-40-broches-neuf","status":"publish","type":"product","link":"https:\/\/boreait.com\/fr\/produit\/ecran-lcd-hp-724940-001-156-wxga-led-brillant-avec-supports-40-broches-neuf\/","title":{"rendered":"\u00c9cran LCD HP 724940-001 15,6&Prime; WXGA LED brillant avec supports 40 broches, neuf"},"content":{"rendered":"<p>Mod\u00e8le d&rsquo;\u00e9cran LCD actuel\u00a0: AU Optronics B156xw04 v.5 ou n156bge-l31 rev c.1 \u2013 ENTI\u00c8REMENT COMPATIBLE AVEC L&rsquo;\u00c9CRAN D&rsquo;ORDINATEUR PORTABLE HP 724940-001<\/p>\n<p>Optimisez l&rsquo;affichage de votre ordinateur portable avec l&rsquo;\u00e9cran LCD HP 724940-001 15,6 pouces, con\u00e7u pour une clart\u00e9 et des images \u00e9clatantes. Cet \u00e9cran offre une r\u00e9solution WXGA (1366 x 768), offrant des images nettes et des couleurs vives, id\u00e9al pour le travail comme pour les loisirs. Sa finition brillante lui conf\u00e8re une esth\u00e9tique \u00e9l\u00e9gante et rehausse l&rsquo;\u00e9clat des couleurs, donnant vie \u00e0 votre \u00e9cran.<\/p>\n<p>Le r\u00e9tro\u00e9clairage LED garantit une efficacit\u00e9 \u00e9nerg\u00e9tique optimale tout en offrant une luminosit\u00e9 constante sur l&rsquo;ensemble de l&rsquo;\u00e9cran. Dot\u00e9 d&rsquo;un connecteur 40 broches, cet \u00e9cran est compatible avec une large gamme de mod\u00e8les d&rsquo;ordinateurs portables. Les supports sup\u00e9rieur et inf\u00e9rieur inclus facilitent l&rsquo;installation et garantissent un maintien s\u00fbr.<\/p>\n<p>Que vous remplaciez un \u00e9cran endommag\u00e9 ou que vous le mettiez \u00e0 niveau Offrant une meilleure qualit\u00e9 d&rsquo;image, cet \u00e9cran LCD HP est un choix fiable. Il est neuf, garantissant un produit impeccable et pr\u00eat \u00e0 installer.<\/p>\n","protected":false},"excerpt":{"rendered":"<p>Am\u00e9liorez votre ordinateur portable avec l&rsquo;\u00e9cran LCD HP 724940-001 15,6&Prime;. Dot\u00e9 d&rsquo;une r\u00e9solution WXGA, d&rsquo;une finition brillante et d&rsquo;un r\u00e9tro\u00e9clairage LED, il offre des images \u00e9clatantes. Comprend des supports sup\u00e9rieur et inf\u00e9rieur et un connecteur 40 broches pour une installation facile. \u00c9tat\u00a0: Neuf.<\/p>\n","protected":false},"featured_media":15627,"template":"","meta":[],"product_brand":[],"product_cat":[105,95],"product_tag":[],"class_list":{"0":"post-15614","1":"product","2":"type-product","3":"status-publish","4":"has-post-thumbnail","6":"product_cat-15-6-new-laptop-screens-lcd-panels","7":"product_cat-new-laptop-screens-lcd-panels","9":"first","10":"instock","11":"taxable","12":"shipping-taxable","13":"purchasable","14":"product-type-simple"},"_links":{"self":[{"href":"https:\/\/boreait.com\/fr\/wp-json\/wp\/v2\/product\/15614","targetHints":{"allow":["GET"]}}],"collection":[{"href":"https:\/\/boreait.com\/fr\/wp-json\/wp\/v2\/product"}],"about":[{"href":"https:\/\/boreait.com\/fr\/wp-json\/wp\/v2\/types\/product"}],"wp:featuredmedia":[{"embeddable":true,"href":"https:\/\/boreait.com\/fr\/wp-json\/wp\/v2\/media\/15627"}],"wp:attachment":[{"href":"https:\/\/boreait.com\/fr\/wp-json\/wp\/v2\/media?parent=15614"}],"wp:term":[{"taxonomy":"product_brand","embeddable":true,"href":"https:\/\/boreait.com\/fr\/wp-json\/wp\/v2\/product_brand?post=15614"},{"taxonomy":"product_cat","embeddable":true,"href":"https:\/\/boreait.com\/fr\/wp-json\/wp\/v2\/product_cat?post=15614"},{"taxonomy":"product_tag","embeddable":true,"href":"https:\/\/boreait.com\/fr\/wp-json\/wp\/v2\/product_tag?post=15614"}],"curies":[{"name":"wp","href":"https:\/\/api.w.org\/{rel}","templated":true}]}}