{"id":15607,"date":"2025-09-16T15:59:44","date_gmt":"2025-09-16T13:59:44","guid":{"rendered":"https:\/\/boreait.com\/fr\/?post_type=product&#038;p=15607"},"modified":"2025-09-16T15:59:51","modified_gmt":"2025-09-16T13:59:51","slug":"asus-x540sa-xx174t-ecran-lcd-156-fhd-mat-edp-30-broches-avec-supports-neuf","status":"publish","type":"product","link":"https:\/\/boreait.com\/fr\/produit\/asus-x540sa-xx174t-ecran-lcd-156-fhd-mat-edp-30-broches-avec-supports-neuf\/","title":{"rendered":"ASUS X540SA-XX174T \u00c9cran LCD 15,6&Prime; FHD mat eDP 30 broches avec supports, neuf"},"content":{"rendered":"<p><strong><\/strong><\/p>\n<p>Am\u00e9liorez votre exp\u00e9rience visuelle avec cet \u00e9cran LCD FHD 15,6&Prime; haute qualit\u00e9, sp\u00e9cialement con\u00e7u pour l&rsquo;ASUS X540SA-XX174T. Dot\u00e9 d&rsquo;une r\u00e9solution Full HD (1920 x 1080), il offre des images nettes et claires, id\u00e9al pour le travail comme pour les loisirs.<\/p>\n<p>Sa finition mate r\u00e9duit les reflets et offre un confort visuel optimal dans diff\u00e9rentes conditions d&rsquo;\u00e9clairage. Gr\u00e2ce \u00e0 sa connexion eDP 30 broches, cet \u00e9cran assure une connexion fiable et stable \u00e0 votre appareil.<\/p>\n<p>Contrairement \u00e0 de nombreux \u00e9crans de remplacement, celui-ci est fourni avec des supports sup\u00e9rieur et inf\u00e9rieur, pour une installation simple et s\u00e9curis\u00e9e. Id\u00e9al pour remplacer un \u00e9cran endommag\u00e9 ou pour une mise \u00e0 niveau vers de meilleures performances visuelles.<\/p>\n<p>Cet \u00e9cran LCD non IPS offre une bonne qualit\u00e9 d&rsquo;affichage \u00e0 un prix plus abordable. Neuf, il vous garantit un produit en parfait \u00e9tat et pr\u00eat \u00e0 l&#8217;emploi. \u00e0 utiliser d\u00e8s la sortie de la bo\u00eete.<\/p>\n","protected":false},"excerpt":{"rendered":"<p>Am\u00e9liorez votre ASUS X540SA-XX174T avec cet \u00e9cran LCD FHD 15,6&Prime;. Dot\u00e9 d&rsquo;une finition mate, d&rsquo;une connexion eDP 30 broches et de supports sup\u00e9rieurs et inf\u00e9rieurs inclus, il offre des images claires et une installation facile. \u00c9tat\u00a0: Neuf.<\/p>\n","protected":false},"featured_media":15566,"template":"","meta":[],"product_brand":[],"product_cat":[105,95],"product_tag":[66],"class_list":{"0":"post-15607","1":"product","2":"type-product","3":"status-publish","4":"has-post-thumbnail","6":"product_cat-15-6-new-laptop-screens-lcd-panels","7":"product_cat-new-laptop-screens-lcd-panels","8":"product_tag-asus","10":"first","11":"instock","12":"taxable","13":"shipping-taxable","14":"purchasable","15":"product-type-simple"},"_links":{"self":[{"href":"https:\/\/boreait.com\/fr\/wp-json\/wp\/v2\/product\/15607","targetHints":{"allow":["GET"]}}],"collection":[{"href":"https:\/\/boreait.com\/fr\/wp-json\/wp\/v2\/product"}],"about":[{"href":"https:\/\/boreait.com\/fr\/wp-json\/wp\/v2\/types\/product"}],"wp:featuredmedia":[{"embeddable":true,"href":"https:\/\/boreait.com\/fr\/wp-json\/wp\/v2\/media\/15566"}],"wp:attachment":[{"href":"https:\/\/boreait.com\/fr\/wp-json\/wp\/v2\/media?parent=15607"}],"wp:term":[{"taxonomy":"product_brand","embeddable":true,"href":"https:\/\/boreait.com\/fr\/wp-json\/wp\/v2\/product_brand?post=15607"},{"taxonomy":"product_cat","embeddable":true,"href":"https:\/\/boreait.com\/fr\/wp-json\/wp\/v2\/product_cat?post=15607"},{"taxonomy":"product_tag","embeddable":true,"href":"https:\/\/boreait.com\/fr\/wp-json\/wp\/v2\/product_tag?post=15607"}],"curies":[{"name":"wp","href":"https:\/\/api.w.org\/{rel}","templated":true}]}}