{"id":15606,"date":"2025-09-16T15:59:43","date_gmt":"2025-09-16T13:59:43","guid":{"rendered":"https:\/\/boreait.com\/fr\/?post_type=product&#038;p=15606"},"modified":"2025-09-16T15:59:51","modified_gmt":"2025-09-16T13:59:51","slug":"ecran-lcd-mat-full-hd-156-pour-acer-aspire-e1-z5we1-avec-supports-edp-30-broches-neuf","status":"publish","type":"product","link":"https:\/\/boreait.com\/fr\/produit\/ecran-lcd-mat-full-hd-156-pour-acer-aspire-e1-z5we1-avec-supports-edp-30-broches-neuf\/","title":{"rendered":"\u00c9cran LCD mat Full HD 15,6&Prime; pour Acer Aspire E1 Z5WE1 avec supports eDP 30 broches, neuf"},"content":{"rendered":"<p><strong><\/strong><\/p>\n<p>Am\u00e9liorez l&rsquo;affichage de votre Acer Aspire E1 Z5WE1 avec cet \u00e9cran LCD FHD 15,6 pouces, con\u00e7u pour offrir des images claires et nettes. Sa finition mate r\u00e9duit les reflets, garantissant un confort visuel optimal dans diverses conditions d&rsquo;\u00e9clairage. Bien qu&rsquo;il ne s&rsquo;agisse pas d&rsquo;un \u00e9cran IPS, il offre une excellente qualit\u00e9 d&rsquo;image avec une r\u00e9solution Full HD (1920 x 1080), id\u00e9ale pour une utilisation quotidienne, que ce soit pour le travail, les \u00e9tudes ou les loisirs.<\/p>\n<p>L&rsquo;\u00e9cran est \u00e9quip\u00e9 d&rsquo;un connecteur eDP 30 broches, assurant une connexion stable et fiable \u00e0 votre appareil. Les supports sup\u00e9rieur et inf\u00e9rieur sont inclus, pour une installation simple et s\u00e9curis\u00e9e. Cet \u00e9cran LCD est id\u00e9al pour remplacer votre \u00e9cran ancien ou endommag\u00e9, garantissant \u00e0 votre ordinateur portable un aspect et un fonctionnement impeccables.<\/p>\n<p>\u00c9tat\u00a0: Neuf, sans d\u00e9faut, pr\u00eat \u00e0 vous aider \u00e0 retrouver votre Acer Aspire E1 Z5WE1. vie.<\/p>\n","protected":false},"excerpt":{"rendered":"<p>Am\u00e9liorez votre Acer Aspire E1 Z5WE1 avec un \u00e9cran LCD mat FHD de 15,6 pouces. Dot\u00e9 d&rsquo;une connexion eDP 30 broches, d&rsquo;un \u00e9cran non IPS et de supports sup\u00e9rieurs et inf\u00e9rieurs inclus pour une installation facile. \u00c9tat\u00a0: neuf.<\/p>\n","protected":false},"featured_media":15566,"template":"","meta":[],"product_brand":[],"product_cat":[105,95],"product_tag":[65],"class_list":{"0":"post-15606","1":"product","2":"type-product","3":"status-publish","4":"has-post-thumbnail","6":"product_cat-15-6-new-laptop-screens-lcd-panels","7":"product_cat-new-laptop-screens-lcd-panels","8":"product_tag-acer","10":"first","11":"instock","12":"taxable","13":"shipping-taxable","14":"purchasable","15":"product-type-simple"},"_links":{"self":[{"href":"https:\/\/boreait.com\/fr\/wp-json\/wp\/v2\/product\/15606","targetHints":{"allow":["GET"]}}],"collection":[{"href":"https:\/\/boreait.com\/fr\/wp-json\/wp\/v2\/product"}],"about":[{"href":"https:\/\/boreait.com\/fr\/wp-json\/wp\/v2\/types\/product"}],"wp:featuredmedia":[{"embeddable":true,"href":"https:\/\/boreait.com\/fr\/wp-json\/wp\/v2\/media\/15566"}],"wp:attachment":[{"href":"https:\/\/boreait.com\/fr\/wp-json\/wp\/v2\/media?parent=15606"}],"wp:term":[{"taxonomy":"product_brand","embeddable":true,"href":"https:\/\/boreait.com\/fr\/wp-json\/wp\/v2\/product_brand?post=15606"},{"taxonomy":"product_cat","embeddable":true,"href":"https:\/\/boreait.com\/fr\/wp-json\/wp\/v2\/product_cat?post=15606"},{"taxonomy":"product_tag","embeddable":true,"href":"https:\/\/boreait.com\/fr\/wp-json\/wp\/v2\/product_tag?post=15606"}],"curies":[{"name":"wp","href":"https:\/\/api.w.org\/{rel}","templated":true}]}}