{"id":15605,"date":"2025-09-16T15:59:43","date_gmt":"2025-09-16T13:59:43","guid":{"rendered":"https:\/\/boreait.com\/fr\/?post_type=product&#038;p=15605"},"modified":"2025-09-16T15:59:51","modified_gmt":"2025-09-16T13:59:51","slug":"hp-pavilion-15-au077sa-ecran-lcd-156-fhd-mat-edp-30-broches-avec-supports-neuf","status":"publish","type":"product","link":"https:\/\/boreait.com\/fr\/produit\/hp-pavilion-15-au077sa-ecran-lcd-156-fhd-mat-edp-30-broches-avec-supports-neuf\/","title":{"rendered":"HP Pavilion 15 AU077SA \u00c9cran LCD 15,6&Prime; FHD mat eDP 30 broches avec supports, neuf"},"content":{"rendered":"<p><strong><\/strong><\/p>\n<p>Am\u00e9liorez l&rsquo;affichage de votre ordinateur portable HP Pavilion 15 AU077SA avec cet \u00e9cran LCD 15,6&Prime; de haute qualit\u00e9. Con\u00e7u pour un ajustement parfait, cet \u00e9cran offre une r\u00e9solution Full HD (1920 x 1080) qui offre des images nettes et claires, pour une exp\u00e9rience utilisateur plus agr\u00e9able. Sa finition mate r\u00e9duit les reflets et assure un confort visuel optimal dans diff\u00e9rentes conditions d&rsquo;\u00e9clairage.<\/p>\n<p>Cet \u00e9cran utilise un connecteur eDP 30 broches pour des performances fiables et est fourni avec des supports sup\u00e9rieurs et inf\u00e9rieurs, pour une installation simple et s\u00e9curis\u00e9e. Bien qu&rsquo;il ne s&rsquo;agisse pas d&rsquo;un \u00e9cran IPS, il offre une excellente clart\u00e9 visuelle et des performances optimales pour les t\u00e2ches quotidiennes.<\/p>\n<p>Que vous remplaciez un \u00e9cran endommag\u00e9 ou que vous souhaitiez le remplacer pour un meilleur affichage, ce nouvel \u00e9cran LCD redonnera vie \u00e0 votre ordinateur portable avec des images \u00e9clatantes et d\u00e9taill\u00e9es.<\/p>\n","protected":false},"excerpt":{"rendered":"<p>Am\u00e9liorez votre HP Pavilion 15 AU077SA avec cet \u00e9cran LCD mat de 15,6 pouces. Dot\u00e9 d&rsquo;une r\u00e9solution Full HD, d&rsquo;une connexion eDP 30 broches et de supports sup\u00e9rieurs et inf\u00e9rieurs, cet \u00e9cran offre des images nettes pour votre ordinateur portable. \u00c9tat\u00a0: Neuf.<\/p>\n","protected":false},"featured_media":15566,"template":"","meta":[],"product_brand":[],"product_cat":[105,95],"product_tag":[],"class_list":{"0":"post-15605","1":"product","2":"type-product","3":"status-publish","4":"has-post-thumbnail","6":"product_cat-15-6-new-laptop-screens-lcd-panels","7":"product_cat-new-laptop-screens-lcd-panels","9":"first","10":"instock","11":"taxable","12":"shipping-taxable","13":"purchasable","14":"product-type-simple"},"_links":{"self":[{"href":"https:\/\/boreait.com\/fr\/wp-json\/wp\/v2\/product\/15605","targetHints":{"allow":["GET"]}}],"collection":[{"href":"https:\/\/boreait.com\/fr\/wp-json\/wp\/v2\/product"}],"about":[{"href":"https:\/\/boreait.com\/fr\/wp-json\/wp\/v2\/types\/product"}],"wp:featuredmedia":[{"embeddable":true,"href":"https:\/\/boreait.com\/fr\/wp-json\/wp\/v2\/media\/15566"}],"wp:attachment":[{"href":"https:\/\/boreait.com\/fr\/wp-json\/wp\/v2\/media?parent=15605"}],"wp:term":[{"taxonomy":"product_brand","embeddable":true,"href":"https:\/\/boreait.com\/fr\/wp-json\/wp\/v2\/product_brand?post=15605"},{"taxonomy":"product_cat","embeddable":true,"href":"https:\/\/boreait.com\/fr\/wp-json\/wp\/v2\/product_cat?post=15605"},{"taxonomy":"product_tag","embeddable":true,"href":"https:\/\/boreait.com\/fr\/wp-json\/wp\/v2\/product_tag?post=15605"}],"curies":[{"name":"wp","href":"https:\/\/api.w.org\/{rel}","templated":true}]}}