{"id":15595,"date":"2025-09-16T15:59:30","date_gmt":"2025-09-16T13:59:30","guid":{"rendered":"https:\/\/boreait.com\/fr\/?post_type=product&#038;p=15595"},"modified":"2025-09-16T15:59:40","modified_gmt":"2025-09-16T13:59:40","slug":"ecran-lcd-mat-fhd-156-pour-dell-inspiron-15-serie-3000-avec-supports-neuf","status":"publish","type":"product","link":"https:\/\/boreait.com\/fr\/produit\/ecran-lcd-mat-fhd-156-pour-dell-inspiron-15-serie-3000-avec-supports-neuf\/","title":{"rendered":"\u00c9cran LCD mat FHD 15,6&Prime; pour Dell Inspiron 15 s\u00e9rie 3000 avec supports, neuf"},"content":{"rendered":"<p><strong><\/strong><\/p>\n<p>Optimisez la performance de votre ordinateur portable Dell Inspiron 15 s\u00e9rie 3000 avec cet \u00e9cran LCD 15,6&Prime; haute qualit\u00e9, sp\u00e9cialement con\u00e7u pour les mod\u00e8les 3543, 3552, I3552-5240BLK et I3552-9240BLK. Offrant une r\u00e9solution Full HD (1920 x 1080), cet \u00e9cran offre des images nettes et claires, id\u00e9ales pour le travail comme pour les loisirs.<\/p>\n<p>Sa finition mate r\u00e9duit les reflets, garantissant un confort visuel optimal, m\u00eame dans des environnements lumineux. Gr\u00e2ce \u00e0 sa connexion eDP 30 broches, cet \u00e9cran garantit une connexion fiable et fluide \u00e0 votre appareil. Bien qu&rsquo;il ne s&rsquo;agisse pas d&rsquo;un \u00e9cran IPS, il offre une excellente pr\u00e9cision des couleurs et une excellente luminosit\u00e9.<\/p>\n<p>Cet \u00e9cran de remplacement est fourni avec des supports sup\u00e9rieur et inf\u00e9rieur, pour une installation simple et s\u00e9curis\u00e9e. Id\u00e9al pour remplacer un \u00e9cran endommag\u00e9 ou obsol\u00e8te, cet \u00e9cran Le nouvel \u00e9cran LCD restaurera la qualit\u00e9 d&rsquo;affichage de votre ordinateur portable \u00e0 sa gloire d&rsquo;origine.<\/p>\n","protected":false},"excerpt":{"rendered":"<p>Am\u00e9liorez votre Dell Inspiron 15 s\u00e9rie 3000 avec un \u00e9cran LCD mat FHD de 15,6 pouces. Compatible avec les mod\u00e8les 3543, 3552, I3552-5240BLK et I3552-9240BLK. Il est \u00e9quip\u00e9 d&rsquo;une connexion eDP 30 broches, de la technologie non IPS et est fourni avec des supports sup\u00e9rieur et inf\u00e9rieur. \u00c9tat\u00a0: neuf.<\/p>\n","protected":false},"featured_media":15566,"template":"","meta":[],"product_brand":[],"product_cat":[105,95],"product_tag":[],"class_list":{"0":"post-15595","1":"product","2":"type-product","3":"status-publish","4":"has-post-thumbnail","6":"product_cat-15-6-new-laptop-screens-lcd-panels","7":"product_cat-new-laptop-screens-lcd-panels","9":"first","10":"instock","11":"taxable","12":"shipping-taxable","13":"purchasable","14":"product-type-simple"},"_links":{"self":[{"href":"https:\/\/boreait.com\/fr\/wp-json\/wp\/v2\/product\/15595","targetHints":{"allow":["GET"]}}],"collection":[{"href":"https:\/\/boreait.com\/fr\/wp-json\/wp\/v2\/product"}],"about":[{"href":"https:\/\/boreait.com\/fr\/wp-json\/wp\/v2\/types\/product"}],"wp:featuredmedia":[{"embeddable":true,"href":"https:\/\/boreait.com\/fr\/wp-json\/wp\/v2\/media\/15566"}],"wp:attachment":[{"href":"https:\/\/boreait.com\/fr\/wp-json\/wp\/v2\/media?parent=15595"}],"wp:term":[{"taxonomy":"product_brand","embeddable":true,"href":"https:\/\/boreait.com\/fr\/wp-json\/wp\/v2\/product_brand?post=15595"},{"taxonomy":"product_cat","embeddable":true,"href":"https:\/\/boreait.com\/fr\/wp-json\/wp\/v2\/product_cat?post=15595"},{"taxonomy":"product_tag","embeddable":true,"href":"https:\/\/boreait.com\/fr\/wp-json\/wp\/v2\/product_tag?post=15595"}],"curies":[{"name":"wp","href":"https:\/\/api.w.org\/{rel}","templated":true}]}}