{"id":15591,"date":"2025-09-16T15:59:29","date_gmt":"2025-09-16T13:59:29","guid":{"rendered":"https:\/\/boreait.com\/fr\/?post_type=product&#038;p=15591"},"modified":"2025-09-16T15:59:39","modified_gmt":"2025-09-16T13:59:39","slug":"ecran-lcd-fhd-mat-edp-30-broches-avec-supports-pour-lenovo-ideapad-305-15ihw-156","status":"publish","type":"product","link":"https:\/\/boreait.com\/fr\/produit\/ecran-lcd-fhd-mat-edp-30-broches-avec-supports-pour-lenovo-ideapad-305-15ihw-156\/","title":{"rendered":"\u00c9cran LCD FHD mat eDP 30 broches avec supports pour Lenovo Ideapad 305-15IHW 15,6&Prime;"},"content":{"rendered":"<p><strong><\/strong><\/p>\n<p>Optimisez votre Lenovo Ideapad 305-15IHW (mod\u00e8le 80NH0002UK) avec cet \u00e9cran LCD Full HD de 15,6 pouces. Con\u00e7u pour une clart\u00e9 et une durabilit\u00e9 optimales, cet \u00e9cran pr\u00e9sente une finition mate qui r\u00e9duit les reflets et offre un confort visuel optimal dans diverses conditions d&rsquo;\u00e9clairage. Bien qu&rsquo;il ne soit pas dot\u00e9 de la technologie IPS, il offre des images nettes et \u00e9clatantes avec une r\u00e9solution de 1920 x 1080, pour un confort optimal au quotidien et pour vos loisirs.<\/p>\n<p>Le connecteur eDP 30 broches assure une connexion stable et fiable \u00e0 votre ordinateur portable, tandis que les supports sup\u00e9rieur et inf\u00e9rieur inclus facilitent l&rsquo;installation. Cet \u00e9cran est id\u00e9al en remplacement si votre \u00e9cran actuel est endommag\u00e9 ou si vous souhaitez passer \u00e0 une r\u00e9solution Full HD.<\/p>\n<p>Veuillez noter que l&rsquo;\u00e9cran est neuf, garantissant des performances et une long\u00e9vit\u00e9 optimales \u00e0 votre appareil.<\/p>\n","protected":false},"excerpt":{"rendered":"<p>Am\u00e9liorez votre Lenovo Ideapad 305-15IHW avec cet \u00e9cran LCD FHD 15,6&Prime;. Dot\u00e9 d&rsquo;une finition mate, d&rsquo;une connexion eDP 30 broches et de supports sup\u00e9rieurs et inf\u00e9rieurs inclus, cet \u00e9cran non IPS offre des images nettes dans un \u00e9tat neuf.<\/p>\n","protected":false},"featured_media":15566,"template":"","meta":[],"product_brand":[],"product_cat":[105,95],"product_tag":[62],"class_list":{"0":"post-15591","1":"product","2":"type-product","3":"status-publish","4":"has-post-thumbnail","6":"product_cat-15-6-new-laptop-screens-lcd-panels","7":"product_cat-new-laptop-screens-lcd-panels","8":"product_tag-lenovo","10":"first","11":"instock","12":"taxable","13":"shipping-taxable","14":"purchasable","15":"product-type-simple"},"_links":{"self":[{"href":"https:\/\/boreait.com\/fr\/wp-json\/wp\/v2\/product\/15591","targetHints":{"allow":["GET"]}}],"collection":[{"href":"https:\/\/boreait.com\/fr\/wp-json\/wp\/v2\/product"}],"about":[{"href":"https:\/\/boreait.com\/fr\/wp-json\/wp\/v2\/types\/product"}],"wp:featuredmedia":[{"embeddable":true,"href":"https:\/\/boreait.com\/fr\/wp-json\/wp\/v2\/media\/15566"}],"wp:attachment":[{"href":"https:\/\/boreait.com\/fr\/wp-json\/wp\/v2\/media?parent=15591"}],"wp:term":[{"taxonomy":"product_brand","embeddable":true,"href":"https:\/\/boreait.com\/fr\/wp-json\/wp\/v2\/product_brand?post=15591"},{"taxonomy":"product_cat","embeddable":true,"href":"https:\/\/boreait.com\/fr\/wp-json\/wp\/v2\/product_cat?post=15591"},{"taxonomy":"product_tag","embeddable":true,"href":"https:\/\/boreait.com\/fr\/wp-json\/wp\/v2\/product_tag?post=15591"}],"curies":[{"name":"wp","href":"https:\/\/api.w.org\/{rel}","templated":true}]}}