{"id":15573,"date":"2025-09-16T15:59:25","date_gmt":"2025-09-16T13:59:25","guid":{"rendered":"https:\/\/boreait.com\/fr\/?post_type=product&#038;p=15573"},"modified":"2025-09-16T15:59:34","modified_gmt":"2025-09-16T13:59:34","slug":"ecran-lcd-156-fhd-mat-edp-30-broches-avec-supports-neuf-ltn156at39-301","status":"publish","type":"product","link":"https:\/\/boreait.com\/fr\/produit\/ecran-lcd-156-fhd-mat-edp-30-broches-avec-supports-neuf-ltn156at39-301\/","title":{"rendered":"\u00c9cran LCD 15,6&Prime; FHD mat eDP 30 broches avec supports, neuf, LTN156AT39-301"},"content":{"rendered":"\n<p>Am\u00e9liorez l&rsquo;affichage de votre ordinateur portable avec l&rsquo;\u00e9cran LCD 15,6&Prime; LTN156AT39-301. Cet \u00e9cran offre une r\u00e9solution Full HD (1920 x 1080), offrant des images nettes et claires pour vos besoins informatiques quotidiens. La dalle non IPS garantit des performances fiables, tandis que la finition mate r\u00e9duit les reflets, ce qui le rend id\u00e9al pour une utilisation dans diverses conditions d&rsquo;\u00e9clairage.<\/p>\n<p>Con\u00e7u pour une installation facile, cet \u00e9cran est livr\u00e9 avec des supports sup\u00e9rieur et inf\u00e9rieur pour un maintien s\u00fbr dans votre ordinateur portable. Le connecteur eDP 30 broches garantit une connexion stable et constante \u00e0 votre appareil, pour des performances d&rsquo;affichage optimales.<\/p>\n<p>Que vous remplaciez un \u00e9cran endommag\u00e9 ou que vous souhaitiez le remplacer pour un affichage plus performant, le LTN156AT39-301 est un choix fiable. \u00c0 l&rsquo;\u00e9tat neuf, vous avez l&rsquo;assurance de recevoir un produit de haute qualit\u00e9, exempt de tout d\u00e9faut et pr\u00eat \u00e0 l&#8217;emploi.<\/p>\n","protected":false},"excerpt":{"rendered":"<p>Am\u00e9liorez votre ordinateur portable avec l&rsquo;\u00e9cran LCD 15,6&Prime; LTN156AT39-301. Dot\u00e9 d&rsquo;une r\u00e9solution Full HD, d&rsquo;une finition mate, d&rsquo;une connexion eDP 30 broches et de supports sup\u00e9rieurs et inf\u00e9rieurs, il offre des images claires et une installation facile. \u00c9tat\u00a0: Neuf.<\/p>\n","protected":false},"featured_media":15566,"template":"","meta":[],"product_brand":[],"product_cat":[105,95],"product_tag":[],"class_list":{"0":"post-15573","1":"product","2":"type-product","3":"status-publish","4":"has-post-thumbnail","6":"product_cat-15-6-new-laptop-screens-lcd-panels","7":"product_cat-new-laptop-screens-lcd-panels","9":"first","10":"instock","11":"taxable","12":"shipping-taxable","13":"purchasable","14":"product-type-simple"},"_links":{"self":[{"href":"https:\/\/boreait.com\/fr\/wp-json\/wp\/v2\/product\/15573","targetHints":{"allow":["GET"]}}],"collection":[{"href":"https:\/\/boreait.com\/fr\/wp-json\/wp\/v2\/product"}],"about":[{"href":"https:\/\/boreait.com\/fr\/wp-json\/wp\/v2\/types\/product"}],"wp:featuredmedia":[{"embeddable":true,"href":"https:\/\/boreait.com\/fr\/wp-json\/wp\/v2\/media\/15566"}],"wp:attachment":[{"href":"https:\/\/boreait.com\/fr\/wp-json\/wp\/v2\/media?parent=15573"}],"wp:term":[{"taxonomy":"product_brand","embeddable":true,"href":"https:\/\/boreait.com\/fr\/wp-json\/wp\/v2\/product_brand?post=15573"},{"taxonomy":"product_cat","embeddable":true,"href":"https:\/\/boreait.com\/fr\/wp-json\/wp\/v2\/product_cat?post=15573"},{"taxonomy":"product_tag","embeddable":true,"href":"https:\/\/boreait.com\/fr\/wp-json\/wp\/v2\/product_tag?post=15573"}],"curies":[{"name":"wp","href":"https:\/\/api.w.org\/{rel}","templated":true}]}}