{"id":15558,"date":"2025-09-16T15:59:11","date_gmt":"2025-09-16T13:59:11","guid":{"rendered":"https:\/\/boreait.com\/fr\/?post_type=product&#038;p=15558"},"modified":"2025-09-16T15:59:19","modified_gmt":"2025-09-16T13:59:19","slug":"ecran-lcd-mat-hp-14-dk1032wm-et-14-dk1035wm-14-fhd-ips-30-broches-neuf","status":"publish","type":"product","link":"https:\/\/boreait.com\/fr\/produit\/ecran-lcd-mat-hp-14-dk1032wm-et-14-dk1035wm-14-fhd-ips-30-broches-neuf\/","title":{"rendered":"\u00c9cran LCD mat HP 14-DK1032WM et 14-DK1035WM 14&Prime; FHD IPS 30 broches, neuf"},"content":{"rendered":"<p><strong>Mod\u00e8le d&rsquo;\u00e9cran LCD r\u00e9el\u00a0: MB140SC01-4 VER 1.3 ou N140HCA-EAC REV. C4 \u2013 ENTI\u00c8REMENT COMPATIBLE AVEC L&rsquo;\u00c9CRAN D&rsquo;ORDINATEUR PORTABLE HP 14-DK1032WM 14-DK1035WM<\/p>\n<p>Am\u00e9liorez l&rsquo;affichage de votre ordinateur portable HP 14-DK1032WM ou 14-DK1035WM avec cet \u00e9cran LCD IPS FHD mat de 14 pouces. Con\u00e7u pour des performances \u00e9lev\u00e9es, cet \u00e9cran offre une r\u00e9solution Full HD (1920 x 1080), offrant des images nettes et claires aux couleurs \u00e9clatantes. La technologie IPS garantit de larges angles de vision et une pr\u00e9cision des couleurs constante, pour un affichage optimal sous tous les angles.<\/p>\n<p>Le connecteur eDP 30 broches assure une connexion stable et s\u00e9curis\u00e9e \u00e0 votre appareil, garantissant un fonctionnement fluide. Cet \u00e9cran est fourni sans supports sup\u00e9rieur et inf\u00e9rieur, mais avec des bandes adh\u00e9sives double-face, pour une installation simple et sans tracas. Que vous souhaitiez remplacer un \u00e9cran endommag\u00e9 ou le remplacer pour un affichage plus performant, cet \u00e9cran LCD est le choix id\u00e9al pour optimiser les performances de votre ordinateur portable.<\/p>\n","protected":false},"excerpt":{"rendered":"<p>Am\u00e9liorez votre HP 14-DK1032WM ou 14-DK1035WM avec un \u00e9cran LCD IPS FHD mat de 14 pouces. Dispose d&rsquo;un connecteur eDP 30 broches et comprend des bandes adh\u00e9sives double face pour une installation facile. \u00c9tat : Neuf.<\/p>\n","protected":false},"featured_media":15534,"template":"","meta":[],"product_brand":[],"product_cat":[98,95],"product_tag":[],"class_list":{"0":"post-15558","1":"product","2":"type-product","3":"status-publish","4":"has-post-thumbnail","6":"product_cat-14-new-laptop-screens-lcd-panels","7":"product_cat-new-laptop-screens-lcd-panels","9":"first","10":"instock","11":"taxable","12":"shipping-taxable","13":"purchasable","14":"product-type-simple"},"_links":{"self":[{"href":"https:\/\/boreait.com\/fr\/wp-json\/wp\/v2\/product\/15558","targetHints":{"allow":["GET"]}}],"collection":[{"href":"https:\/\/boreait.com\/fr\/wp-json\/wp\/v2\/product"}],"about":[{"href":"https:\/\/boreait.com\/fr\/wp-json\/wp\/v2\/types\/product"}],"wp:featuredmedia":[{"embeddable":true,"href":"https:\/\/boreait.com\/fr\/wp-json\/wp\/v2\/media\/15534"}],"wp:attachment":[{"href":"https:\/\/boreait.com\/fr\/wp-json\/wp\/v2\/media?parent=15558"}],"wp:term":[{"taxonomy":"product_brand","embeddable":true,"href":"https:\/\/boreait.com\/fr\/wp-json\/wp\/v2\/product_brand?post=15558"},{"taxonomy":"product_cat","embeddable":true,"href":"https:\/\/boreait.com\/fr\/wp-json\/wp\/v2\/product_cat?post=15558"},{"taxonomy":"product_tag","embeddable":true,"href":"https:\/\/boreait.com\/fr\/wp-json\/wp\/v2\/product_tag?post=15558"}],"curies":[{"name":"wp","href":"https:\/\/api.w.org\/{rel}","templated":true}]}}