{"id":15555,"date":"2025-09-16T15:59:10","date_gmt":"2025-09-16T13:59:10","guid":{"rendered":"https:\/\/boreait.com\/fr\/?post_type=product&#038;p=15555"},"modified":"2025-09-16T15:59:18","modified_gmt":"2025-09-16T13:59:18","slug":"lenovo-ideapad-330s-14ikb-ecran-lcd-14-fhd-ips-edp-30-broches-avec-bandes-adhesives-neuf","status":"publish","type":"product","link":"https:\/\/boreait.com\/fr\/produit\/lenovo-ideapad-330s-14ikb-ecran-lcd-14-fhd-ips-edp-30-broches-avec-bandes-adhesives-neuf\/","title":{"rendered":"Lenovo Ideapad 330S-14IKB \u00c9cran LCD 14&Prime; FHD IPS eDP 30 broches avec bandes adh\u00e9sives, neuf"},"content":{"rendered":"<p><strong>Mod\u00e8le d&rsquo;\u00e9cran LCD r\u00e9el\u00a0: MB140SC01-4 VER 1.3 ou N140HCA-EAC REV. C4 \u2013 ENTI\u00c8REMENT COMPATIBLE AVEC L&rsquo;\u00c9CRAN D&rsquo;ORDINATEUR PORTABLE POUR LENOVO IDEAPAD 330S-14IKB ET 330S-14AST<\/p>\n<p>Am\u00e9liorez l&rsquo;exp\u00e9rience visuelle de votre Lenovo Ideapad 330S-14IKB ou 330S-14AST avec cet \u00e9cran LCD 14 pouces haut de gamme. Con\u00e7u pour offrir une qualit\u00e9 d&rsquo;image sup\u00e9rieure, cet \u00e9cran offre une r\u00e9solution Full HD (1920 x 1080) pour des images nettes et \u00e9clatantes. La technologie IPS offre une pr\u00e9cision des couleurs constante et de larges angles de vision, tandis que la finition mate r\u00e9duit les reflets, ce qui le rend id\u00e9al pour une utilisation dans diverses conditions d&rsquo;\u00e9clairage.<\/p>\n<p>Cet \u00e9cran LCD se connecte via une interface eDP 30 broches, garantissant une connexion stable et fiable \u00e0 votre appareil. L&rsquo;installation est simplifi\u00e9e gr\u00e2ce aux bandes adh\u00e9sives double-face fournies, vous permettant de fixer l&rsquo;\u00e9cran en toute s\u00e9curit\u00e9 sans avoir besoin de supports suppl\u00e9mentaires. Que vous souhaitiez remplacer un \u00e9cran endommag\u00e9 ou le mettre \u00e0 niveau pour de meilleures performances d&rsquo;affichage, cet \u00e9cran LCD est la solution id\u00e9ale. Choix.<\/p>\n<p>Veuillez noter que cet \u00e9cran n&rsquo;inclut pas les supports sup\u00e9rieur et inf\u00e9rieur. Il est neuf, vous garantissant ainsi un produit sans d\u00e9faut, pr\u00eat \u00e0 fonctionner au mieux de ses performances.<\/p>\n","protected":false},"excerpt":{"rendered":"<p>Am\u00e9liorez votre Lenovo Ideapad 330S-14IKB\/330S-14AST avec cet \u00e9cran LCD mat de 14 pouces. Dot\u00e9 d&rsquo;une clart\u00e9 IPS FHD et d&rsquo;une connexion eDP 30 broches, il offre des images nettes. Comprend des bandes adh\u00e9sives double face pour une installation facile. \u00c9tat\u00a0: Neuf.<\/p>\n","protected":false},"featured_media":15534,"template":"","meta":[],"product_brand":[],"product_cat":[98,95],"product_tag":[62],"class_list":{"0":"post-15555","1":"product","2":"type-product","3":"status-publish","4":"has-post-thumbnail","6":"product_cat-14-new-laptop-screens-lcd-panels","7":"product_cat-new-laptop-screens-lcd-panels","8":"product_tag-lenovo","10":"first","11":"instock","12":"taxable","13":"shipping-taxable","14":"purchasable","15":"product-type-simple"},"_links":{"self":[{"href":"https:\/\/boreait.com\/fr\/wp-json\/wp\/v2\/product\/15555","targetHints":{"allow":["GET"]}}],"collection":[{"href":"https:\/\/boreait.com\/fr\/wp-json\/wp\/v2\/product"}],"about":[{"href":"https:\/\/boreait.com\/fr\/wp-json\/wp\/v2\/types\/product"}],"wp:featuredmedia":[{"embeddable":true,"href":"https:\/\/boreait.com\/fr\/wp-json\/wp\/v2\/media\/15534"}],"wp:attachment":[{"href":"https:\/\/boreait.com\/fr\/wp-json\/wp\/v2\/media?parent=15555"}],"wp:term":[{"taxonomy":"product_brand","embeddable":true,"href":"https:\/\/boreait.com\/fr\/wp-json\/wp\/v2\/product_brand?post=15555"},{"taxonomy":"product_cat","embeddable":true,"href":"https:\/\/boreait.com\/fr\/wp-json\/wp\/v2\/product_cat?post=15555"},{"taxonomy":"product_tag","embeddable":true,"href":"https:\/\/boreait.com\/fr\/wp-json\/wp\/v2\/product_tag?post=15555"}],"curies":[{"name":"wp","href":"https:\/\/api.w.org\/{rel}","templated":true}]}}