{"id":15550,"date":"2025-09-16T15:59:09","date_gmt":"2025-09-16T13:59:09","guid":{"rendered":"https:\/\/boreait.com\/fr\/?post_type=product&#038;p=15550"},"modified":"2025-09-16T15:59:17","modified_gmt":"2025-09-16T13:59:17","slug":"ecran-lcd-asus-m415-m415d-m415da-14-fhd-ips-edp-30-broches-mat-neuf","status":"publish","type":"product","link":"https:\/\/boreait.com\/fr\/produit\/ecran-lcd-asus-m415-m415d-m415da-14-fhd-ips-edp-30-broches-mat-neuf\/","title":{"rendered":"\u00c9cran LCD ASUS M415 M415D M415DA 14&Prime; FHD IPS eDP 30 broches mat neuf"},"content":{"rendered":"<p><strong>Mod\u00e8le d&rsquo;\u00e9cran LCD r\u00e9el\u00a0: MB140SC01-4 VER 1.3 ou N140HCA-EAC REV. C4 \u2013 ENTI\u00c8REMENT COMPATIBLE AVEC L&rsquo;\u00c9CRAN D&rsquo;ORDINATEUR PORTABLE ASUS M415, M415D et M415DA<\/p>\n<p>Optimisez la performance de votre ordinateur portable ASUS de la s\u00e9rie M415 avec cet \u00e9cran LCD 14&Prime; de haute qualit\u00e9, sp\u00e9cialement con\u00e7u pour les mod\u00e8les M415, M415D et M415DA. Cet \u00e9cran offre une r\u00e9solution Full HD (1920 x 1080), offrant des images nettes et \u00e9clatantes pour une exp\u00e9rience visuelle immersive. La technologie IPS offre de larges angles de vision et une pr\u00e9cision des couleurs constante, tandis que la finition mate r\u00e9duit les reflets, ce qui le rend id\u00e9al dans diverses conditions d&rsquo;\u00e9clairage.<\/p>\n<p>Le connecteur eDP 30 broches assure une connexion s\u00fbre et fiable \u00e0 votre appareil, et les bandes adh\u00e9sives double-face incluses simplifient l&rsquo;installation. Que vous remplaciez un \u00e9cran endommag\u00e9 ou que vous mettiez \u00e0 niveau votre \u00e9cran actuel, cet \u00e9cran LCD est la solution id\u00e9ale.<\/p>\n<p>Veuillez noter que cet \u00e9cran est livr\u00e9 sans supports sup\u00e9rieur et inf\u00e9rieur. Il est neuf. vous assurant de recevoir un produit exempt de d\u00e9fauts et pr\u00eat \u00e0 l&#8217;emploi.<\/p>\n","protected":false},"excerpt":{"rendered":"<p>Am\u00e9liorez votre ordinateur portable ASUS s\u00e9rie M415 avec cet \u00e9cran LCD mat de 14 pouces. Dot\u00e9 d&rsquo;une r\u00e9solution IPS FHD, d&rsquo;une connexion eDP 30 broches et de bandes adh\u00e9sives double face incluses, il garantit des visuels \u00e9clatants et une installation facile. \u00c9tat : Neuf.<\/p>\n","protected":false},"featured_media":15534,"template":"","meta":[],"product_brand":[],"product_cat":[98,95],"product_tag":[66],"class_list":{"0":"post-15550","1":"product","2":"type-product","3":"status-publish","4":"has-post-thumbnail","6":"product_cat-14-new-laptop-screens-lcd-panels","7":"product_cat-new-laptop-screens-lcd-panels","8":"product_tag-asus","10":"first","11":"instock","12":"taxable","13":"shipping-taxable","14":"purchasable","15":"product-type-simple"},"_links":{"self":[{"href":"https:\/\/boreait.com\/fr\/wp-json\/wp\/v2\/product\/15550","targetHints":{"allow":["GET"]}}],"collection":[{"href":"https:\/\/boreait.com\/fr\/wp-json\/wp\/v2\/product"}],"about":[{"href":"https:\/\/boreait.com\/fr\/wp-json\/wp\/v2\/types\/product"}],"wp:featuredmedia":[{"embeddable":true,"href":"https:\/\/boreait.com\/fr\/wp-json\/wp\/v2\/media\/15534"}],"wp:attachment":[{"href":"https:\/\/boreait.com\/fr\/wp-json\/wp\/v2\/media?parent=15550"}],"wp:term":[{"taxonomy":"product_brand","embeddable":true,"href":"https:\/\/boreait.com\/fr\/wp-json\/wp\/v2\/product_brand?post=15550"},{"taxonomy":"product_cat","embeddable":true,"href":"https:\/\/boreait.com\/fr\/wp-json\/wp\/v2\/product_cat?post=15550"},{"taxonomy":"product_tag","embeddable":true,"href":"https:\/\/boreait.com\/fr\/wp-json\/wp\/v2\/product_tag?post=15550"}],"curies":[{"name":"wp","href":"https:\/\/api.w.org\/{rel}","templated":true}]}}