{"id":15541,"date":"2025-09-16T15:59:08","date_gmt":"2025-09-16T13:59:08","guid":{"rendered":"https:\/\/boreait.com\/fr\/?post_type=product&#038;p=15541"},"modified":"2025-09-16T15:59:14","modified_gmt":"2025-09-16T13:59:14","slug":"ecran-lcd-ips-14-fhd-mat-edp-30-broches-n140hca-eba-nv140fhm-n62-n61-neuf-avec-adhesif","status":"publish","type":"product","link":"https:\/\/boreait.com\/fr\/produit\/ecran-lcd-ips-14-fhd-mat-edp-30-broches-n140hca-eba-nv140fhm-n62-n61-neuf-avec-adhesif\/","title":{"rendered":"\u00c9cran LCD IPS 14&Prime; FHD mat eDP 30 broches N140HCA-EBA NV140FHM-N62\/N61, neuf avec adh\u00e9sif"},"content":{"rendered":"<p><strong>Mod\u00e8le d&rsquo;\u00e9cran LCD r\u00e9el\u00a0: MB140SC01-4 VER 1.3 ou N140HCA-EAC REV. C4 \u2013 ENTI\u00c8REMENT COMPATIBLE AVEC LES \u00c9CRANS D&rsquo;ORDINATEUR PORTABLE N140HCA-EBA, NV140FHM-N62, N61, N3B, N47 et N4C<\/p>\n<p>Am\u00e9liorez les performances et l&rsquo;exp\u00e9rience visuelle de votre ordinateur portable avec l&rsquo;\u00e9cran LCD 14&Prime; N140HCA-EBA, NV140FHM-N62\/N61\/N3B\/N47\/N4C. Con\u00e7u pour offrir une clart\u00e9 sup\u00e9rieure et des couleurs \u00e9clatantes, cet \u00e9cran b\u00e9n\u00e9ficie d&rsquo;une r\u00e9solution Full HD (1920 x 1080) et de la technologie IPS, garantissant une reproduction homog\u00e8ne des couleurs et de larges angles de vision. Sa finition mate minimise les reflets, ce qui le rend id\u00e9al pour une utilisation dans diverses conditions d&rsquo;\u00e9clairage.<\/p>\n<p>Cette dalle LCD est \u00e9quip\u00e9e d&rsquo;un connecteur eDP 30 broches, garantissant une connexion stable et s\u00e9curis\u00e9e \u00e0 votre appareil. L&rsquo;installation est simplifi\u00e9e gr\u00e2ce aux bandes adh\u00e9sives double-face fournies, vous permettant de remplacer votre \u00e9cran rapidement et efficacement.<\/p>\n<p>Veuillez noter que cet \u00e9cran est vendu sans Supports sup\u00e9rieur et inf\u00e9rieur. Ce produit est neuf, vous garantissant un \u00e9cran sans d\u00e9faut, pr\u00eat \u00e0 \u00eatre install\u00e9.<\/p>\n","protected":false},"excerpt":{"rendered":"<p>Am\u00e9liorez l&rsquo;\u00e9cran de votre ordinateur portable avec l&rsquo;\u00e9cran LCD 14&Prime; N140HCA-EBA, NV140FHM-N62\/N61\/N3B\/N47\/N4C. Cette dalle IPS Full HD offre des images \u00e9poustouflantes avec une finition mate pour r\u00e9duire les reflets. Dot\u00e9 d&rsquo;un connecteur eDP 30 broches, il est facile \u00e0 installer gr\u00e2ce aux bandes adh\u00e9sives double face fournies. \u00c9tat\u00a0: Neuf.<\/p>\n","protected":false},"featured_media":15534,"template":"","meta":[],"product_brand":[],"product_cat":[98,95],"product_tag":[],"class_list":{"0":"post-15541","1":"product","2":"type-product","3":"status-publish","4":"has-post-thumbnail","6":"product_cat-14-new-laptop-screens-lcd-panels","7":"product_cat-new-laptop-screens-lcd-panels","9":"first","10":"instock","11":"taxable","12":"shipping-taxable","13":"purchasable","14":"product-type-simple"},"_links":{"self":[{"href":"https:\/\/boreait.com\/fr\/wp-json\/wp\/v2\/product\/15541","targetHints":{"allow":["GET"]}}],"collection":[{"href":"https:\/\/boreait.com\/fr\/wp-json\/wp\/v2\/product"}],"about":[{"href":"https:\/\/boreait.com\/fr\/wp-json\/wp\/v2\/types\/product"}],"wp:featuredmedia":[{"embeddable":true,"href":"https:\/\/boreait.com\/fr\/wp-json\/wp\/v2\/media\/15534"}],"wp:attachment":[{"href":"https:\/\/boreait.com\/fr\/wp-json\/wp\/v2\/media?parent=15541"}],"wp:term":[{"taxonomy":"product_brand","embeddable":true,"href":"https:\/\/boreait.com\/fr\/wp-json\/wp\/v2\/product_brand?post=15541"},{"taxonomy":"product_cat","embeddable":true,"href":"https:\/\/boreait.com\/fr\/wp-json\/wp\/v2\/product_cat?post=15541"},{"taxonomy":"product_tag","embeddable":true,"href":"https:\/\/boreait.com\/fr\/wp-json\/wp\/v2\/product_tag?post=15541"}],"curies":[{"name":"wp","href":"https:\/\/api.w.org\/{rel}","templated":true}]}}