{"id":15538,"date":"2025-09-16T15:59:08","date_gmt":"2025-09-16T13:59:08","guid":{"rendered":"https:\/\/boreait.com\/fr\/?post_type=product&#038;p=15538"},"modified":"2025-09-16T15:59:13","modified_gmt":"2025-09-16T13:59:13","slug":"ecran-lcd-ips-mat-14-fhd-b140han03-2-edp-30-broches-avec-bandes-adhesives-neuf","status":"publish","type":"product","link":"https:\/\/boreait.com\/fr\/produit\/ecran-lcd-ips-mat-14-fhd-b140han03-2-edp-30-broches-avec-bandes-adhesives-neuf\/","title":{"rendered":"\u00c9cran LCD IPS mat 14&Prime; FHD B140HAN03.2, eDP 30 broches, avec bandes adh\u00e9sives, neuf"},"content":{"rendered":"<p><strong>Mod\u00e8le d&rsquo;\u00e9cran LCD r\u00e9el\u00a0: MB140SC01-4 VER 1.3 ou N140HCA-EAC REV. C4 \u2013 ENTI\u00c8REMENT COMPATIBLE AVEC L&rsquo;\u00c9CRAN D&rsquo;ORDINATEUR PORTABLE B140HAN03.2<\/p>\n<p>Am\u00e9liorez la qualit\u00e9 d&rsquo;affichage de votre ordinateur portable avec l&rsquo;\u00e9cran LCD 14&Prime; B140HAN03.2. Con\u00e7u pour une clart\u00e9 et des performances sup\u00e9rieures, cet \u00e9cran offre une r\u00e9solution Full HD (1920 x 1080), offrant des images nettes et \u00e9clatantes et une exp\u00e9rience visuelle am\u00e9lior\u00e9e. La technologie IPS garantit une reproduction des couleurs homog\u00e8ne et de larges angles de vision, tandis que la finition mate r\u00e9duit les reflets, ce qui le rend id\u00e9al pour une utilisation dans diverses conditions d&rsquo;\u00e9clairage.<\/p>\n<p>L&rsquo;\u00e9cran se connecte via un connecteur eDP 30 broches, garantissant une connexion fiable et stable. Pour simplifier l&rsquo;installation, des bandes adh\u00e9sives double-face sont incluses, facilitant la fixation de l&rsquo;\u00e9cran. Cet \u00e9cran est un excellent choix pour remplacer un \u00e9cran endommag\u00e9 ou pour une dalle de meilleure qualit\u00e9.<\/p>\n<p>Veuillez noter que cet \u00e9cran LCD est livr\u00e9 sans supports sup\u00e9rieur et inf\u00e9rieur. Il est neuf, vous assurant ainsi un produit pr\u00eat \u00e0 l&#8217;emploi. tout d\u00e9faut.<\/p>\n","protected":false},"excerpt":{"rendered":"<p>Am\u00e9liorez votre ordinateur portable avec l&rsquo;\u00e9cran LCD 14&Prime; B140HAN03.2. Dot\u00e9 de la technologie IPS Full HD et d&rsquo;une finition mate, il offre des images nettes. Le connecteur eDP 30 broches garantit une installation s\u00e9curis\u00e9e et des bandes adh\u00e9sives double face sont incluses. \u00c9tat\u00a0: Neuf.<\/p>\n","protected":false},"featured_media":15534,"template":"","meta":[],"product_brand":[],"product_cat":[98,95],"product_tag":[],"class_list":{"0":"post-15538","1":"product","2":"type-product","3":"status-publish","4":"has-post-thumbnail","6":"product_cat-14-new-laptop-screens-lcd-panels","7":"product_cat-new-laptop-screens-lcd-panels","9":"first","10":"instock","11":"taxable","12":"shipping-taxable","13":"purchasable","14":"product-type-simple"},"_links":{"self":[{"href":"https:\/\/boreait.com\/fr\/wp-json\/wp\/v2\/product\/15538","targetHints":{"allow":["GET"]}}],"collection":[{"href":"https:\/\/boreait.com\/fr\/wp-json\/wp\/v2\/product"}],"about":[{"href":"https:\/\/boreait.com\/fr\/wp-json\/wp\/v2\/types\/product"}],"wp:featuredmedia":[{"embeddable":true,"href":"https:\/\/boreait.com\/fr\/wp-json\/wp\/v2\/media\/15534"}],"wp:attachment":[{"href":"https:\/\/boreait.com\/fr\/wp-json\/wp\/v2\/media?parent=15538"}],"wp:term":[{"taxonomy":"product_brand","embeddable":true,"href":"https:\/\/boreait.com\/fr\/wp-json\/wp\/v2\/product_brand?post=15538"},{"taxonomy":"product_cat","embeddable":true,"href":"https:\/\/boreait.com\/fr\/wp-json\/wp\/v2\/product_cat?post=15538"},{"taxonomy":"product_tag","embeddable":true,"href":"https:\/\/boreait.com\/fr\/wp-json\/wp\/v2\/product_tag?post=15538"}],"curies":[{"name":"wp","href":"https:\/\/api.w.org\/{rel}","templated":true}]}}