{"id":15530,"date":"2025-09-16T15:58:53","date_gmt":"2025-09-16T13:58:53","guid":{"rendered":"https:\/\/boreait.com\/fr\/?post_type=product&#038;p=15530"},"modified":"2025-09-16T15:59:01","modified_gmt":"2025-09-16T13:59:01","slug":"ecran-lcd-173-msi-pulse-17-b13vgk-mat-fhd-ips-144-hz-40-broches-neuf","status":"publish","type":"product","link":"https:\/\/boreait.com\/fr\/produit\/ecran-lcd-173-msi-pulse-17-b13vgk-mat-fhd-ips-144-hz-40-broches-neuf\/","title":{"rendered":"\u00c9cran LCD 17,3&Prime; MSI Pulse 17 B13VGK mat FHD IPS 144 Hz 40 broches Neuf"},"content":{"rendered":"<p>Mod\u00e8le d&rsquo;\u00e9cran LCD actuel\u00a0: N173HCE-G33 REV C1 \/ NV173FHM-NY2 v8.1 \u2013 ENTI\u00c8REMENT COMPATIBLE AVEC LE MSI Pulse 17 B13VGK<\/p>\n<p>Transformez votre ordinateur portable MSI Pulse 17 B13VGK avec cet \u00e9cran LCD haut de gamme de 17,3\u00a0pouces. Con\u00e7u pour offrir des performances sup\u00e9rieures, cet \u00e9cran offre une r\u00e9solution Full HD (1920\u00a0x\u00a01080) qui donne vie \u00e0 vos jeux et contenus multim\u00e9dias avec des d\u00e9tails \u00e9clatants et une clart\u00e9 exceptionnelle. La technologie IPS garantit de larges angles de vision et une reproduction fid\u00e8le des couleurs, ce qui le rend id\u00e9al pour les jeux et la cr\u00e9ation.<\/p>\n<p>Cet \u00e9cran est \u00e9quip\u00e9 d&rsquo;un connecteur eDP 40\u00a0broches et offre un taux de rafra\u00eechissement fluide de 144\u00a0Hz, vous offrant un affichage fluide et r\u00e9actif, id\u00e9al pour les jeux rapides. Sa finition mate r\u00e9duit les reflets, garantissant une visibilit\u00e9 optimale m\u00eame dans les environnements tr\u00e8s \u00e9clair\u00e9s. Bien que cet \u00e9cran ne soit pas livr\u00e9 avec des supports sup\u00e9rieur et inf\u00e9rieur, il est fourni avec des bandes adh\u00e9sives double-face pour une installation simple et s\u00e9curis\u00e9e. Neuf et en parfait \u00e9tat, cet \u00e9cran LCD est la solution id\u00e9ale pour am\u00e9liorer les performances d&rsquo;affichage de votre ordinateur portable et optimiser votre exp\u00e9rience globale.<\/p>\n<p>Que vous soyez un joueur professionnel ou un cr\u00e9ateur de contenu, l&rsquo;\u00e9cran LCD MSI Pulse 17 B13VGK vous offrira la qualit\u00e9 et la fiabilit\u00e9 n\u00e9cessaires pour des sessions immersives et productives.<\/p>\n","protected":false},"excerpt":{"rendered":"<p>Am\u00e9liorez votre MSI Pulse 17 B13VGK avec cet \u00e9cran LCD mat de 17,3 pouces. Dot\u00e9 d&rsquo;un connecteur eDP 40 broches, d&rsquo;une r\u00e9solution FHD et de la technologie IPS, il offre des images \u00e9poustouflantes \u00e0 144 Hz. Des bandes adh\u00e9sives double-face sont incluses pour une installation facile. Neuf et pr\u00eat \u00e0 am\u00e9liorer votre exp\u00e9rience de jeu.<\/p>\n","protected":false},"featured_media":15533,"template":"","meta":[],"product_brand":[],"product_cat":[96,95],"product_tag":[82],"class_list":{"0":"post-15530","1":"product","2":"type-product","3":"status-publish","4":"has-post-thumbnail","6":"product_cat-17-3","7":"product_cat-new-laptop-screens-lcd-panels","8":"product_tag-msi","10":"first","11":"instock","12":"taxable","13":"shipping-taxable","14":"purchasable","15":"product-type-simple"},"_links":{"self":[{"href":"https:\/\/boreait.com\/fr\/wp-json\/wp\/v2\/product\/15530","targetHints":{"allow":["GET"]}}],"collection":[{"href":"https:\/\/boreait.com\/fr\/wp-json\/wp\/v2\/product"}],"about":[{"href":"https:\/\/boreait.com\/fr\/wp-json\/wp\/v2\/types\/product"}],"wp:featuredmedia":[{"embeddable":true,"href":"https:\/\/boreait.com\/fr\/wp-json\/wp\/v2\/media\/15533"}],"wp:attachment":[{"href":"https:\/\/boreait.com\/fr\/wp-json\/wp\/v2\/media?parent=15530"}],"wp:term":[{"taxonomy":"product_brand","embeddable":true,"href":"https:\/\/boreait.com\/fr\/wp-json\/wp\/v2\/product_brand?post=15530"},{"taxonomy":"product_cat","embeddable":true,"href":"https:\/\/boreait.com\/fr\/wp-json\/wp\/v2\/product_cat?post=15530"},{"taxonomy":"product_tag","embeddable":true,"href":"https:\/\/boreait.com\/fr\/wp-json\/wp\/v2\/product_tag?post=15530"}],"curies":[{"name":"wp","href":"https:\/\/api.w.org\/{rel}","templated":true}]}}