{"id":15529,"date":"2025-09-16T15:58:52","date_gmt":"2025-09-16T13:58:52","guid":{"rendered":"https:\/\/boreait.com\/fr\/?post_type=product&#038;p=15529"},"modified":"2025-09-16T15:59:01","modified_gmt":"2025-09-16T13:59:01","slug":"ecran-lcd-173-pour-msi-gl75-leopard-10scsr-mat-144-hz-fhd-ips-40-broches-neuf","status":"publish","type":"product","link":"https:\/\/boreait.com\/fr\/produit\/ecran-lcd-173-pour-msi-gl75-leopard-10scsr-mat-144-hz-fhd-ips-40-broches-neuf\/","title":{"rendered":"\u00c9cran LCD 17,3&Prime; pour MSI GL75 Leopard 10SCSR mat 144 Hz FHD IPS 40 broches, neuf"},"content":{"rendered":"<p>Mod\u00e8le d&rsquo;\u00e9cran LCD\u00a0: N173HCE-G33 REV C1 \/ NV173FHM-NY2 v8.1 \u2013 ENTI\u00c8REMENT COMPATIBLE AVEC LE MSI GL75 LEOPARD 10SCSR-009RU<\/p>\n<p>Am\u00e9liorez votre exp\u00e9rience gaming et multim\u00e9dia avec cet \u00e9cran LCD 17,3\u00a0pouces haut de gamme, sp\u00e9cialement con\u00e7u pour le MSI GL75 Leopard 10SCSR-009RU. Cet \u00e9cran mat r\u00e9duit les reflets et offre un confort visuel optimal dans toutes les conditions d&rsquo;\u00e9clairage. Gr\u00e2ce \u00e0 sa r\u00e9solution Full HD (1920\u00a0x\u00a01080) et \u00e0 la technologie IPS, profitez de couleurs vives, de d\u00e9tails pr\u00e9cis et de grands angles de vision, parfaits pour des jeux immersifs ou pour regarder des films.<\/p>\n<p>L&rsquo;\u00e9cran offre un taux de rafra\u00eechissement impressionnant de 144\u00a0Hz, garantissant des images ultra-fluides, id\u00e9ales pour les jeux rapides o\u00f9 chaque image compte. Il se connecte \u00e0 votre ordinateur portable via un connecteur eDP 40\u00a0broches, garantissant une connexion fluide avec votre appareil. Bien que cet \u00e9cran ne soit pas fourni avec des supports sup\u00e9rieur et inf\u00e9rieur, il est dot\u00e9 de bandes adh\u00e9sives double-face pour une installation simple et s\u00e9curis\u00e9e.<\/p>\n<p>Neuf et en parfait \u00e9tat, cet \u00e9cran LCD est un excellent remplacement ou une mise \u00e0 niveau pour votre MSI GL75 Leopard 10SCSR-009RU. Que vous soyez joueur, cr\u00e9ateur de contenu ou que vous ayez simplement besoin d&rsquo;un \u00e9cran de haute qualit\u00e9, cet \u00e9cran am\u00e9liorera les performances et l&rsquo;exp\u00e9rience visuelle de votre ordinateur portable.<\/p>\n","protected":false},"excerpt":{"rendered":"<p>Am\u00e9liorez votre MSI GL75 Leopard 10SCSR-009RU avec cet \u00e9cran LCD mat de 17,3 pouces. Dot\u00e9 d&rsquo;une r\u00e9solution Full HD, de la technologie IPS et d&rsquo;un taux de rafra\u00eechissement de 144 Hz, cet \u00e9cran offre des images \u00e9poustouflantes et des performances fluides. Il se connecte via un connecteur eDP 40 broches et comprend des bandes adh\u00e9sives double face pour une installation facile. \u00c9tat\u00a0: neuf.<\/p>\n","protected":false},"featured_media":15533,"template":"","meta":[],"product_brand":[],"product_cat":[96,95],"product_tag":[82],"class_list":{"0":"post-15529","1":"product","2":"type-product","3":"status-publish","4":"has-post-thumbnail","6":"product_cat-17-3","7":"product_cat-new-laptop-screens-lcd-panels","8":"product_tag-msi","10":"first","11":"instock","12":"taxable","13":"shipping-taxable","14":"purchasable","15":"product-type-simple"},"_links":{"self":[{"href":"https:\/\/boreait.com\/fr\/wp-json\/wp\/v2\/product\/15529","targetHints":{"allow":["GET"]}}],"collection":[{"href":"https:\/\/boreait.com\/fr\/wp-json\/wp\/v2\/product"}],"about":[{"href":"https:\/\/boreait.com\/fr\/wp-json\/wp\/v2\/types\/product"}],"wp:featuredmedia":[{"embeddable":true,"href":"https:\/\/boreait.com\/fr\/wp-json\/wp\/v2\/media\/15533"}],"wp:attachment":[{"href":"https:\/\/boreait.com\/fr\/wp-json\/wp\/v2\/media?parent=15529"}],"wp:term":[{"taxonomy":"product_brand","embeddable":true,"href":"https:\/\/boreait.com\/fr\/wp-json\/wp\/v2\/product_brand?post=15529"},{"taxonomy":"product_cat","embeddable":true,"href":"https:\/\/boreait.com\/fr\/wp-json\/wp\/v2\/product_cat?post=15529"},{"taxonomy":"product_tag","embeddable":true,"href":"https:\/\/boreait.com\/fr\/wp-json\/wp\/v2\/product_tag?post=15529"}],"curies":[{"name":"wp","href":"https:\/\/api.w.org\/{rel}","templated":true}]}}