{"id":15528,"date":"2025-09-16T15:58:52","date_gmt":"2025-09-16T13:58:52","guid":{"rendered":"https:\/\/boreait.com\/fr\/?post_type=product&#038;p=15528"},"modified":"2025-09-16T15:59:01","modified_gmt":"2025-09-16T13:59:01","slug":"ecran-lcd-lenovo-173-pouces-ref-sd10w86613-mat-40-broches-fhd-ips-144-hz-neuf","status":"publish","type":"product","link":"https:\/\/boreait.com\/fr\/produit\/ecran-lcd-lenovo-173-pouces-ref-sd10w86613-mat-40-broches-fhd-ips-144-hz-neuf\/","title":{"rendered":"\u00c9cran LCD Lenovo 17,3 pouces (r\u00e9f. SD10W86613) mat 40 broches FHD IPS 144 Hz, neuf"},"content":{"rendered":"<p>Mod\u00e8le d&rsquo;\u00e9cran LCD\u00a0: N173HCE-G33 REV C1 \/ NV173FHM-NY2 v8.1 \u2013 ENTI\u00c8REMENT COMPATIBLE AVEC LE R\u00c9F. Lenovo SD10W86613<\/p>\n<p>Le Lenovo SD10W86613 est un \u00e9cran LCD haut de gamme de 17,3\u00a0pouces con\u00e7u pour optimiser l&rsquo;exp\u00e9rience d&rsquo;affichage de votre ordinateur portable. Dot\u00e9 d&rsquo;une finition mate, il minimise les reflets, ce qui le rend id\u00e9al pour les environnements lumineux comme sombres. Avec sa r\u00e9solution Full HD (1920\u00a0x\u00a01080), sa technologie IPS et son taux de rafra\u00eechissement de 144\u00a0Hz, vous profiterez de couleurs \u00e9clatantes, de larges angles de vision et d&rsquo;une fluidit\u00e9 visuelle optimale, id\u00e9ale pour les jeux, le montage vid\u00e9o ou les t\u00e2ches quotidiennes.<\/p>\n<p>Cet \u00e9cran LCD est \u00e9quip\u00e9 d&rsquo;un connecteur eDP 40\u00a0broches, garantissant une connexion fluide avec votre appareil. Bien qu&rsquo;il ne soit pas livr\u00e9 avec les supports sup\u00e9rieur et inf\u00e9rieur, le kit comprend des bandes adh\u00e9sives double-face pour une installation s\u00fbre et facile. L&rsquo;\u00e9cran reste ainsi bien en place, vous offrant des performances durables.<\/p>\n<p>Neuf et en parfait \u00e9tat, l&rsquo;\u00e9cran Lenovo (r\u00e9f. SD10W86613) est le remplacement ou la mise \u00e0 niveau id\u00e9al pour votre ordinateur portable. Que vous soyez un joueur, un professionnel cr\u00e9atif ou que vous recherchiez simplement un \u00e9cran de qualit\u00e9 sup\u00e9rieure, cet \u00e9cran offre la clart\u00e9, la pr\u00e9cision des couleurs et la fluidit\u00e9 dont vous avez besoin pour une exp\u00e9rience visuelle optimale.<\/p>\n","protected":false},"excerpt":{"rendered":"<p>Am\u00e9liorez votre ordinateur portable Lenovo avec l&rsquo;\u00e9cran LCD 17,3&Prime; (r\u00e9f. SD10W86613). Cet \u00e9cran IPS mat FHD offre un taux de rafra\u00eechissement de 144 Hz et un connecteur eDP 40 broches. Des bandes adh\u00e9sives double face sont incluses pour une installation facile. Neuf et pr\u00eat \u00e0 offrir des images \u00e9poustouflantes.<\/p>\n","protected":false},"featured_media":15533,"template":"","meta":[],"product_brand":[],"product_cat":[96,95],"product_tag":[62],"class_list":{"0":"post-15528","1":"product","2":"type-product","3":"status-publish","4":"has-post-thumbnail","6":"product_cat-17-3","7":"product_cat-new-laptop-screens-lcd-panels","8":"product_tag-lenovo","10":"first","11":"instock","12":"taxable","13":"shipping-taxable","14":"purchasable","15":"product-type-simple"},"_links":{"self":[{"href":"https:\/\/boreait.com\/fr\/wp-json\/wp\/v2\/product\/15528","targetHints":{"allow":["GET"]}}],"collection":[{"href":"https:\/\/boreait.com\/fr\/wp-json\/wp\/v2\/product"}],"about":[{"href":"https:\/\/boreait.com\/fr\/wp-json\/wp\/v2\/types\/product"}],"wp:featuredmedia":[{"embeddable":true,"href":"https:\/\/boreait.com\/fr\/wp-json\/wp\/v2\/media\/15533"}],"wp:attachment":[{"href":"https:\/\/boreait.com\/fr\/wp-json\/wp\/v2\/media?parent=15528"}],"wp:term":[{"taxonomy":"product_brand","embeddable":true,"href":"https:\/\/boreait.com\/fr\/wp-json\/wp\/v2\/product_brand?post=15528"},{"taxonomy":"product_cat","embeddable":true,"href":"https:\/\/boreait.com\/fr\/wp-json\/wp\/v2\/product_cat?post=15528"},{"taxonomy":"product_tag","embeddable":true,"href":"https:\/\/boreait.com\/fr\/wp-json\/wp\/v2\/product_tag?post=15528"}],"curies":[{"name":"wp","href":"https:\/\/api.w.org\/{rel}","templated":true}]}}