{"id":15526,"date":"2025-09-16T15:58:52","date_gmt":"2025-09-16T13:58:52","guid":{"rendered":"https:\/\/boreait.com\/fr\/?post_type=product&#038;p=15526"},"modified":"2025-09-16T15:59:00","modified_gmt":"2025-09-16T13:59:00","slug":"ecran-lcd-173-msi-ms-17g1-ms-17l1-gs75-mat-fhd-ips-144-hz-neuf","status":"publish","type":"product","link":"https:\/\/boreait.com\/fr\/produit\/ecran-lcd-173-msi-ms-17g1-ms-17l1-gs75-mat-fhd-ips-144-hz-neuf\/","title":{"rendered":"\u00c9cran LCD 17,3&Prime; MSI MS-17G1 MS-17L1 GS75 mat FHD IPS 144 Hz Neuf"},"content":{"rendered":"<p>Mod\u00e8le d&rsquo;\u00e9cran LCD\u00a0: N173HCE-G33 REV C1 \/ NV173FHM-NY2 v8.1 \u2013 ENTI\u00c8REMENT COMPATIBLE AVEC LES MSI MS-17G1, MS-17L1 et GS75 STEALTH<\/p>\n<p>Am\u00e9liorez votre exp\u00e9rience de jeu avec l&rsquo;\u00e9cran LCD 17,3\u00a0pouces sp\u00e9cialement con\u00e7u pour les mod\u00e8les MSI MS-17G1 et MS-17L1 GS75 Stealth. Cet \u00e9cran hautes performances offre une r\u00e9solution Full HD (1920\u00a0x\u00a01080), garantissant des images nettes et d\u00e9taill\u00e9es. Gr\u00e2ce \u00e0 la technologie IPS, vous profiterez de couleurs \u00e9clatantes et de grands angles de vision, pour un rendu exceptionnel de chaque jeu, vid\u00e9o ou image.<\/p>\n<p>L&rsquo;\u00e9cran offre un taux de rafra\u00eechissement de 144\u00a0Hz, offrant des mouvements ultra-fluides et r\u00e9duisant le flou lors des jeux rapides. Sa finition mate minimise les reflets et les reflets, ce qui le rend id\u00e9al pour une utilisation en int\u00e9rieur comme en ext\u00e9rieur. \u00c9quip\u00e9 d&rsquo;un connecteur eDP 40 broches, cet \u00e9cran LCD est facile \u00e0 installer. Bien qu&rsquo;il ne soit pas livr\u00e9 avec les supports sup\u00e9rieur et inf\u00e9rieur, il est fourni avec des bandes adh\u00e9sives double-face pour une fixation parfaite \u00e0 votre ordinateur portable.<\/p>\n<p>Neuf et en parfait \u00e9tat, cet \u00e9cran LCD est le remplacement id\u00e9al pour votre MSI GS75 Stealth. Que vous soyez joueur professionnel ou amateur, cet \u00e9cran offre les performances et la qualit\u00e9 n\u00e9cessaires pour une exp\u00e9rience immersive.<\/p>\n","protected":false},"excerpt":{"rendered":"<p>Am\u00e9liorez votre MSI GS75 Stealth avec un \u00e9cran LCD de 17,3 pouces, con\u00e7u pour des performances gaming \u00e9lev\u00e9es. Cet \u00e9cran IPS FHD offre des graphismes \u00e9poustouflants avec un taux de rafra\u00eechissement de 144 Hz. Sa finition mate r\u00e9duit les reflets, tandis que le connecteur eDP 40 broches facilite l&rsquo;installation. Des bandes adh\u00e9sives double-face sont incluses pour une fixation s\u00e9curis\u00e9e. Tout neuf et pr\u00eat \u00e0 am\u00e9liorer votre exp\u00e9rience de jeu.<\/p>\n","protected":false},"featured_media":15533,"template":"","meta":[],"product_brand":[],"product_cat":[96,95],"product_tag":[82],"class_list":{"0":"post-15526","1":"product","2":"type-product","3":"status-publish","4":"has-post-thumbnail","6":"product_cat-17-3","7":"product_cat-new-laptop-screens-lcd-panels","8":"product_tag-msi","10":"first","11":"instock","12":"taxable","13":"shipping-taxable","14":"purchasable","15":"product-type-simple"},"_links":{"self":[{"href":"https:\/\/boreait.com\/fr\/wp-json\/wp\/v2\/product\/15526","targetHints":{"allow":["GET"]}}],"collection":[{"href":"https:\/\/boreait.com\/fr\/wp-json\/wp\/v2\/product"}],"about":[{"href":"https:\/\/boreait.com\/fr\/wp-json\/wp\/v2\/types\/product"}],"wp:featuredmedia":[{"embeddable":true,"href":"https:\/\/boreait.com\/fr\/wp-json\/wp\/v2\/media\/15533"}],"wp:attachment":[{"href":"https:\/\/boreait.com\/fr\/wp-json\/wp\/v2\/media?parent=15526"}],"wp:term":[{"taxonomy":"product_brand","embeddable":true,"href":"https:\/\/boreait.com\/fr\/wp-json\/wp\/v2\/product_brand?post=15526"},{"taxonomy":"product_cat","embeddable":true,"href":"https:\/\/boreait.com\/fr\/wp-json\/wp\/v2\/product_cat?post=15526"},{"taxonomy":"product_tag","embeddable":true,"href":"https:\/\/boreait.com\/fr\/wp-json\/wp\/v2\/product_tag?post=15526"}],"curies":[{"name":"wp","href":"https:\/\/api.w.org\/{rel}","templated":true}]}}