{"id":15525,"date":"2025-09-16T15:58:52","date_gmt":"2025-09-16T13:58:52","guid":{"rendered":"https:\/\/boreait.com\/fr\/?post_type=product&#038;p=15525"},"modified":"2025-09-16T15:59:00","modified_gmt":"2025-09-16T13:59:00","slug":"ecran-lcd-173-pour-dell-g7-7790-7700-fhd-ips-144-hz-mat-40-broches-neuf","status":"publish","type":"product","link":"https:\/\/boreait.com\/fr\/produit\/ecran-lcd-173-pour-dell-g7-7790-7700-fhd-ips-144-hz-mat-40-broches-neuf\/","title":{"rendered":"\u00c9cran LCD 17,3&Prime; pour Dell G7 7790 7700 FHD IPS 144 Hz mat 40 broches, neuf"},"content":{"rendered":"<p>Mod\u00e8le d&rsquo;\u00e9cran LCD actuel\u00a0: N173HCE-G33 REV C1 \/ NV173FHM-NY2 v8.1 \u2013 ENTI\u00c8REMENT COMPATIBLE AVEC LES Dell G7 17 7790 7700 P46E \u200b\u200bP46E001 P40E P40E001<\/p>\n<p>Profitez d&rsquo;une qualit\u00e9 d&rsquo;affichage sup\u00e9rieure avec l&rsquo;\u00e9cran LCD 17,3&Prime; con\u00e7u pour les mod\u00e8les Dell G7 17 7790 et 7700. Cet \u00e9cran offre une r\u00e9solution Full HD (1920 x 1080), offrant des images nettes et claires, id\u00e9ales pour les jeux, le multim\u00e9dia et l&rsquo;informatique au quotidien. Son taux de rafra\u00eechissement de 144\u00a0Hz garantit des mouvements fluides et fluides, id\u00e9al pour les jeux rapides et la lecture de vid\u00e9os haute d\u00e9finition.<\/p>\n<p>Gr\u00e2ce \u00e0 la technologie IPS (In-Plane Switching), vous profiterez de couleurs \u00e9clatantes et de larges angles de vision, garantissant une qualit\u00e9 d&rsquo;image constante, quelle que soit votre position. La finition mate r\u00e9duit les reflets et R\u00e9duit les reflets, offrant une exp\u00e9rience visuelle confortable dans diff\u00e9rentes conditions d&rsquo;\u00e9clairage.<\/p>\n<p>Cet \u00e9cran est \u00e9quip\u00e9 d&rsquo;un connecteur eDP 40 broches pour une installation facile et s\u00e9curis\u00e9e. Bien que les supports sup\u00e9rieur et inf\u00e9rieur ne soient pas inclus, les bandes adh\u00e9sives double-face fournies assurent une fixation stable \u00e0 votre ordinateur portable. Cet \u00e9cran neuf garantit des performances fiables et une mise \u00e0 niveau significative pour votre ordinateur portable Dell G7 17.<\/p>\n<p>Que vous soyez un joueur, un professionnel cr\u00e9atif ou un utilisateur occasionnel, cet \u00e9cran LCD de haute qualit\u00e9 am\u00e9liorera les performances d&rsquo;affichage de votre ordinateur portable et vous offrira une exp\u00e9rience visuelle haut de gamme.<\/p>\n","protected":false},"excerpt":{"rendered":"<p>Am\u00e9liorez votre Dell G7 17 7790 ou 7700 avec cet \u00e9cran LCD 17,3&Prime; hautes performances. Dot\u00e9 d&rsquo;une r\u00e9solution Full HD, d&rsquo;un taux de rafra\u00eechissement de 144 Hz et de la technologie IPS, cet \u00e9cran mat offre des images nettes et \u00e9clatantes. Le connecteur eDP 40 broches facilite l&rsquo;installation et des bandes adh\u00e9sives double-face sont incluses. Veuillez noter que cet \u00e9cran n&rsquo;inclut pas les supports sup\u00e9rieur et inf\u00e9rieur. Neuf et pr\u00eat \u00e0 am\u00e9liorer votre exp\u00e9rience visuelle.<\/p>\n<h3><\/h3>\n","protected":false},"featured_media":15533,"template":"","meta":[],"product_brand":[],"product_cat":[96,95],"product_tag":[],"class_list":{"0":"post-15525","1":"product","2":"type-product","3":"status-publish","4":"has-post-thumbnail","6":"product_cat-17-3","7":"product_cat-new-laptop-screens-lcd-panels","9":"first","10":"instock","11":"taxable","12":"shipping-taxable","13":"purchasable","14":"product-type-simple"},"_links":{"self":[{"href":"https:\/\/boreait.com\/fr\/wp-json\/wp\/v2\/product\/15525","targetHints":{"allow":["GET"]}}],"collection":[{"href":"https:\/\/boreait.com\/fr\/wp-json\/wp\/v2\/product"}],"about":[{"href":"https:\/\/boreait.com\/fr\/wp-json\/wp\/v2\/types\/product"}],"wp:featuredmedia":[{"embeddable":true,"href":"https:\/\/boreait.com\/fr\/wp-json\/wp\/v2\/media\/15533"}],"wp:attachment":[{"href":"https:\/\/boreait.com\/fr\/wp-json\/wp\/v2\/media?parent=15525"}],"wp:term":[{"taxonomy":"product_brand","embeddable":true,"href":"https:\/\/boreait.com\/fr\/wp-json\/wp\/v2\/product_brand?post=15525"},{"taxonomy":"product_cat","embeddable":true,"href":"https:\/\/boreait.com\/fr\/wp-json\/wp\/v2\/product_cat?post=15525"},{"taxonomy":"product_tag","embeddable":true,"href":"https:\/\/boreait.com\/fr\/wp-json\/wp\/v2\/product_tag?post=15525"}],"curies":[{"name":"wp","href":"https:\/\/api.w.org\/{rel}","templated":true}]}}