{"id":15523,"date":"2025-09-16T15:58:52","date_gmt":"2025-09-16T13:58:52","guid":{"rendered":"https:\/\/boreait.com\/fr\/?post_type=product&#038;p=15523"},"modified":"2025-09-16T15:58:59","modified_gmt":"2025-09-16T13:58:59","slug":"ecran-lcd-173-dell-alienware-m17-r4-fhd-144-hz-ips-40-broches-mat-neuf","status":"publish","type":"product","link":"https:\/\/boreait.com\/fr\/produit\/ecran-lcd-173-dell-alienware-m17-r4-fhd-144-hz-ips-40-broches-mat-neuf\/","title":{"rendered":"\u00c9cran LCD 17,3&Prime; Dell Alienware M17 R4 FHD 144 Hz IPS 40 broches mat neuf"},"content":{"rendered":"<p>Mod\u00e8le d&rsquo;\u00e9cran LCD\u00a0: N173HCE-G33 REV C1 \/ NV173FHM-NY2 v8.1 \u2013 ENTI\u00c8REMENT COMPATIBLE AVEC LE Dell Alienware M17 R4 P45E P45E002<\/p>\n<p>Am\u00e9liorez votre exp\u00e9rience de jeu avec cet \u00e9cran LCD haut de gamme de 17,3\u00a0pouces, sp\u00e9cialement con\u00e7u pour le Dell Alienware M17 R4 P45E P45E002. Cet \u00e9cran offre une r\u00e9solution Full HD (1920\u00a0x\u00a01080), offrant des images nettes et claires qui donnent vie \u00e0 vos jeux, films et t\u00e2ches quotidiennes. Sa finition mate r\u00e9duit les reflets et offre un confort visuel optimal, m\u00eame dans les environnements tr\u00e8s \u00e9clair\u00e9s.<\/p>\n<p>Gr\u00e2ce \u00e0 la technologie IPS, cet \u00e9cran offre des couleurs \u00e9clatantes et de larges angles de vision, garantissant une image nette et homog\u00e8ne sous tous les angles. Le taux de rafra\u00eechissement de 144\u00a0Hz offre des mouvements ultra-fluides, id\u00e9al pour les jeux et les actions rapides. <\/p>\n<p>Cet \u00e9cran est \u00e9quip\u00e9 d&rsquo;un connecteur eDP 40 broches, ce qui facilite son installation sur votre ordinateur portable. Bien qu&rsquo;il ne soit pas livr\u00e9 avec des supports sup\u00e9rieurs et inf\u00e9rieurs, des bandes adh\u00e9sives double-face sont incluses pour une fixation s\u00e9curis\u00e9e. Ce tout nouvel \u00e9cran est id\u00e9al pour un remplacement ou une mise \u00e0 niveau, offrant les performances de haute qualit\u00e9 attendues par les utilisateurs d&rsquo;Alienware.<\/p>\n<p>Que vous soyez joueur, cr\u00e9ateur de contenu ou professionnel, cet \u00e9cran LCD est con\u00e7u pour r\u00e9pondre \u00e0 vos exigences \u00e9lev\u00e9es, vous offrant un affichage immersif et r\u00e9actif pour tous vos besoins.<\/p>\n","protected":false},"excerpt":{"rendered":"<p>Am\u00e9liorez votre Dell Alienware M17 R4 avec cet \u00e9cran LCD mat de 17,3 pouces. Dot\u00e9 d&rsquo;une r\u00e9solution Full HD, de la technologie IPS et d&rsquo;un taux de rafra\u00eechissement de 144 Hz, cet \u00e9cran offre des images fluides et \u00e9clatantes. Le connecteur eDP 40 broches facilite l&rsquo;installation et des bandes adh\u00e9sives double-face sont incluses. Aucun support n&rsquo;est requis. \u00c9tat\u00a0: neuf.<\/p>\n","protected":false},"featured_media":15533,"template":"","meta":[],"product_brand":[],"product_cat":[96,95],"product_tag":[],"class_list":{"0":"post-15523","1":"product","2":"type-product","3":"status-publish","4":"has-post-thumbnail","6":"product_cat-17-3","7":"product_cat-new-laptop-screens-lcd-panels","9":"first","10":"instock","11":"taxable","12":"shipping-taxable","13":"purchasable","14":"product-type-simple"},"_links":{"self":[{"href":"https:\/\/boreait.com\/fr\/wp-json\/wp\/v2\/product\/15523","targetHints":{"allow":["GET"]}}],"collection":[{"href":"https:\/\/boreait.com\/fr\/wp-json\/wp\/v2\/product"}],"about":[{"href":"https:\/\/boreait.com\/fr\/wp-json\/wp\/v2\/types\/product"}],"wp:featuredmedia":[{"embeddable":true,"href":"https:\/\/boreait.com\/fr\/wp-json\/wp\/v2\/media\/15533"}],"wp:attachment":[{"href":"https:\/\/boreait.com\/fr\/wp-json\/wp\/v2\/media?parent=15523"}],"wp:term":[{"taxonomy":"product_brand","embeddable":true,"href":"https:\/\/boreait.com\/fr\/wp-json\/wp\/v2\/product_brand?post=15523"},{"taxonomy":"product_cat","embeddable":true,"href":"https:\/\/boreait.com\/fr\/wp-json\/wp\/v2\/product_cat?post=15523"},{"taxonomy":"product_tag","embeddable":true,"href":"https:\/\/boreait.com\/fr\/wp-json\/wp\/v2\/product_tag?post=15523"}],"curies":[{"name":"wp","href":"https:\/\/api.w.org\/{rel}","templated":true}]}}