{"id":15521,"date":"2025-09-16T15:58:51","date_gmt":"2025-09-16T13:58:51","guid":{"rendered":"https:\/\/boreait.com\/fr\/?post_type=product&#038;p=15521"},"modified":"2025-09-16T15:58:59","modified_gmt":"2025-09-16T13:58:59","slug":"ecran-lcd-173-asus-rog-strix-g733qs-mat-144-hz-fhd-ips-40-broches-neuf","status":"publish","type":"product","link":"https:\/\/boreait.com\/fr\/produit\/ecran-lcd-173-asus-rog-strix-g733qs-mat-144-hz-fhd-ips-40-broches-neuf\/","title":{"rendered":"\u00c9cran LCD 17,3&Prime; Asus ROG Strix G733QS mat 144 Hz FHD IPS 40 broches neuf"},"content":{"rendered":"<p><strong>Mod\u00e8le d&rsquo;\u00e9cran LCD actuel\u00a0: N173HCE-G33 REV C1 \/ NV173FHM-NY2 v8.1 \u2013 ENTI\u00c8REMENT COMPATIBLE AVEC L&rsquo;Asus ROG Strix G733QS<\/strong><\/p>\n<p>L&rsquo;\u00e9cran LCD 17,3&Prime; pour Asus ROG Strix G733QS est con\u00e7u pour optimiser vos exp\u00e9riences gaming et multim\u00e9dia. Dot\u00e9 d&rsquo;une r\u00e9solution Full HD (1920 x 1080) et de la technologie IPS, cet \u00e9cran offre des couleurs \u00e9clatantes et de larges angles de vision, pour une exp\u00e9rience visuelle exceptionnelle, que vous jouiez, diffusiez en streaming ou travailliez.<\/p>\n<p>Avec un taux de rafra\u00eechissement \u00e9lev\u00e9 de 144\u00a0Hz, cet \u00e9cran offre des mouvements ultra-fluides, r\u00e9duisant le flou et am\u00e9liorant la clart\u00e9 des jeux et vid\u00e9os rapides. Sa finition mate minimise les reflets, facilitant ainsi son utilisation dans diverses conditions d&rsquo;\u00e9clairage.<\/p>\n<p>Cet \u00e9cran LCD est \u00e9quip\u00e9 d&rsquo;un connecteur eDP 40\u00a0broches, assurant une connexion fluide \u00e0 votre appareil. L&rsquo;\u00e9cran n&rsquo;inclut pas les ports haut et bas. Gr\u00e2ce aux supports inf\u00e9rieurs, l&rsquo;\u00e9cran s&rsquo;installe solidement gr\u00e2ce aux bandes adh\u00e9sives double-face fournies, pour une installation propre et stable.<\/p>\n<p>Neuf et en parfait \u00e9tat, cet \u00e9cran est le remplacement ou la mise \u00e0 niveau id\u00e9al pour votre ordinateur portable Asus ROG Strix G733QS. B\u00e9n\u00e9ficiez de performances et d&rsquo;un rendu visuel am\u00e9lior\u00e9s gr\u00e2ce \u00e0 cet \u00e9cran haute qualit\u00e9 et durable, con\u00e7u pour r\u00e9pondre aux exigences des joueurs exigeants comme des professionnels.<\/p>\n","protected":false},"excerpt":{"rendered":"<p>Am\u00e9liorez votre exp\u00e9rience de jeu avec l&rsquo;\u00e9cran LCD 17,3&Prime; pour Asus ROG Strix G733QS. Cet \u00e9cran IPS FHD mat offre un taux de rafra\u00eechissement de 144 Hz, id\u00e9al pour des images fluides et immersives. \u00c9quip\u00e9 d&rsquo;un connecteur eDP 40 broches, il est facile \u00e0 installer gr\u00e2ce aux bandes adh\u00e9sives double-face fournies. Neuf, sans supports sup\u00e9rieur et inf\u00e9rieur.<\/p>\n<h3><\/h3>\n","protected":false},"featured_media":15533,"template":"","meta":[],"product_brand":[],"product_cat":[96,95],"product_tag":[66],"class_list":{"0":"post-15521","1":"product","2":"type-product","3":"status-publish","4":"has-post-thumbnail","6":"product_cat-17-3","7":"product_cat-new-laptop-screens-lcd-panels","8":"product_tag-asus","10":"first","11":"instock","12":"taxable","13":"shipping-taxable","14":"purchasable","15":"product-type-simple"},"_links":{"self":[{"href":"https:\/\/boreait.com\/fr\/wp-json\/wp\/v2\/product\/15521","targetHints":{"allow":["GET"]}}],"collection":[{"href":"https:\/\/boreait.com\/fr\/wp-json\/wp\/v2\/product"}],"about":[{"href":"https:\/\/boreait.com\/fr\/wp-json\/wp\/v2\/types\/product"}],"wp:featuredmedia":[{"embeddable":true,"href":"https:\/\/boreait.com\/fr\/wp-json\/wp\/v2\/media\/15533"}],"wp:attachment":[{"href":"https:\/\/boreait.com\/fr\/wp-json\/wp\/v2\/media?parent=15521"}],"wp:term":[{"taxonomy":"product_brand","embeddable":true,"href":"https:\/\/boreait.com\/fr\/wp-json\/wp\/v2\/product_brand?post=15521"},{"taxonomy":"product_cat","embeddable":true,"href":"https:\/\/boreait.com\/fr\/wp-json\/wp\/v2\/product_cat?post=15521"},{"taxonomy":"product_tag","embeddable":true,"href":"https:\/\/boreait.com\/fr\/wp-json\/wp\/v2\/product_tag?post=15521"}],"curies":[{"name":"wp","href":"https:\/\/api.w.org\/{rel}","templated":true}]}}