{"id":15520,"date":"2025-09-16T15:58:51","date_gmt":"2025-09-16T13:58:51","guid":{"rendered":"https:\/\/boreait.com\/fr\/?post_type=product&#038;p=15520"},"modified":"2025-09-16T15:58:59","modified_gmt":"2025-09-16T13:58:59","slug":"ecran-lcd-173-pour-hp-pavilion-17-cd-17t-cd-mat-40-broches-fhd-ips-144-hz-neuf","status":"publish","type":"product","link":"https:\/\/boreait.com\/fr\/produit\/ecran-lcd-173-pour-hp-pavilion-17-cd-17t-cd-mat-40-broches-fhd-ips-144-hz-neuf\/","title":{"rendered":"\u00c9cran LCD 17,3&Prime; pour HP Pavilion 17-cd 17t-cd mat 40 broches FHD IPS 144 Hz, neuf"},"content":{"rendered":"<p>Mod\u00e8le d&rsquo;\u00e9cran LCD\u00a0: N173HCE-G33 REV C1 \/ NV173FHM-NY2 v8.1 \u2013 ENTI\u00c8REMENT COMPATIBLE AVEC LES HP Pavilion Gaming 17-cd et 17t-cd<\/p>\n<p>Am\u00e9liorez votre exp\u00e9rience de jeu et multim\u00e9dia avec cet \u00e9cran LCD hautes performances de 17,3\u00a0pouces, sp\u00e9cialement con\u00e7u pour les ordinateurs portables HP Pavilion Gaming des s\u00e9ries 17-cd et 17t-cd. Sa r\u00e9solution Full HD (FHD) garantit des images d&rsquo;une nettet\u00e9 exceptionnelle qui donnent vie \u00e0 vos jeux et vid\u00e9os. La technologie IPS offre des couleurs \u00e9clatantes et de larges angles de vision, vous garantissant une vue optimale quelle que soit votre position.<\/p>\n<p>Avec un taux de rafra\u00eechissement rapide de 144\u00a0Hz, cet \u00e9cran est id\u00e9al pour les joueurs qui recherchent une exp\u00e9rience de jeu fluide et r\u00e9active. Sa finition mate r\u00e9duit les reflets, vous permettant de vous concentrer sur votre contenu sans distraction. L&rsquo;\u00e9cran est \u00e9quip\u00e9 d&rsquo;un connecteur eDP 40\u00a0broches pour une compatibilit\u00e9 optimale avec votre ordinateur portable. Bien que cet \u00e9cran ne soit pas livr\u00e9 avec des supports sup\u00e9rieur et inf\u00e9rieur, il est fourni avec des bandes adh\u00e9sives double-face pour une installation s\u00fbre et stable. Ce tout nouvel \u00e9cran LCD est id\u00e9al pour remplacer ou am\u00e9liorer votre ordinateur portable HP Pavilion Gaming et garantir des performances optimales.<\/p>\n<p>Que vous soyez un joueur passionn\u00e9 ou que vous recherchiez simplement un \u00e9cran de haute qualit\u00e9 pour un usage quotidien, cet \u00e9cran LCD r\u00e9pondra \u00e0 vos attentes, vous offrant des images nettes, \u00e9clatantes et fluides.<\/p>\n","protected":false},"excerpt":{"rendered":"<p>Am\u00e9liorez votre ordinateur portable HP Pavilion Gaming 17-cd ou 17t-cd avec cet \u00e9cran LCD mat de 17,3 pouces. Dot\u00e9 d&rsquo;une r\u00e9solution Full HD, de la technologie IPS et d&rsquo;un taux de rafra\u00eechissement de 144 Hz, il offre une exp\u00e9rience visuelle sup\u00e9rieure. \u00c9quip\u00e9 d&rsquo;un connecteur eDP 40 broches, cet \u00e9cran est fourni avec des bandes adh\u00e9sives double-face pour une installation s\u00e9curis\u00e9e. Neuf et en parfait \u00e9tat.<\/p>\n","protected":false},"featured_media":15533,"template":"","meta":[],"product_brand":[],"product_cat":[96,95],"product_tag":[],"class_list":{"0":"post-15520","1":"product","2":"type-product","3":"status-publish","4":"has-post-thumbnail","6":"product_cat-17-3","7":"product_cat-new-laptop-screens-lcd-panels","9":"first","10":"instock","11":"taxable","12":"shipping-taxable","13":"purchasable","14":"product-type-simple"},"_links":{"self":[{"href":"https:\/\/boreait.com\/fr\/wp-json\/wp\/v2\/product\/15520","targetHints":{"allow":["GET"]}}],"collection":[{"href":"https:\/\/boreait.com\/fr\/wp-json\/wp\/v2\/product"}],"about":[{"href":"https:\/\/boreait.com\/fr\/wp-json\/wp\/v2\/types\/product"}],"wp:featuredmedia":[{"embeddable":true,"href":"https:\/\/boreait.com\/fr\/wp-json\/wp\/v2\/media\/15533"}],"wp:attachment":[{"href":"https:\/\/boreait.com\/fr\/wp-json\/wp\/v2\/media?parent=15520"}],"wp:term":[{"taxonomy":"product_brand","embeddable":true,"href":"https:\/\/boreait.com\/fr\/wp-json\/wp\/v2\/product_brand?post=15520"},{"taxonomy":"product_cat","embeddable":true,"href":"https:\/\/boreait.com\/fr\/wp-json\/wp\/v2\/product_cat?post=15520"},{"taxonomy":"product_tag","embeddable":true,"href":"https:\/\/boreait.com\/fr\/wp-json\/wp\/v2\/product_tag?post=15520"}],"curies":[{"name":"wp","href":"https:\/\/api.w.org\/{rel}","templated":true}]}}