{"id":15517,"date":"2025-09-16T15:58:51","date_gmt":"2025-09-16T13:58:51","guid":{"rendered":"https:\/\/boreait.com\/fr\/?post_type=product&#038;p=15517"},"modified":"2025-09-16T15:58:58","modified_gmt":"2025-09-16T13:58:58","slug":"ecran-lcd-173-hp-m11449-001-m13595-001-fhd-ips-144-hz-mat-40-broches-neuf","status":"publish","type":"product","link":"https:\/\/boreait.com\/fr\/produit\/ecran-lcd-173-hp-m11449-001-m13595-001-fhd-ips-144-hz-mat-40-broches-neuf\/","title":{"rendered":"\u00c9cran LCD 17,3&Prime; HP M11449-001 M13595-001 FHD IPS 144 Hz Mat 40 broches Neuf"},"content":{"rendered":"<p>Mod\u00e8le d&rsquo;\u00e9cran LCD\u00a0: N173HCE-G33 REV C1 \/ NV173FHM-NY2 v8.1 \u2013 ENTI\u00c8REMENT COMPATIBLE AVEC HP M11449-001 M13595-001<\/p>\n<p>L&rsquo;\u00e9cran LCD HP M11449-001 M13595-001 est con\u00e7u pour am\u00e9liorer l&rsquo;exp\u00e9rience visuelle de votre ordinateur portable. Dot\u00e9 d&rsquo;un \u00e9cran mat de 17,3 pouces, cet \u00e9cran offre une r\u00e9solution Full HD (1920 x 1080) pour des images nettes et \u00e9clatantes. Gr\u00e2ce \u00e0 la technologie IPS, vous profiterez de larges angles de vision et de couleurs r\u00e9alistes, ce qui le rend id\u00e9al pour le travail professionnel comme pour les loisirs.<\/p>\n<p>L&rsquo;une des caract\u00e9ristiques les plus remarquables de cet \u00e9cran LCD est son taux de rafra\u00eechissement de 144\u00a0Hz, qui garantit des images fluides et fluides, notamment lors de jeux vid\u00e9o ou de lectures vid\u00e9o \u00e0 grande vitesse. L&rsquo;\u00e9cran se connecte \u00e0 votre ordinateur portable via un connecteur eDP 40 broches, garantissant une connexion fiable et s\u00e9curis\u00e9e. Bien qu&rsquo;il ne soit pas livr\u00e9 avec les supports sup\u00e9rieur et inf\u00e9rieur, il est fourni avec des bandes adh\u00e9sives double-face, ce qui simplifie et s\u00e9curise l&rsquo;installation.<\/p>\n<p>Neuf et en parfait \u00e9tat, l&rsquo;\u00e9cran HP M11449-001 M13595-001 est un excellent choix pour ceux qui souhaitent am\u00e9liorer l&rsquo;\u00e9cran de leur ordinateur portable. Que vous soyez un joueur, un professionnel cr\u00e9atif ou simplement un utilisateur appr\u00e9ciant les visuels de haute qualit\u00e9, cet \u00e9cran est con\u00e7u pour offrir des performances exceptionnelles et une exp\u00e9rience visuelle sup\u00e9rieure.<\/p>\n","protected":false},"excerpt":{"rendered":"<p>Am\u00e9liorez votre ordinateur portable avec l&rsquo;\u00e9cran LCD HP M11449-001 M13595-001. Cet \u00e9cran mat de 17,3 pouces offre une r\u00e9solution Full HD, la technologie IPS et un taux de rafra\u00eechissement de 144 Hz. Il se connecte via un connecteur eDP 40 broches et est fourni avec des bandes adh\u00e9sives double-face pour une installation facile. Ce tout nouvel \u00e9cran offre des graphismes exceptionnels pour les jeux et le multim\u00e9dia.<\/p>\n","protected":false},"featured_media":15533,"template":"","meta":[],"product_brand":[],"product_cat":[96,95],"product_tag":[],"class_list":{"0":"post-15517","1":"product","2":"type-product","3":"status-publish","4":"has-post-thumbnail","6":"product_cat-17-3","7":"product_cat-new-laptop-screens-lcd-panels","9":"first","10":"instock","11":"taxable","12":"shipping-taxable","13":"purchasable","14":"product-type-simple"},"_links":{"self":[{"href":"https:\/\/boreait.com\/fr\/wp-json\/wp\/v2\/product\/15517","targetHints":{"allow":["GET"]}}],"collection":[{"href":"https:\/\/boreait.com\/fr\/wp-json\/wp\/v2\/product"}],"about":[{"href":"https:\/\/boreait.com\/fr\/wp-json\/wp\/v2\/types\/product"}],"wp:featuredmedia":[{"embeddable":true,"href":"https:\/\/boreait.com\/fr\/wp-json\/wp\/v2\/media\/15533"}],"wp:attachment":[{"href":"https:\/\/boreait.com\/fr\/wp-json\/wp\/v2\/media?parent=15517"}],"wp:term":[{"taxonomy":"product_brand","embeddable":true,"href":"https:\/\/boreait.com\/fr\/wp-json\/wp\/v2\/product_brand?post=15517"},{"taxonomy":"product_cat","embeddable":true,"href":"https:\/\/boreait.com\/fr\/wp-json\/wp\/v2\/product_cat?post=15517"},{"taxonomy":"product_tag","embeddable":true,"href":"https:\/\/boreait.com\/fr\/wp-json\/wp\/v2\/product_tag?post=15517"}],"curies":[{"name":"wp","href":"https:\/\/api.w.org\/{rel}","templated":true}]}}