{"id":15515,"date":"2025-09-16T15:58:50","date_gmt":"2025-09-16T13:58:50","guid":{"rendered":"https:\/\/boreait.com\/fr\/?post_type=product&#038;p=15515"},"modified":"2025-09-16T15:58:57","modified_gmt":"2025-09-16T13:58:57","slug":"ecran-lcd-173-ne173fhm-nz1-mat-fhd-ips-144-hz-40-broches-neuf","status":"publish","type":"product","link":"https:\/\/boreait.com\/fr\/produit\/ecran-lcd-173-ne173fhm-nz1-mat-fhd-ips-144-hz-40-broches-neuf\/","title":{"rendered":"\u00c9cran LCD 17,3&Prime; NE173FHM-NZ1 mat FHD IPS 144 Hz 40 broches Neuf"},"content":{"rendered":"<p><strong>Mod\u00e8le d&rsquo;\u00e9cran LCD actuel\u00a0: N173HCE-G33 REV C1 \/ NV173FHM-NY2 v8.1 \u2013 ENTI\u00c8REMENT COMPATIBLE AVEC LE NE173FHM-NZ1<\/strong><\/p>\n<p>Le NE173FHM-NZ1 est un \u00e9cran LCD haut de gamme de 17,3 pouces con\u00e7u pour am\u00e9liorer les performances visuelles de votre ordinateur portable. Avec sa r\u00e9solution Full HD (1920 x 1080), il offre des images nettes et d\u00e9taill\u00e9es, id\u00e9ales pour le travail comme pour les loisirs. La technologie IPS (In-Plane Switching) garantit une pr\u00e9cision des couleurs constante et de larges angles de vision, pour un affichage \u00e9clatant sous tous les angles.<\/p>\n<p>Cet \u00e9cran b\u00e9n\u00e9ficie \u00e9galement d&rsquo;un taux de rafra\u00eechissement impressionnant de 144\u00a0Hz, offrant des mouvements fluides et fluides, id\u00e9al pour les jeux, le montage vid\u00e9o et autres t\u00e2ches exigeantes. Sa finition mate r\u00e9duit les reflets, vous permettant de travailler confortablement m\u00eame dans des environnements lumineux. <\/p>\n<p>Le NE173FHM-NZ1 est \u00e9quip\u00e9 d&rsquo;un connecteur eDP 40 broches pour une compatibilit\u00e9 optimale avec votre ordinateur portable. Bien qu&rsquo;il ne soit pas fourni avec des supports sup\u00e9rieur et inf\u00e9rieur, il est fourni avec des bandes adh\u00e9sives double-face pour une installation simple et s\u00e9curis\u00e9e.<\/p>\n<p>Neuf et en parfait \u00e9tat, cet \u00e9cran LCD est un excellent choix pour ceux qui souhaitent mettre \u00e0 niveau ou remplacer leur \u00e9cran actuel. Que vous soyez un joueur, un professionnel cr\u00e9atif ou un amateur de graphismes de haute qualit\u00e9, le NE173FHM-NZ1 vous offrira une exp\u00e9rience visuelle exceptionnelle.<\/p>\n","protected":false},"excerpt":{"rendered":"<p>Sublimez l&rsquo;\u00e9cran de votre ordinateur portable avec l&rsquo;\u00e9cran LCD mat NE173FHM-NZ1 de 17,3 pouces. Dot\u00e9 d&rsquo;une r\u00e9solution FHD exceptionnelle, de la technologie IPS et d&rsquo;un taux de rafra\u00eechissement de 144 Hz, cet \u00e9cran offre des images \u00e9clatantes et fluides. Il est \u00e9quip\u00e9 d&rsquo;un connecteur eDP 40 broches et de bandes adh\u00e9sives double-face pour une installation facile. Id\u00e9al pour les t\u00e2ches exigeantes, cet \u00e9cran neuf est pr\u00eat \u00e0 am\u00e9liorer votre exp\u00e9rience visuelle.<\/p>\n","protected":false},"featured_media":15533,"template":"","meta":[],"product_brand":[],"product_cat":[96,95],"product_tag":[],"class_list":{"0":"post-15515","1":"product","2":"type-product","3":"status-publish","4":"has-post-thumbnail","6":"product_cat-17-3","7":"product_cat-new-laptop-screens-lcd-panels","9":"first","10":"instock","11":"taxable","12":"shipping-taxable","13":"purchasable","14":"product-type-simple"},"_links":{"self":[{"href":"https:\/\/boreait.com\/fr\/wp-json\/wp\/v2\/product\/15515","targetHints":{"allow":["GET"]}}],"collection":[{"href":"https:\/\/boreait.com\/fr\/wp-json\/wp\/v2\/product"}],"about":[{"href":"https:\/\/boreait.com\/fr\/wp-json\/wp\/v2\/types\/product"}],"wp:featuredmedia":[{"embeddable":true,"href":"https:\/\/boreait.com\/fr\/wp-json\/wp\/v2\/media\/15533"}],"wp:attachment":[{"href":"https:\/\/boreait.com\/fr\/wp-json\/wp\/v2\/media?parent=15515"}],"wp:term":[{"taxonomy":"product_brand","embeddable":true,"href":"https:\/\/boreait.com\/fr\/wp-json\/wp\/v2\/product_brand?post=15515"},{"taxonomy":"product_cat","embeddable":true,"href":"https:\/\/boreait.com\/fr\/wp-json\/wp\/v2\/product_cat?post=15515"},{"taxonomy":"product_tag","embeddable":true,"href":"https:\/\/boreait.com\/fr\/wp-json\/wp\/v2\/product_tag?post=15515"}],"curies":[{"name":"wp","href":"https:\/\/api.w.org\/{rel}","templated":true}]}}