{"id":15514,"date":"2025-09-16T15:58:50","date_gmt":"2025-09-16T13:58:50","guid":{"rendered":"https:\/\/boreait.com\/fr\/?post_type=product&#038;p=15514"},"modified":"2025-09-16T15:58:57","modified_gmt":"2025-09-16T13:58:57","slug":"ecran-lcd-173-lq173m1jw04-lq173m1jw05-fhd-ips-144-hz-mat-neuf","status":"publish","type":"product","link":"https:\/\/boreait.com\/fr\/produit\/ecran-lcd-173-lq173m1jw04-lq173m1jw05-fhd-ips-144-hz-mat-neuf\/","title":{"rendered":"\u00c9cran LCD 17,3&Prime; LQ173M1JW04 LQ173M1JW05 FHD IPS 144 Hz Mat Neuf"},"content":{"rendered":"<p>Mod\u00e8le d&rsquo;\u00e9cran LCD\u00a0: N173HCE-G33 REV C1 \/ NV173FHM-NY2 v8.1 \u2013 ENTI\u00c8REMENT COMPATIBLE AVEC LQ173M1JW04 LQ173M1JW05<\/p>\n<p>Les \u00e9crans LCD LQ173M1JW04 et LQ173M1JW05 sont des \u00e9crans LCD 17,3 pouces haut de gamme con\u00e7us pour offrir une exp\u00e9rience visuelle exceptionnelle sur votre ordinateur portable. Leur r\u00e9solution Full HD (1920 x 1080) offre des images nettes et d\u00e9taill\u00e9es, id\u00e9ales pour les jeux, les films ou les t\u00e2ches complexes. La technologie IPS garantit des couleurs \u00e9clatantes et de larges angles de vision, pour une visualisation optimale quelle que soit la position.<\/p>\n<p>Avec un taux de rafra\u00eechissement \u00e9lev\u00e9 de 144\u00a0Hz, ces \u00e9crans offrent des images fluides et fluides, am\u00e9liorant consid\u00e9rablement votre exp\u00e9rience de jeu et multim\u00e9dia. La finition mate r\u00e9duit les reflets, vous permettant d&rsquo;utiliser votre ordinateur portable confortablement dans diff\u00e9rentes conditions d&rsquo;\u00e9clairage.<\/p>\n<p>Les \u00e9crans sont \u00e9quip\u00e9s d&rsquo;un connecteur eDP 40 broches pour une installation simple et s\u00e9curis\u00e9e. Bien qu&rsquo;ils ne soient pas fournis avec des supports sup\u00e9rieur et inf\u00e9rieur, ils sont dot\u00e9s de bandes adh\u00e9sives double-face, ce qui simplifie l&rsquo;installation.<\/p>\n<p>Neufs et en parfait \u00e9tat, les \u00e9crans LQ173M1JW04 et LQ173M1JW05 sont d&rsquo;excellents choix pour ceux qui souhaitent am\u00e9liorer l&rsquo;affichage de leur ordinateur portable et b\u00e9n\u00e9ficier de meilleurs graphismes, de taux de rafra\u00eechissement plus rapides et d&rsquo;une meilleure pr\u00e9cision des couleurs. Que vous soyez joueur, professionnel ou utilisateur occasionnel, ces \u00e9crans sont con\u00e7us pour r\u00e9pondre \u00e0 vos besoins en hautes performances.<\/p>\n","protected":false},"excerpt":{"rendered":"<p>Am\u00e9liorez l&rsquo;affichage de votre ordinateur portable avec l&rsquo;\u00e9cran LCD LQ173M1JW04 ou LQ173M1JW05. Cet \u00e9cran mat de 17,3 pouces est dot\u00e9 d&rsquo;un connecteur eDP 40 broches, d&rsquo;une r\u00e9solution Full HD et de la technologie IPS pour des couleurs \u00e9clatantes et des angles de vision larges. Avec un taux de rafra\u00eechissement de 144 Hz, il garantit des images fluides pour les jeux et le multim\u00e9dia. Des bandes adh\u00e9sives double-face sont incluses pour une installation facile. \u00c9tat neuf.<\/p>\n","protected":false},"featured_media":15533,"template":"","meta":[],"product_brand":[],"product_cat":[96,95],"product_tag":[],"class_list":{"0":"post-15514","1":"product","2":"type-product","3":"status-publish","4":"has-post-thumbnail","6":"product_cat-17-3","7":"product_cat-new-laptop-screens-lcd-panels","9":"first","10":"instock","11":"taxable","12":"shipping-taxable","13":"purchasable","14":"product-type-simple"},"_links":{"self":[{"href":"https:\/\/boreait.com\/fr\/wp-json\/wp\/v2\/product\/15514","targetHints":{"allow":["GET"]}}],"collection":[{"href":"https:\/\/boreait.com\/fr\/wp-json\/wp\/v2\/product"}],"about":[{"href":"https:\/\/boreait.com\/fr\/wp-json\/wp\/v2\/types\/product"}],"wp:featuredmedia":[{"embeddable":true,"href":"https:\/\/boreait.com\/fr\/wp-json\/wp\/v2\/media\/15533"}],"wp:attachment":[{"href":"https:\/\/boreait.com\/fr\/wp-json\/wp\/v2\/media?parent=15514"}],"wp:term":[{"taxonomy":"product_brand","embeddable":true,"href":"https:\/\/boreait.com\/fr\/wp-json\/wp\/v2\/product_brand?post=15514"},{"taxonomy":"product_cat","embeddable":true,"href":"https:\/\/boreait.com\/fr\/wp-json\/wp\/v2\/product_cat?post=15514"},{"taxonomy":"product_tag","embeddable":true,"href":"https:\/\/boreait.com\/fr\/wp-json\/wp\/v2\/product_tag?post=15514"}],"curies":[{"name":"wp","href":"https:\/\/api.w.org\/{rel}","templated":true}]}}