{"id":15513,"date":"2025-09-16T15:58:50","date_gmt":"2025-09-16T13:58:50","guid":{"rendered":"https:\/\/boreait.com\/fr\/?post_type=product&#038;p=15513"},"modified":"2025-09-16T15:58:57","modified_gmt":"2025-09-16T13:58:57","slug":"ecran-lcd-173-lp173wfg-spv2-spv3-fhd-ips-144-hz-mat-40-broches-neuf","status":"publish","type":"product","link":"https:\/\/boreait.com\/fr\/produit\/ecran-lcd-173-lp173wfg-spv2-spv3-fhd-ips-144-hz-mat-40-broches-neuf\/","title":{"rendered":"\u00c9cran LCD 17,3&Prime; LP173WFG-SPV2\/SPV3 FHD IPS 144 Hz mat 40 broches neuf"},"content":{"rendered":"<p>Mod\u00e8le d&rsquo;\u00e9cran LCD\u00a0: N173HCE-G33 REV C1 \/ NV173FHM-NY2 v8.1 \u2013 ENTI\u00c8REMENT COMPATIBLE AVEC LP173WFG-SPV2 SPV3<\/p>\n<p>Le LP173WFG-SPV2\/SPV3 est un \u00e9cran LCD haut de gamme de 17,3 pouces con\u00e7u pour optimiser les performances d&rsquo;affichage de votre ordinateur portable, notamment pour les jeux et les applications professionnelles. Sa finition mate r\u00e9duit les reflets et garantit un confort visuel optimal, m\u00eame dans les environnements lumineux. Sa r\u00e9solution Full HD (1920 x 1080) vous offre des images nettes et d\u00e9taill\u00e9es, tandis que la technologie IPS offre des couleurs \u00e9clatantes et de larges angles de vision, id\u00e9al pour tous types d&rsquo;applications, des jeux aux travaux cr\u00e9atifs. <\/p>\n<p>L&rsquo;une des caract\u00e9ristiques les plus remarquables de cet \u00e9cran est son taux de rafra\u00eechissement de 144 Hz, qui offre des mouvements ultra-fluides et r\u00e9duit le flou, id\u00e9al pour les jeux rapides ou le montage vid\u00e9o. L&rsquo;\u00e9cran se connecte facilement via un connecteur eDP 40 broches, garantissant ainsi sa compatibilit\u00e9 avec une large gamme d&rsquo;ordinateurs portables. Bien que ce mod\u00e8le ne soit pas fourni avec les supports sup\u00e9rieur et inf\u00e9rieur, il est fourni avec des bandes adh\u00e9sives double-face pour une installation facile et s\u00e9curis\u00e9e.<\/p>\n<p>Neuf et en parfait \u00e9tat, le LP173WFG-SPV2\/SPV3 est un excellent choix pour quiconque souhaite am\u00e9liorer l&rsquo;affichage de son ordinateur portable. Que vous soyez un joueur, un professionnel cr\u00e9atif ou simplement un amateur de graphismes de haute qualit\u00e9, cet \u00e9cran offre les performances et la fiabilit\u00e9 dont vous avez besoin.<\/p>\n","protected":false},"excerpt":{"rendered":"<p>Am\u00e9liorez votre exp\u00e9rience de jeu ou de travail avec l&rsquo;\u00e9cran LCD LP173WFG-SPV2\/SPV3. Cet \u00e9cran mat de 17,3 pouces offre une r\u00e9solution Full HD et un taux de rafra\u00eechissement de 144 Hz pour des images fluides. Dot\u00e9 de la technologie IPS, il garantit des couleurs \u00e9clatantes et de larges angles de vision. Le connecteur eDP 40 broches facilite l&rsquo;installation et des bandes adh\u00e9sives double-face sont incluses. Neuf et pr\u00eat \u00e0 sublimer votre ordinateur portable.<\/p>\n","protected":false},"featured_media":15533,"template":"","meta":[],"product_brand":[],"product_cat":[96,95],"product_tag":[],"class_list":{"0":"post-15513","1":"product","2":"type-product","3":"status-publish","4":"has-post-thumbnail","6":"product_cat-17-3","7":"product_cat-new-laptop-screens-lcd-panels","9":"first","10":"instock","11":"taxable","12":"shipping-taxable","13":"purchasable","14":"product-type-simple"},"_links":{"self":[{"href":"https:\/\/boreait.com\/fr\/wp-json\/wp\/v2\/product\/15513","targetHints":{"allow":["GET"]}}],"collection":[{"href":"https:\/\/boreait.com\/fr\/wp-json\/wp\/v2\/product"}],"about":[{"href":"https:\/\/boreait.com\/fr\/wp-json\/wp\/v2\/types\/product"}],"wp:featuredmedia":[{"embeddable":true,"href":"https:\/\/boreait.com\/fr\/wp-json\/wp\/v2\/media\/15533"}],"wp:attachment":[{"href":"https:\/\/boreait.com\/fr\/wp-json\/wp\/v2\/media?parent=15513"}],"wp:term":[{"taxonomy":"product_brand","embeddable":true,"href":"https:\/\/boreait.com\/fr\/wp-json\/wp\/v2\/product_brand?post=15513"},{"taxonomy":"product_cat","embeddable":true,"href":"https:\/\/boreait.com\/fr\/wp-json\/wp\/v2\/product_cat?post=15513"},{"taxonomy":"product_tag","embeddable":true,"href":"https:\/\/boreait.com\/fr\/wp-json\/wp\/v2\/product_tag?post=15513"}],"curies":[{"name":"wp","href":"https:\/\/api.w.org\/{rel}","templated":true}]}}