{"id":15512,"date":"2025-09-16T15:58:50","date_gmt":"2025-09-16T13:58:50","guid":{"rendered":"https:\/\/boreait.com\/fr\/?post_type=product&#038;p=15512"},"modified":"2025-09-16T15:58:56","modified_gmt":"2025-09-16T13:58:56","slug":"ecran-lcd-173-b173han05-1-0-4-mat-144-hz-fhd-ips-40-broches-neuf","status":"publish","type":"product","link":"https:\/\/boreait.com\/fr\/produit\/ecran-lcd-173-b173han05-1-0-4-mat-144-hz-fhd-ips-40-broches-neuf\/","title":{"rendered":"\u00c9cran LCD 17,3&Prime; B173HAN05.1\/0\/4 mat 144 Hz FHD IPS 40 broches, neuf"},"content":{"rendered":"<p>Mod\u00e8le d&rsquo;\u00e9cran LCD\u00a0: N173HCE-G33 REV C1 \/ NV173FHM-NY2 v8.1 \u2013 ENTI\u00c8REMENT COMPATIBLE AVEC LES \u00c9CRANS B173HAN05.1, B173HAN05.0 et B173HAN05.4<\/p>\n<p>Profitez d&rsquo;une qualit\u00e9 visuelle sup\u00e9rieure avec la s\u00e9rie B173HAN05, un \u00e9cran LCD haut de gamme de 17,3 pouces con\u00e7u pour les plus exigeants. Cet \u00e9cran, disponible en mod\u00e8les B173HAN05.1, B173HAN05.0 et B173HAN05.4, offre une r\u00e9solution Full HD (1920 x 1080) avec une dalle IPS \u00e9clatante, garantissant de larges angles de vision et des couleurs r\u00e9alistes.<\/p>\n<p>L&rsquo;une des caract\u00e9ristiques les plus remarquables de cet \u00e9cran est son taux de rafra\u00eechissement de 144\u00a0Hz, qui offre des mouvements ultra-fluides, id\u00e9al pour les jeux, le montage vid\u00e9o et autres t\u00e2ches exigeantes. Sa finition mate r\u00e9duit les reflets, offrant un confort d&rsquo;utilisation optimal dans diff\u00e9rentes conditions d&rsquo;\u00e9clairage.<\/p>\n<p>Cet \u00e9cran LCD est \u00e9quip\u00e9 d&rsquo;un connecteur eDP 40 broches, le rendant compatible avec une large gamme d&rsquo;ordinateurs portables. Bien qu&rsquo;il ne soit pas fourni avec les supports sup\u00e9rieur et inf\u00e9rieur, il est fourni avec des bandes adh\u00e9sives double-face pour une installation facile et s\u00e9curis\u00e9e. Que vous soyez un joueur, un professionnel de la cr\u00e9ation ou simplement un utilisateur appr\u00e9ciant les \u00e9crans de qualit\u00e9 sup\u00e9rieure, cet \u00e9cran est con\u00e7u pour r\u00e9pondre \u00e0 vos besoins.<\/p>\n<p>Tout neuf et con\u00e7u pour l&rsquo;excellence, la s\u00e9rie B173HAN05 est le remplacement ou la mise \u00e0 niveau id\u00e9al pour l&rsquo;\u00e9cran de votre ordinateur portable, offrant performances et fiabilit\u00e9. Am\u00e9liorez votre exp\u00e9rience informatique avec des images nettes, des performances fluides et la durabilit\u00e9 que vous attendez d&rsquo;un \u00e9cran haut de gamme.<\/p>\n","protected":false},"excerpt":{"rendered":"<p>Am\u00e9liorez votre ordinateur portable avec l&rsquo;\u00e9cran LCD mat 17,3 pouces de la s\u00e9rie B173HAN05. Cet \u00e9cran hautes performances est dot\u00e9 d&rsquo;une dalle IPS Full HD, d&rsquo;un taux de rafra\u00eechissement de 144 Hz et d&rsquo;un connecteur eDP 40 broches. Gr\u00e2ce \u00e0 ses bandes adh\u00e9sives double-face incluses, il est facile \u00e0 installer. Id\u00e9al pour les joueurs et les professionnels en qu\u00eate d&rsquo;une exp\u00e9rience fluide et immersive. Tout neuf, il sublimera vos visuels.<\/p>\n","protected":false},"featured_media":15533,"template":"","meta":[],"product_brand":[],"product_cat":[96,95],"product_tag":[],"class_list":{"0":"post-15512","1":"product","2":"type-product","3":"status-publish","4":"has-post-thumbnail","6":"product_cat-17-3","7":"product_cat-new-laptop-screens-lcd-panels","9":"first","10":"instock","11":"taxable","12":"shipping-taxable","13":"purchasable","14":"product-type-simple"},"_links":{"self":[{"href":"https:\/\/boreait.com\/fr\/wp-json\/wp\/v2\/product\/15512","targetHints":{"allow":["GET"]}}],"collection":[{"href":"https:\/\/boreait.com\/fr\/wp-json\/wp\/v2\/product"}],"about":[{"href":"https:\/\/boreait.com\/fr\/wp-json\/wp\/v2\/types\/product"}],"wp:featuredmedia":[{"embeddable":true,"href":"https:\/\/boreait.com\/fr\/wp-json\/wp\/v2\/media\/15533"}],"wp:attachment":[{"href":"https:\/\/boreait.com\/fr\/wp-json\/wp\/v2\/media?parent=15512"}],"wp:term":[{"taxonomy":"product_brand","embeddable":true,"href":"https:\/\/boreait.com\/fr\/wp-json\/wp\/v2\/product_brand?post=15512"},{"taxonomy":"product_cat","embeddable":true,"href":"https:\/\/boreait.com\/fr\/wp-json\/wp\/v2\/product_cat?post=15512"},{"taxonomy":"product_tag","embeddable":true,"href":"https:\/\/boreait.com\/fr\/wp-json\/wp\/v2\/product_tag?post=15512"}],"curies":[{"name":"wp","href":"https:\/\/api.w.org\/{rel}","templated":true}]}}