{"id":15511,"date":"2025-09-16T15:58:49","date_gmt":"2025-09-16T13:58:49","guid":{"rendered":"https:\/\/boreait.com\/fr\/?post_type=product&#038;p=15511"},"modified":"2025-09-16T15:58:56","modified_gmt":"2025-09-16T13:58:56","slug":"ecran-lcd-173-n173hce-e31-fhd-ips-144-hz-40-broches-mat-neuf","status":"publish","type":"product","link":"https:\/\/boreait.com\/fr\/produit\/ecran-lcd-173-n173hce-e31-fhd-ips-144-hz-40-broches-mat-neuf\/","title":{"rendered":"\u00c9cran LCD 17,3&Prime; N173HCE-E31 FHD IPS 144 Hz 40 broches mat neuf"},"content":{"rendered":"<p>Mod\u00e8le d&rsquo;\u00e9cran LCD\u00a0: N173HCE-G33 REV C1 \/ NV173FHM-NY2 v8.1 \u2013 ENTI\u00c8REMENT COMPATIBLE AVEC N173HCE-E31 E3A E3B E3C E41 G32 G3A G3C GA1 GA2<\/p>\n<p>L&rsquo;\u00e9cran LCD N173HCE-E31 est un choix de premier ordre pour am\u00e9liorer les performances d&rsquo;affichage de votre ordinateur portable. Dot\u00e9 d&rsquo;un grand \u00e9cran mat de 17,3 pouces, il offre une r\u00e9solution Full HD (1920 x 1080) pour des images nettes et \u00e9clatantes. La technologie IPS garantit de larges angles de vision et une reproduction fid\u00e8le des couleurs, ce qui le rend id\u00e9al pour la cr\u00e9ation, les jeux et le multim\u00e9dia.<\/p>\n<p>Ce qui distingue cet \u00e9cran, c&rsquo;est son impressionnant taux de rafra\u00eechissement de 144\u00a0Hz, qui offre des mouvements ultra-fluides, parfaits pour les jeux ou tout contenu visuel \u00e0 haute vitesse. Le connecteur eDP 40 broches assure une compatibilit\u00e9 optimale avec une large gamme d&rsquo;ordinateurs portables. Contrairement \u00e0 d&rsquo;autres \u00e9crans, ce mod\u00e8le ne n\u00e9cessite pas de supports sup\u00e9rieurs et inf\u00e9rieurs pour l&rsquo;installation. Il est livr\u00e9 avec des bandes adh\u00e9sives double-face, garantissant une installation s\u00fbre et simple.<\/p>\n<p>Neuf et en parfait \u00e9tat, le N173HCE-E31 est une excellente mise \u00e0 niveau pour tous ceux qui souhaitent am\u00e9liorer l&rsquo;affichage de leur ordinateur portable. Que vous soyez joueur, designer ou simplement amateur d&rsquo;images de haute qualit\u00e9, cet \u00e9cran offre les performances et la fiabilit\u00e9 dont vous avez besoin.<\/p>\n","protected":false},"excerpt":{"rendered":"<p>Sublimez l&rsquo;\u00e9cran de votre ordinateur portable avec l&rsquo;\u00e9cran LCD N173HCE-E31. Cet \u00e9cran mat de 17,3 pouces offre une r\u00e9solution Full HD, la technologie IPS et un taux de rafra\u00eechissement de 144 Hz pour des images fluides. Dot\u00e9 d&rsquo;un connecteur eDP 40 broches et de bandes adh\u00e9sives double-face incluses pour une installation s\u00e9curis\u00e9e, ce tout nouvel \u00e9cran est id\u00e9al pour le calcul haute performance.<\/p>\n","protected":false},"featured_media":15533,"template":"","meta":[],"product_brand":[],"product_cat":[96,95],"product_tag":[],"class_list":{"0":"post-15511","1":"product","2":"type-product","3":"status-publish","4":"has-post-thumbnail","6":"product_cat-17-3","7":"product_cat-new-laptop-screens-lcd-panels","9":"first","10":"instock","11":"taxable","12":"shipping-taxable","13":"purchasable","14":"product-type-simple"},"_links":{"self":[{"href":"https:\/\/boreait.com\/fr\/wp-json\/wp\/v2\/product\/15511","targetHints":{"allow":["GET"]}}],"collection":[{"href":"https:\/\/boreait.com\/fr\/wp-json\/wp\/v2\/product"}],"about":[{"href":"https:\/\/boreait.com\/fr\/wp-json\/wp\/v2\/types\/product"}],"wp:featuredmedia":[{"embeddable":true,"href":"https:\/\/boreait.com\/fr\/wp-json\/wp\/v2\/media\/15533"}],"wp:attachment":[{"href":"https:\/\/boreait.com\/fr\/wp-json\/wp\/v2\/media?parent=15511"}],"wp:term":[{"taxonomy":"product_brand","embeddable":true,"href":"https:\/\/boreait.com\/fr\/wp-json\/wp\/v2\/product_brand?post=15511"},{"taxonomy":"product_cat","embeddable":true,"href":"https:\/\/boreait.com\/fr\/wp-json\/wp\/v2\/product_cat?post=15511"},{"taxonomy":"product_tag","embeddable":true,"href":"https:\/\/boreait.com\/fr\/wp-json\/wp\/v2\/product_tag?post=15511"}],"curies":[{"name":"wp","href":"https:\/\/api.w.org\/{rel}","templated":true}]}}