{"id":15507,"date":"2025-09-16T15:58:48","date_gmt":"2025-09-16T13:58:48","guid":{"rendered":"https:\/\/boreait.com\/fr\/?post_type=product&#038;p=15507"},"modified":"2025-09-16T15:58:54","modified_gmt":"2025-09-16T13:58:54","slug":"ecran-lcd-156-pouces-hp-250-g4-mat-30-broches-wxga-neuf","status":"publish","type":"product","link":"https:\/\/boreait.com\/fr\/produit\/ecran-lcd-156-pouces-hp-250-g4-mat-30-broches-wxga-neuf\/","title":{"rendered":"\u00c9cran LCD 15,6 pouces HP 250 G4 mat 30 broches WXGA neuf"},"content":{"rendered":"<p>Mod\u00e8le actuel\u00a0: N156BGA-EA2 REV C1 ou B156XTN07.1 \u2013 ENTI\u00c8REMENT COMPATIBLE AVEC L&rsquo;ORDINATEUR PORTABLE HP 250 G4<\/p>\n<p>Redynamisez votre ordinateur portable HP 250 G4 avec un nouvel \u00e9cran LCD 15,6 pouces con\u00e7u pour des performances optimales. Sa finition mate r\u00e9duit les reflets, offrant un confort de vision optimal dans diverses conditions d&rsquo;\u00e9clairage. Avec une r\u00e9solution WXGA de 1366 x 768, vous b\u00e9n\u00e9ficierez d&rsquo;images nettes et \u00e9clatantes qui optimiseront vos t\u00e2ches informatiques quotidiennes.<\/p>\n<p>Cet \u00e9cran LCD est \u00e9quip\u00e9 d&rsquo;un connecteur eDP 30 broches, pour une installation simple et s\u00e9curis\u00e9e. Les supports sup\u00e9rieur et inf\u00e9rieur garantissent un ajustement stable et pr\u00e9cis, pour une installation ais\u00e9e. Bien que cet \u00e9cran ne soit pas IPS, il offre une bonne reproduction des couleurs et de bons angles de vision, ce qui le rend adapt\u00e9 \u00e0 un usage g\u00e9n\u00e9ral. <\/p>\n<p>Neuf et en parfait \u00e9tat, cet \u00e9cran LCD est id\u00e9al pour remplacer votre ordinateur portable HP 250 G4. Que vous travailliez, naviguiez ou diffusiez du contenu en streaming, cet \u00e9cran offre des performances constantes et fiables, am\u00e9liorant ainsi votre exp\u00e9rience utilisateur.<\/p>\n","protected":false},"excerpt":{"rendered":"<p>Am\u00e9liorez votre HP 250 G4 avec un tout nouvel \u00e9cran LCD mat de 15,6 pouces. Cet \u00e9cran offre une r\u00e9solution WXGA et un connecteur eDP 30 broches pour une installation facile. \u00c9quip\u00e9 de supports sup\u00e9rieur et inf\u00e9rieur, il offre un maintien s\u00fbr. Id\u00e9al pour une utilisation quotidienne, cet \u00e9cran non IPS garantit des images claires et fiables.<\/p>\n","protected":false},"featured_media":15498,"template":"","meta":[],"product_brand":[],"product_cat":[105,95],"product_tag":[],"class_list":{"0":"post-15507","1":"product","2":"type-product","3":"status-publish","4":"has-post-thumbnail","6":"product_cat-15-6-new-laptop-screens-lcd-panels","7":"product_cat-new-laptop-screens-lcd-panels","9":"first","10":"instock","11":"taxable","12":"shipping-taxable","13":"purchasable","14":"product-type-simple"},"_links":{"self":[{"href":"https:\/\/boreait.com\/fr\/wp-json\/wp\/v2\/product\/15507","targetHints":{"allow":["GET"]}}],"collection":[{"href":"https:\/\/boreait.com\/fr\/wp-json\/wp\/v2\/product"}],"about":[{"href":"https:\/\/boreait.com\/fr\/wp-json\/wp\/v2\/types\/product"}],"wp:featuredmedia":[{"embeddable":true,"href":"https:\/\/boreait.com\/fr\/wp-json\/wp\/v2\/media\/15498"}],"wp:attachment":[{"href":"https:\/\/boreait.com\/fr\/wp-json\/wp\/v2\/media?parent=15507"}],"wp:term":[{"taxonomy":"product_brand","embeddable":true,"href":"https:\/\/boreait.com\/fr\/wp-json\/wp\/v2\/product_brand?post=15507"},{"taxonomy":"product_cat","embeddable":true,"href":"https:\/\/boreait.com\/fr\/wp-json\/wp\/v2\/product_cat?post=15507"},{"taxonomy":"product_tag","embeddable":true,"href":"https:\/\/boreait.com\/fr\/wp-json\/wp\/v2\/product_tag?post=15507"}],"curies":[{"name":"wp","href":"https:\/\/api.w.org\/{rel}","templated":true}]}}