{"id":15506,"date":"2025-09-16T15:58:48","date_gmt":"2025-09-16T13:58:48","guid":{"rendered":"https:\/\/boreait.com\/fr\/?post_type=product&#038;p=15506"},"modified":"2025-09-16T15:58:54","modified_gmt":"2025-09-16T13:58:54","slug":"ecran-lcd-156-pouces-hp-250-g5-mat-30-broches-wxga-neuf","status":"publish","type":"product","link":"https:\/\/boreait.com\/fr\/produit\/ecran-lcd-156-pouces-hp-250-g5-mat-30-broches-wxga-neuf\/","title":{"rendered":"\u00c9cran LCD 15,6 pouces HP 250 G5 mat 30 broches WXGA neuf"},"content":{"rendered":"<p>Mod\u00e8le actuel\u00a0: N156BGA-EA2 REV C1 ou B156XTN07.1 \u2013 ENTI\u00c8REMENT COMPATIBLE AVEC L&rsquo;ORDINATEUR PORTABLE HP 250 G5<\/p>\n<p>L&rsquo;\u00e9cran LCD 15,6 pouces du HP 250 G5 est id\u00e9al pour remplacer ou am\u00e9liorer votre ordinateur portable. Con\u00e7u pour offrir des images nettes et claires, cet \u00e9cran mat minimise les reflets, ce qui le rend id\u00e9al dans diverses conditions d&rsquo;\u00e9clairage. Avec une r\u00e9solution WXGA (1366 x 768), cet \u00e9cran garantit une qualit\u00e9 d&rsquo;image nette, am\u00e9liorant votre exp\u00e9rience visuelle pour le travail ou les loisirs.<\/p>\n<p>\u00c9quip\u00e9 d&rsquo;un connecteur eDP 30 broches, l&rsquo;\u00e9cran HP 250 G5 est facile \u00e0 installer. Les supports sup\u00e9rieurs et inf\u00e9rieurs garantissent une fixation solide \u00e0 votre ordinateur portable, pour des performances stables et fiables. Bien qu&rsquo;il ne s&rsquo;agisse pas d&rsquo;un \u00e9cran IPS, il offre une bonne pr\u00e9cision des couleurs et de bons angles de vision, ce qui le rend id\u00e9al pour un usage quotidien. <\/p>\n<p>Cet \u00e9cran neuf vous garantit une qualit\u00e9 et des performances optimales pour votre ordinateur portable. Que vous souhaitiez remplacer un \u00e9cran endommag\u00e9 ou le remplacer pour un meilleur affichage, l&rsquo;\u00e9cran LCD du HP 250 G5 est un choix fiable, offrant une exp\u00e9rience visuelle confortable et claire.<\/p>\n","protected":false},"excerpt":{"rendered":"<p>Am\u00e9liorez votre ordinateur portable HP 250 G5 avec un nouvel \u00e9cran LCD mat de 15,6 pouces. Cet \u00e9cran WXGA offre des images nettes et dispose d&rsquo;un connecteur eDP 30 broches pour une installation facile. Dot\u00e9 de supports sup\u00e9rieur et inf\u00e9rieur, cet \u00e9cran non IPS est id\u00e9al pour les t\u00e2ches quotidiennes.<\/p>\n","protected":false},"featured_media":15498,"template":"","meta":[],"product_brand":[],"product_cat":[105,95],"product_tag":[],"class_list":{"0":"post-15506","1":"product","2":"type-product","3":"status-publish","4":"has-post-thumbnail","6":"product_cat-15-6-new-laptop-screens-lcd-panels","7":"product_cat-new-laptop-screens-lcd-panels","9":"first","10":"instock","11":"taxable","12":"shipping-taxable","13":"purchasable","14":"product-type-simple"},"_links":{"self":[{"href":"https:\/\/boreait.com\/fr\/wp-json\/wp\/v2\/product\/15506","targetHints":{"allow":["GET"]}}],"collection":[{"href":"https:\/\/boreait.com\/fr\/wp-json\/wp\/v2\/product"}],"about":[{"href":"https:\/\/boreait.com\/fr\/wp-json\/wp\/v2\/types\/product"}],"wp:featuredmedia":[{"embeddable":true,"href":"https:\/\/boreait.com\/fr\/wp-json\/wp\/v2\/media\/15498"}],"wp:attachment":[{"href":"https:\/\/boreait.com\/fr\/wp-json\/wp\/v2\/media?parent=15506"}],"wp:term":[{"taxonomy":"product_brand","embeddable":true,"href":"https:\/\/boreait.com\/fr\/wp-json\/wp\/v2\/product_brand?post=15506"},{"taxonomy":"product_cat","embeddable":true,"href":"https:\/\/boreait.com\/fr\/wp-json\/wp\/v2\/product_cat?post=15506"},{"taxonomy":"product_tag","embeddable":true,"href":"https:\/\/boreait.com\/fr\/wp-json\/wp\/v2\/product_tag?post=15506"}],"curies":[{"name":"wp","href":"https:\/\/api.w.org\/{rel}","templated":true}]}}