{"id":15503,"date":"2025-09-16T15:58:47","date_gmt":"2025-09-16T13:58:47","guid":{"rendered":"https:\/\/boreait.com\/fr\/?post_type=product&#038;p=15503"},"modified":"2025-09-16T15:58:54","modified_gmt":"2025-09-16T13:58:54","slug":"ecran-lcd-156-pouces-lenovo-fru-5d10k81086-5d10k81084-mat-30-broches-wxga-neuf","status":"publish","type":"product","link":"https:\/\/boreait.com\/fr\/produit\/ecran-lcd-156-pouces-lenovo-fru-5d10k81086-5d10k81084-mat-30-broches-wxga-neuf\/","title":{"rendered":"\u00c9cran LCD 15,6 pouces Lenovo FRU 5D10K81086\/5D10K81084 mat 30 broches WXGA neuf"},"content":{"rendered":"<p>Mod\u00e8le actuel\u00a0: N156BGA-EA2 REV C1 ou B156XTN07.1 \u2013 ENTI\u00c8REMENT COMPATIBLE AVEC LES ORDINATEURS PORTABLES Lenovo FRU 5D10K81086 et 5D10K81084<\/p>\n<p>Le Lenovo FRU 5D10K81086\/5D10K81084 est un \u00e9cran LCD haut de gamme de 15,6 pouces con\u00e7u pour offrir des images nettes et \u00e9clatantes \u00e0 votre ordinateur portable. Dot\u00e9 d&rsquo;une finition mate, cet \u00e9cran minimise les reflets, ce qui le rend adapt\u00e9 aux environnements int\u00e9rieurs comme ext\u00e9rieurs. La r\u00e9solution WXGA (1366 x 768) garantit des images claires et d\u00e9taill\u00e9es, id\u00e9ales pour naviguer sur Internet, travailler ou regarder des vid\u00e9os.<\/p>\n<p>Cet \u00e9cran LCD est \u00e9quip\u00e9 d&rsquo;un connecteur eDP 30 broches, permettant une connexion fluide \u00e0 votre ordinateur portable. Les supports sup\u00e9rieur et inf\u00e9rieur inclus assurent une stabilit\u00e9 accrue lors de l&rsquo;installation, garantissant ainsi un maintien parfait de l&rsquo;\u00e9cran. Bien que cet \u00e9cran ne soit pas IPS, il offre une bonne reproduction des couleurs et des angles de vision adapt\u00e9s \u00e0 la plupart des utilisateurs.<\/p>\n<p>Neuf et en parfait \u00e9tat, le Lenovo FRU 5D10K81086\/5D10K81084 est id\u00e9al pour remplacer ou am\u00e9liorer l&rsquo;\u00e9cran actuel de votre ordinateur portable. Que vous en ayez besoin pour le travail, les \u00e9tudes ou les loisirs, cet \u00e9cran LCD est con\u00e7u pour offrir des performances constantes et fiables, am\u00e9liorant ainsi votre exp\u00e9rience informatique globale.<\/p>\n","protected":false},"excerpt":{"rendered":"<p>Am\u00e9liorez votre ordinateur portable avec l&rsquo;\u00e9cran LCD Lenovo FRU 5D10K81086\/5D10K81084. Cet \u00e9cran mat de 15,6 pouces offre une r\u00e9solution WXGA, un connecteur eDP 30 broches et est fourni avec des supports sup\u00e9rieurs et inf\u00e9rieurs pour une installation s\u00e9curis\u00e9e. Ce tout nouvel \u00e9cran non IPS offre des performances fiables pour une utilisation quotidienne.<\/p>\n","protected":false},"featured_media":15498,"template":"","meta":[],"product_brand":[],"product_cat":[105,95],"product_tag":[62],"class_list":{"0":"post-15503","1":"product","2":"type-product","3":"status-publish","4":"has-post-thumbnail","6":"product_cat-15-6-new-laptop-screens-lcd-panels","7":"product_cat-new-laptop-screens-lcd-panels","8":"product_tag-lenovo","10":"first","11":"instock","12":"taxable","13":"shipping-taxable","14":"purchasable","15":"product-type-simple"},"_links":{"self":[{"href":"https:\/\/boreait.com\/fr\/wp-json\/wp\/v2\/product\/15503","targetHints":{"allow":["GET"]}}],"collection":[{"href":"https:\/\/boreait.com\/fr\/wp-json\/wp\/v2\/product"}],"about":[{"href":"https:\/\/boreait.com\/fr\/wp-json\/wp\/v2\/types\/product"}],"wp:featuredmedia":[{"embeddable":true,"href":"https:\/\/boreait.com\/fr\/wp-json\/wp\/v2\/media\/15498"}],"wp:attachment":[{"href":"https:\/\/boreait.com\/fr\/wp-json\/wp\/v2\/media?parent=15503"}],"wp:term":[{"taxonomy":"product_brand","embeddable":true,"href":"https:\/\/boreait.com\/fr\/wp-json\/wp\/v2\/product_brand?post=15503"},{"taxonomy":"product_cat","embeddable":true,"href":"https:\/\/boreait.com\/fr\/wp-json\/wp\/v2\/product_cat?post=15503"},{"taxonomy":"product_tag","embeddable":true,"href":"https:\/\/boreait.com\/fr\/wp-json\/wp\/v2\/product_tag?post=15503"}],"curies":[{"name":"wp","href":"https:\/\/api.w.org\/{rel}","templated":true}]}}