{"id":15495,"date":"2025-09-16T15:58:24","date_gmt":"2025-09-16T13:58:24","guid":{"rendered":"https:\/\/boreait.com\/fr\/?post_type=product&#038;p=15495"},"modified":"2025-09-16T15:58:44","modified_gmt":"2025-09-16T13:58:44","slug":"ecran-lcd-156-pour-250-g6-g7-255-g6-g7-mat-30-broches-wxga-neuf","status":"publish","type":"product","link":"https:\/\/boreait.com\/fr\/produit\/ecran-lcd-156-pour-250-g6-g7-255-g6-g7-mat-30-broches-wxga-neuf\/","title":{"rendered":"\u00c9cran LCD 15,6&Prime; pour 250 G6 G7 255 G6 G7, mat, 30 broches, WXGA, neuf"},"content":{"rendered":"<p>Mod\u00e8le actuel\u00a0: N156BGA-EA2 REV C1 ou B156XTN07.1 \u2013 ENTI\u00c8REMENT COMPATIBLE AVEC LES ORDINATEURS PORTABLES 250 G6 G7 255 G6 G7<\/p>\n<p>Cet \u00e9cran LCD 15,6 pouces de haute qualit\u00e9 est sp\u00e9cialement con\u00e7u pour les ordinateurs portables HP 250 G6\/G7 et 255 G6\/G7. Gr\u00e2ce \u00e0 sa finition mate, il r\u00e9duit les reflets, ce qui le rend id\u00e9al pour une utilisation dans diverses conditions d&rsquo;\u00e9clairage. La r\u00e9solution WXGA (1366 x 768) offre des images nettes et d\u00e9taill\u00e9es, am\u00e9liorant votre exp\u00e9rience visuelle globale, que vous travailliez, regardiez des vid\u00e9os en streaming ou naviguiez sur le Web.<\/p>\n<p>L&rsquo;\u00e9cran est dot\u00e9 d&rsquo;un connecteur eDP 30 broches pour une installation facile et s\u00e9curis\u00e9e, ainsi que de supports sup\u00e9rieurs et inf\u00e9rieurs qui assurent une fixation stable \u00e0 votre ordinateur portable. Bien qu&rsquo;il ne s&rsquo;agisse pas d&rsquo;une dalle IPS, elle offre une bonne pr\u00e9cision des couleurs et de larges angles de vision, ce qui en fait un choix fiable pour une utilisation quotidienne. <\/p>\n<p>Neuf et en parfait \u00e9tat, cet \u00e9cran LCD est le remplacement id\u00e9al pour votre \u00e9cran d&rsquo;ordinateur portable. Que votre \u00e9cran actuel soit endommag\u00e9 ou que vous souhaitiez simplement le remplacer, cet \u00e9cran restaurera la clart\u00e9 et l&rsquo;\u00e9clat de votre \u00e9cran, vous permettant ainsi de profiter pleinement de votre ordinateur portable.<\/p>\n","protected":false},"excerpt":{"rendered":"<p>Am\u00e9liorez votre ordinateur portable avec un tout nouvel \u00e9cran LCD 15,6 pouces compatible avec les mod\u00e8les HP 250 G6\/G7 et 255 G6\/G7. Cet \u00e9cran mat est dot\u00e9 d&rsquo;une r\u00e9solution WXGA, d&rsquo;un connecteur eDP 30 broches et de supports sup\u00e9rieurs et inf\u00e9rieurs pour une installation s\u00e9curis\u00e9e. Id\u00e9al pour remplacer les \u00e9crans endommag\u00e9s et retrouver des images nettes et \u00e9clatantes.<\/p>\n","protected":false},"featured_media":15498,"template":"","meta":[],"product_brand":[],"product_cat":[105,95],"product_tag":[],"class_list":{"0":"post-15495","1":"product","2":"type-product","3":"status-publish","4":"has-post-thumbnail","6":"product_cat-15-6-new-laptop-screens-lcd-panels","7":"product_cat-new-laptop-screens-lcd-panels","9":"first","10":"instock","11":"taxable","12":"shipping-taxable","13":"purchasable","14":"product-type-simple"},"_links":{"self":[{"href":"https:\/\/boreait.com\/fr\/wp-json\/wp\/v2\/product\/15495","targetHints":{"allow":["GET"]}}],"collection":[{"href":"https:\/\/boreait.com\/fr\/wp-json\/wp\/v2\/product"}],"about":[{"href":"https:\/\/boreait.com\/fr\/wp-json\/wp\/v2\/types\/product"}],"wp:featuredmedia":[{"embeddable":true,"href":"https:\/\/boreait.com\/fr\/wp-json\/wp\/v2\/media\/15498"}],"wp:attachment":[{"href":"https:\/\/boreait.com\/fr\/wp-json\/wp\/v2\/media?parent=15495"}],"wp:term":[{"taxonomy":"product_brand","embeddable":true,"href":"https:\/\/boreait.com\/fr\/wp-json\/wp\/v2\/product_brand?post=15495"},{"taxonomy":"product_cat","embeddable":true,"href":"https:\/\/boreait.com\/fr\/wp-json\/wp\/v2\/product_cat?post=15495"},{"taxonomy":"product_tag","embeddable":true,"href":"https:\/\/boreait.com\/fr\/wp-json\/wp\/v2\/product_tag?post=15495"}],"curies":[{"name":"wp","href":"https:\/\/api.w.org\/{rel}","templated":true}]}}