{"id":15468,"date":"2025-09-16T15:57:30","date_gmt":"2025-09-16T13:57:30","guid":{"rendered":"https:\/\/boreait.com\/fr\/?post_type=product&#038;p=15468"},"modified":"2025-09-16T15:58:34","modified_gmt":"2025-09-16T13:58:34","slug":"ecran-lcd-lenovo-156-pouces-fru-5d10f76011-mat-30-broches-wxga-neuf","status":"publish","type":"product","link":"https:\/\/boreait.com\/fr\/produit\/ecran-lcd-lenovo-156-pouces-fru-5d10f76011-mat-30-broches-wxga-neuf\/","title":{"rendered":"\u00c9cran LCD Lenovo 15,6 pouces FRU 5D10F76011 mat 30 broches WXGA neuf"},"content":{"rendered":"<p>Mod\u00e8le actuel\u00a0: N156BGA-EA2 REV C1 ou B156XTN07.1 \u2013 ENTI\u00c8REMENT COMPATIBLE AVEC L&rsquo;ORDINATEUR PORTABLE Lenovo FRU 5D10F76011 D10F76010<\/p>\n<p>L&rsquo;\u00e9cran LCD Lenovo FRU 5D10F76011 est un \u00e9cran LCD haut de gamme de 15,6 pouces, sp\u00e9cialement con\u00e7u pour am\u00e9liorer les performances visuelles de votre ordinateur portable Lenovo. Dot\u00e9 d&rsquo;une finition mate, il r\u00e9duit efficacement les reflets et offre un confort visuel optimal dans diverses conditions d&rsquo;\u00e9clairage. La r\u00e9solution WXGA (1366 x 768) garantit des images nettes et \u00e9clatantes, id\u00e9ales pour une multitude d&rsquo;activit\u00e9s, du travail au divertissement.<\/p>\n<p>Cet \u00e9cran LCD est \u00e9quip\u00e9 d&rsquo;un connecteur eDP 30 broches, garantissant une connexion fluide et s\u00e9curis\u00e9e \u00e0 votre ordinateur portable. L&rsquo;installation est simplifi\u00e9e gr\u00e2ce aux supports sup\u00e9rieur et inf\u00e9rieur. Bien que cet \u00e9cran ne soit pas IPS, il offre une bonne pr\u00e9cision des couleurs et de larges angles de vision, adapt\u00e9s \u00e0 la plupart des t\u00e2ches informatiques courantes.<\/p>\n<p>Neuf et en parfait \u00e9tat, le Lenovo FRU 5D10F76011 est un excellent choix pour remplacer ou moderniser l&rsquo;\u00e9cran de votre ordinateur portable. Que vous soyez professionnel, \u00e9tudiant ou utilisateur occasionnel, cet \u00e9cran LCD est con\u00e7u pour offrir des performances constantes et une exp\u00e9rience visuelle claire, ce qui en fait un composant fiable pour un usage quotidien.<\/p>\n","protected":false},"excerpt":{"rendered":"<p>Am\u00e9liorez votre ordinateur portable Lenovo avec l&rsquo;\u00e9cran LCD Lenovo FRU 5D10F76011. Cet \u00e9cran mat de 15,6 pouces offre une r\u00e9solution WXGA et un connecteur eDP 30 broches. Gr\u00e2ce \u00e0 ses supports sup\u00e9rieurs et inf\u00e9rieurs pour une installation facile, ce tout nouvel \u00e9cran non IPS offre des images nettes et fiables, id\u00e9ales pour un usage quotidien.<\/p>\n","protected":false},"featured_media":15498,"template":"","meta":[],"product_brand":[],"product_cat":[105,95],"product_tag":[62],"class_list":{"0":"post-15468","1":"product","2":"type-product","3":"status-publish","4":"has-post-thumbnail","6":"product_cat-15-6-new-laptop-screens-lcd-panels","7":"product_cat-new-laptop-screens-lcd-panels","8":"product_tag-lenovo","10":"first","11":"instock","12":"taxable","13":"shipping-taxable","14":"purchasable","15":"product-type-simple"},"_links":{"self":[{"href":"https:\/\/boreait.com\/fr\/wp-json\/wp\/v2\/product\/15468","targetHints":{"allow":["GET"]}}],"collection":[{"href":"https:\/\/boreait.com\/fr\/wp-json\/wp\/v2\/product"}],"about":[{"href":"https:\/\/boreait.com\/fr\/wp-json\/wp\/v2\/types\/product"}],"wp:featuredmedia":[{"embeddable":true,"href":"https:\/\/boreait.com\/fr\/wp-json\/wp\/v2\/media\/15498"}],"wp:attachment":[{"href":"https:\/\/boreait.com\/fr\/wp-json\/wp\/v2\/media?parent=15468"}],"wp:term":[{"taxonomy":"product_brand","embeddable":true,"href":"https:\/\/boreait.com\/fr\/wp-json\/wp\/v2\/product_brand?post=15468"},{"taxonomy":"product_cat","embeddable":true,"href":"https:\/\/boreait.com\/fr\/wp-json\/wp\/v2\/product_cat?post=15468"},{"taxonomy":"product_tag","embeddable":true,"href":"https:\/\/boreait.com\/fr\/wp-json\/wp\/v2\/product_tag?post=15468"}],"curies":[{"name":"wp","href":"https:\/\/api.w.org\/{rel}","templated":true}]}}