{"id":15457,"date":"2025-09-16T15:57:06","date_gmt":"2025-09-16T13:57:06","guid":{"rendered":"https:\/\/boreait.com\/fr\/?post_type=product&#038;p=15457"},"modified":"2025-09-16T15:58:33","modified_gmt":"2025-09-16T13:58:33","slug":"ecran-lcd-156-pour-dell-inspiron-3000-15-3552-reference-015j5-mat-30-broches-wxga-neuf","status":"publish","type":"product","link":"https:\/\/boreait.com\/fr\/produit\/ecran-lcd-156-pour-dell-inspiron-3000-15-3552-reference-015j5-mat-30-broches-wxga-neuf\/","title":{"rendered":"\u00c9cran LCD 15,6&Prime; pour Dell Inspiron 3000 15-3552 (r\u00e9f\u00e9rence\u00a0: 015J5), mat, 30 broches, WXGA, neuf"},"content":{"rendered":"<p>Mod\u00e8le actuel\u00a0: N156BGA-EA2 REV C1 ou B156XTN07.1 \u2013 ENTI\u00c8REMENT COMPATIBLE AVEC L&rsquo;ORDINATEUR PORTABLE Dell Inspiron 3000 15-3552, r\u00e9f\u00e9rence\u00a0: 015J5<\/p>\n<p>L&rsquo;\u00e9cran LCD de remplacement de haute qualit\u00e9 pour Dell Inspiron 3000 15-3552, r\u00e9f\u00e9rence\u00a0: 015J5, est con\u00e7u pour redonner vie \u00e0 l&rsquo;\u00e9cran de votre ordinateur portable. Avec sa finition mate de 15,6\u00a0pouces, cet \u00e9cran r\u00e9duit efficacement les reflets, ce qui le rend adapt\u00e9 \u00e0 une utilisation en int\u00e9rieur comme en ext\u00e9rieur. La r\u00e9solution WXGA (1366\u00a0x\u00a0768) garantit des images nettes et \u00e9clatantes, id\u00e9ales pour les t\u00e2ches quotidiennes telles que la navigation web, la modification de documents et le visionnage multim\u00e9dia.<\/p>\n<p>Cet \u00e9cran LCD est \u00e9quip\u00e9 d&rsquo;un connecteur eDP 30\u00a0broches, garantissant une installation simple et s\u00e9curis\u00e9e. L&rsquo;int\u00e9gration de supports sup\u00e9rieurs et inf\u00e9rieurs am\u00e9liore la stabilit\u00e9 de l&rsquo;\u00e9cran, permettant un ajustement pr\u00e9cis \u00e0 votre ordinateur portable Dell Inspiron 3000 15-3552. Bien qu&rsquo;il ne s&rsquo;agisse pas d&rsquo;une dalle IPS, cet \u00e9cran offre une bonne reproduction des couleurs et de bons angles de vision, ce qui en fait un choix pratique pour de nombreuses applications.<\/p>\n<p>Neuf et en excellent \u00e9tat, l&rsquo;\u00e9cran LCD du Dell Inspiron 3000 15-3552 (r\u00e9f.\u00a0: 015J5) est le remplacement id\u00e9al de l&rsquo;\u00e9cran de votre ordinateur portable. Que vous remplaciez un \u00e9cran endommag\u00e9 ou que vous souhaitiez le mettre \u00e0 niveau, cet \u00e9cran offre des performances fiables et une exp\u00e9rience visuelle nette et confortable.<\/p>\n","protected":false},"excerpt":{"rendered":"<p>Am\u00e9liorez votre Dell Inspiron 3000 15-3552 avec l&rsquo;\u00e9cran LCD 015J5. Cet \u00e9cran mat de 15,6 pouces offre une r\u00e9solution WXGA et est fourni avec des supports sup\u00e9rieurs et inf\u00e9rieurs pour une installation facile. Dot\u00e9 d&rsquo;un connecteur eDP 30 broches, ce tout nouvel \u00e9cran non IPS offre des images claires et fiables.<\/p>\n","protected":false},"featured_media":15498,"template":"","meta":[],"product_brand":[],"product_cat":[105,95],"product_tag":[53],"class_list":{"0":"post-15457","1":"product","2":"type-product","3":"status-publish","4":"has-post-thumbnail","6":"product_cat-15-6-new-laptop-screens-lcd-panels","7":"product_cat-new-laptop-screens-lcd-panels","8":"product_tag-dell","10":"first","11":"instock","12":"taxable","13":"shipping-taxable","14":"purchasable","15":"product-type-simple"},"_links":{"self":[{"href":"https:\/\/boreait.com\/fr\/wp-json\/wp\/v2\/product\/15457","targetHints":{"allow":["GET"]}}],"collection":[{"href":"https:\/\/boreait.com\/fr\/wp-json\/wp\/v2\/product"}],"about":[{"href":"https:\/\/boreait.com\/fr\/wp-json\/wp\/v2\/types\/product"}],"wp:featuredmedia":[{"embeddable":true,"href":"https:\/\/boreait.com\/fr\/wp-json\/wp\/v2\/media\/15498"}],"wp:attachment":[{"href":"https:\/\/boreait.com\/fr\/wp-json\/wp\/v2\/media?parent=15457"}],"wp:term":[{"taxonomy":"product_brand","embeddable":true,"href":"https:\/\/boreait.com\/fr\/wp-json\/wp\/v2\/product_brand?post=15457"},{"taxonomy":"product_cat","embeddable":true,"href":"https:\/\/boreait.com\/fr\/wp-json\/wp\/v2\/product_cat?post=15457"},{"taxonomy":"product_tag","embeddable":true,"href":"https:\/\/boreait.com\/fr\/wp-json\/wp\/v2\/product_tag?post=15457"}],"curies":[{"name":"wp","href":"https:\/\/api.w.org\/{rel}","templated":true}]}}