{"id":15454,"date":"2025-09-16T15:57:06","date_gmt":"2025-09-16T13:57:06","guid":{"rendered":"https:\/\/boreait.com\/fr\/?post_type=product&#038;p=15454"},"modified":"2025-09-16T15:58:31","modified_gmt":"2025-09-16T13:58:31","slug":"ecran-lcd-156-lp156whb-tpa2-mat-30-broches-wxga-neuf","status":"publish","type":"product","link":"https:\/\/boreait.com\/fr\/produit\/ecran-lcd-156-lp156whb-tpa2-mat-30-broches-wxga-neuf\/","title":{"rendered":"\u00c9cran LCD 15,6&Prime; LP156WHB-TPA2 mat 30 broches WXGA neuf"},"content":{"rendered":"<p>Mod\u00e8le actuel\u00a0: N156BGA-EA2 REV C1 ou B156XTN07.1 \u2013 ENTI\u00c8REMENT COMPATIBLE AVEC LE LP156WHB-TPA2<\/p>\n<p>Le LP156WHB-TPA2 est un \u00e9cran LCD 15,6 pouces de haute qualit\u00e9 con\u00e7u pour offrir des images claires et \u00e9clatantes \u00e0 votre ordinateur portable. Gr\u00e2ce \u00e0 sa finition mate, il r\u00e9duit les reflets, ce qui le rend id\u00e9al dans diverses conditions d&rsquo;\u00e9clairage, en int\u00e9rieur comme en ext\u00e9rieur. La r\u00e9solution WXGA (1366 x 768) vous garantit des images nettes et d\u00e9taill\u00e9es, rendant vos t\u00e2ches informatiques plus agr\u00e9ables et efficaces.<\/p>\n<p>Cette dalle LCD est \u00e9quip\u00e9e d&rsquo;un connecteur eDP 30 broches, pour une installation simple et s\u00e9curis\u00e9e. Des supports sup\u00e9rieurs et inf\u00e9rieurs sont \u00e9galement inclus, offrant une stabilit\u00e9 accrue et une installation simplifi\u00e9e. Bien qu&rsquo;il ne s&rsquo;agisse pas d&rsquo;un \u00e9cran IPS, il offre une bonne reproduction des couleurs et de bons angles de vision, adapt\u00e9s \u00e0 un large \u00e9ventail d&rsquo;applications. Neuf et en excellent \u00e9tat, le LP156WHB-TPA2 est le remplacement ou la mise \u00e0 niveau id\u00e9al de l&rsquo;\u00e9cran de votre ordinateur portable. Que vous soyez \u00e9tudiant, professionnel ou utilisateur occasionnel, cet \u00e9cran est con\u00e7u pour offrir des performances fiables et un confort visuel optimal, ce qui en fait le choix id\u00e9al pour une utilisation quotidienne.<\/p>\n","protected":false},"excerpt":{"rendered":"<p>Am\u00e9liorez l&rsquo;affichage de votre ordinateur portable avec l&rsquo;\u00e9cran LCD LP156WHB-TPA2. Cet \u00e9cran mat de 15,6 pouces offre une r\u00e9solution WXGA et un connecteur eDP 30 broches pour une installation facile. \u00c9quip\u00e9 de supports sup\u00e9rieur et inf\u00e9rieur, ce nouvel \u00e9cran non IPS offre des images nettes et fiables, id\u00e9ales pour une utilisation quotidienne.<\/p>\n","protected":false},"featured_media":15498,"template":"","meta":[],"product_brand":[],"product_cat":[105,95],"product_tag":[],"class_list":{"0":"post-15454","1":"product","2":"type-product","3":"status-publish","4":"has-post-thumbnail","6":"product_cat-15-6-new-laptop-screens-lcd-panels","7":"product_cat-new-laptop-screens-lcd-panels","9":"first","10":"instock","11":"taxable","12":"shipping-taxable","13":"purchasable","14":"product-type-simple"},"_links":{"self":[{"href":"https:\/\/boreait.com\/fr\/wp-json\/wp\/v2\/product\/15454","targetHints":{"allow":["GET"]}}],"collection":[{"href":"https:\/\/boreait.com\/fr\/wp-json\/wp\/v2\/product"}],"about":[{"href":"https:\/\/boreait.com\/fr\/wp-json\/wp\/v2\/types\/product"}],"wp:featuredmedia":[{"embeddable":true,"href":"https:\/\/boreait.com\/fr\/wp-json\/wp\/v2\/media\/15498"}],"wp:attachment":[{"href":"https:\/\/boreait.com\/fr\/wp-json\/wp\/v2\/media?parent=15454"}],"wp:term":[{"taxonomy":"product_brand","embeddable":true,"href":"https:\/\/boreait.com\/fr\/wp-json\/wp\/v2\/product_brand?post=15454"},{"taxonomy":"product_cat","embeddable":true,"href":"https:\/\/boreait.com\/fr\/wp-json\/wp\/v2\/product_cat?post=15454"},{"taxonomy":"product_tag","embeddable":true,"href":"https:\/\/boreait.com\/fr\/wp-json\/wp\/v2\/product_tag?post=15454"}],"curies":[{"name":"wp","href":"https:\/\/api.w.org\/{rel}","templated":true}]}}