{"id":15436,"date":"2025-09-16T15:56:36","date_gmt":"2025-09-16T13:56:36","guid":{"rendered":"https:\/\/boreait.com\/fr\/?post_type=product&#038;p=15436"},"modified":"2025-09-16T15:58:29","modified_gmt":"2025-09-16T13:58:29","slug":"ecran-lcd-156-n156bga-eb2-rev-b1-c1-mat-30-broches-wxga-neuf","status":"publish","type":"product","link":"https:\/\/boreait.com\/fr\/produit\/ecran-lcd-156-n156bga-eb2-rev-b1-c1-mat-30-broches-wxga-neuf\/","title":{"rendered":"\u00c9cran LCD 15,6&Prime; N156BGA-EB2 REV.B1\/C1 mat 30 broches WXGA neuf"},"content":{"rendered":"<p>Mod\u00e8le actuel\u00a0: N156BGA-EA2 REV C1 ou B156XTN07.1 \u2013 ENTI\u00c8REMENT COMPATIBLE AVEC LES N156BGA-EB2 REV.B1 et REV.C1<\/p>\n<p>Le N156BGA-EB2 REV.B1\/C1 est un \u00e9cran LCD 15,6 pouces haut de gamme, con\u00e7u pour am\u00e9liorer la qualit\u00e9 d&rsquo;affichage de votre ordinateur portable. Sa finition mate r\u00e9duit les reflets, offrant une exp\u00e9rience visuelle confortable, que vous soyez \u00e0 l&rsquo;int\u00e9rieur ou \u00e0 l&rsquo;ext\u00e9rieur. La r\u00e9solution WXGA (1366 x 768) garantit des images nettes et d\u00e9taill\u00e9es, id\u00e9ales pour la navigation sur Internet ou le visionnage de vid\u00e9os.<\/p>\n<p>\u00c9quip\u00e9 d&rsquo;un connecteur eDP 30 broches, le N156BGA-EB2 REV.B1\/C1 garantit une installation facile et fiable. Les supports sup\u00e9rieur et inf\u00e9rieur offrent une stabilit\u00e9 accrue, rendant l&rsquo;installation simple et s\u00e9curis\u00e9e. Bien qu&rsquo;il ne s&rsquo;agisse pas d&rsquo;un \u00e9cran IPS, il offre une bonne pr\u00e9cision des couleurs et des angles de vision corrects, ce qui le rend adapt\u00e9 \u00e0 un large \u00e9ventail d&rsquo;applications.<\/p>\n<p>Neuf et en parfait \u00e9tat, le N156BGA-EB2 REV.B1\/C1 est un excellent choix pour remplacer ou mettre \u00e0 niveau l&rsquo;\u00e9cran actuel de votre ordinateur portable. Que vous soyez \u00e9tudiant, professionnel ou utilisateur occasionnel, cet \u00e9cran LCD offre des performances constantes et claires, am\u00e9liorant ainsi votre exp\u00e9rience informatique globale.<\/p>\n","protected":false},"excerpt":{"rendered":"<p>Am\u00e9liorez votre ordinateur portable avec l&rsquo;\u00e9cran LCD N156BGA-EB2 REV.B1\/C1. Cet \u00e9cran mat de 15,6 pouces offre une r\u00e9solution WXGA et un connecteur eDP 30 broches. Dot\u00e9 de supports sup\u00e9rieurs et inf\u00e9rieurs pour une installation s\u00e9curis\u00e9e, ce tout nouvel \u00e9cran non IPS offre des images nettes et fiables au quotidien.<\/p>\n","protected":false},"featured_media":15498,"template":"","meta":[],"product_brand":[],"product_cat":[105,95],"product_tag":[],"class_list":{"0":"post-15436","1":"product","2":"type-product","3":"status-publish","4":"has-post-thumbnail","6":"product_cat-15-6-new-laptop-screens-lcd-panels","7":"product_cat-new-laptop-screens-lcd-panels","9":"first","10":"instock","11":"taxable","12":"shipping-taxable","13":"purchasable","14":"product-type-simple"},"_links":{"self":[{"href":"https:\/\/boreait.com\/fr\/wp-json\/wp\/v2\/product\/15436","targetHints":{"allow":["GET"]}}],"collection":[{"href":"https:\/\/boreait.com\/fr\/wp-json\/wp\/v2\/product"}],"about":[{"href":"https:\/\/boreait.com\/fr\/wp-json\/wp\/v2\/types\/product"}],"wp:featuredmedia":[{"embeddable":true,"href":"https:\/\/boreait.com\/fr\/wp-json\/wp\/v2\/media\/15498"}],"wp:attachment":[{"href":"https:\/\/boreait.com\/fr\/wp-json\/wp\/v2\/media?parent=15436"}],"wp:term":[{"taxonomy":"product_brand","embeddable":true,"href":"https:\/\/boreait.com\/fr\/wp-json\/wp\/v2\/product_brand?post=15436"},{"taxonomy":"product_cat","embeddable":true,"href":"https:\/\/boreait.com\/fr\/wp-json\/wp\/v2\/product_cat?post=15436"},{"taxonomy":"product_tag","embeddable":true,"href":"https:\/\/boreait.com\/fr\/wp-json\/wp\/v2\/product_tag?post=15436"}],"curies":[{"name":"wp","href":"https:\/\/api.w.org\/{rel}","templated":true}]}}