{"id":15435,"date":"2025-09-16T15:56:36","date_gmt":"2025-09-16T13:56:36","guid":{"rendered":"https:\/\/boreait.com\/fr\/?post_type=product&#038;p=15435"},"modified":"2025-09-16T15:58:28","modified_gmt":"2025-09-16T13:58:28","slug":"ecran-lcd-156-b156xtn07-1-mat-30-broches-wxga-neuf","status":"publish","type":"product","link":"https:\/\/boreait.com\/fr\/produit\/ecran-lcd-156-b156xtn07-1-mat-30-broches-wxga-neuf\/","title":{"rendered":"\u00c9cran LCD 15,6&Prime; B156XTN07.1 mat 30 broches WXGA neuf"},"content":{"rendered":"<p><strong>Mod\u00e8le actuel\u00a0: N156BGA-EA2 REV C1 ou B156XTN07.1<\/strong><\/p>\n<p>Le B156XTN07.1 est un \u00e9cran LCD 15,6 pouces de haute qualit\u00e9 con\u00e7u pour offrir une exp\u00e9rience visuelle nette et claire sur votre ordinateur portable. Gr\u00e2ce \u00e0 sa finition mate, il minimise les reflets, ce qui le rend id\u00e9al pour une utilisation en int\u00e9rieur comme en ext\u00e9rieur. La r\u00e9solution WXGA (1366 x 768) vous garantit des images vives et d\u00e9taill\u00e9es, que vous naviguiez sur le Web, regardiez des vid\u00e9os ou travailliez sur des documents.<\/p>\n<p>Cette dalle LCD est \u00e9quip\u00e9e d&rsquo;un connecteur eDP 30 broches, offrant une connexion simple et s\u00e9curis\u00e9e \u00e0 votre ordinateur portable. L&rsquo;inclusion de supports sup\u00e9rieur et inf\u00e9rieur garantit une installation stable et facile. Bien qu&rsquo;il ne s&rsquo;agisse pas d&rsquo;un \u00e9cran IPS, il offre n\u00e9anmoins une bonne pr\u00e9cision des couleurs et des angles de vision adapt\u00e9s \u00e0 la plupart des applications quotidiennes. Neuf et en excellent \u00e9tat, le B156XTN07.1 est id\u00e9al pour remplacer ou am\u00e9liorer l&rsquo;\u00e9cran de votre ordinateur portable. Que vous soyez \u00e9tudiant, professionnel ou utilisateur occasionnel, cet \u00e9cran LCD est con\u00e7u pour offrir des performances constantes et fiables, vous offrant une exp\u00e9rience visuelle claire et confortable.<\/p>\n","protected":false},"excerpt":{"rendered":"<p>Sublimez l&rsquo;affichage de votre ordinateur portable avec l&rsquo;\u00e9cran LCD B156XTN07.1. Cet \u00e9cran mat de 15,6 pouces offre une r\u00e9solution WXGA et est \u00e9quip\u00e9 d&rsquo;un connecteur eDP 30 broches. Il est \u00e9quip\u00e9 de supports sup\u00e9rieurs et inf\u00e9rieurs pour une installation s\u00e9curis\u00e9e. Neuf et non IPS, cet \u00e9cran offre des images fiables et claires pour les t\u00e2ches quotidiennes.<\/p>\n","protected":false},"featured_media":15498,"template":"","meta":[],"product_brand":[],"product_cat":[105,95],"product_tag":[],"class_list":{"0":"post-15435","1":"product","2":"type-product","3":"status-publish","4":"has-post-thumbnail","6":"product_cat-15-6-new-laptop-screens-lcd-panels","7":"product_cat-new-laptop-screens-lcd-panels","9":"first","10":"instock","11":"taxable","12":"shipping-taxable","13":"purchasable","14":"product-type-simple"},"_links":{"self":[{"href":"https:\/\/boreait.com\/fr\/wp-json\/wp\/v2\/product\/15435","targetHints":{"allow":["GET"]}}],"collection":[{"href":"https:\/\/boreait.com\/fr\/wp-json\/wp\/v2\/product"}],"about":[{"href":"https:\/\/boreait.com\/fr\/wp-json\/wp\/v2\/types\/product"}],"wp:featuredmedia":[{"embeddable":true,"href":"https:\/\/boreait.com\/fr\/wp-json\/wp\/v2\/media\/15498"}],"wp:attachment":[{"href":"https:\/\/boreait.com\/fr\/wp-json\/wp\/v2\/media?parent=15435"}],"wp:term":[{"taxonomy":"product_brand","embeddable":true,"href":"https:\/\/boreait.com\/fr\/wp-json\/wp\/v2\/product_brand?post=15435"},{"taxonomy":"product_cat","embeddable":true,"href":"https:\/\/boreait.com\/fr\/wp-json\/wp\/v2\/product_cat?post=15435"},{"taxonomy":"product_tag","embeddable":true,"href":"https:\/\/boreait.com\/fr\/wp-json\/wp\/v2\/product_tag?post=15435"}],"curies":[{"name":"wp","href":"https:\/\/api.w.org\/{rel}","templated":true}]}}