{"id":15390,"date":"2025-09-16T15:55:11","date_gmt":"2025-09-16T13:55:11","guid":{"rendered":"https:\/\/boreait.com\/fr\/?post_type=product&#038;p=15390"},"modified":"2025-09-16T15:56:55","modified_gmt":"2025-09-16T13:56:55","slug":"clavier-dell-latitude-e5530-disposition-nordique-compatible-avec-differentes-configurations-ref-pk130lh2e19","status":"publish","type":"product","link":"https:\/\/boreait.com\/fr\/produit\/clavier-dell-latitude-e5530-disposition-nordique-compatible-avec-differentes-configurations-ref-pk130lh2e19\/","title":{"rendered":"Clavier Dell Latitude E5530, disposition nordique &#8211; Compatible avec diff\u00e9rentes configurations. R\u00e9f.\u00a0: PK130LH2E19."},"content":{"rendered":"<p>Clavier Dell Latitude E5530 avec disposition nordique (r\u00e9f.\u00a0: PK130LH2E19)<\/p>\n<p>Am\u00e9liorez ou remplacez votre clavier par ce clavier Dell Latitude E5530 authentique avec disposition nordique. Polyvalent et compatible avec plusieurs configurations nationales, ce clavier s&rsquo;adapte \u00e0 toutes les exigences r\u00e9gionales.<\/p>\n<p>**Caract\u00e9ristiques du produit\u00a0:**<\/p>\n<p>&#8211; **Compatibilit\u00e9\u00a0:** Con\u00e7u pour le Dell Latitude E5530, mais \u00e9galement compatible avec d&rsquo;autres mod\u00e8les prenant en charge la m\u00eame configuration.<\/p>\n<p>&#8211; **Disposition\u00a0:** nordique, compatible avec plusieurs configurations nationales et langues.<\/p>\n<p>&#8211; **R\u00e9f\u00e9rence\u00a0:** PK130LH2E19.<\/p>\n<p>&#8211; **Qualit\u00e9\u00a0:** Pi\u00e8ce de rechange d&rsquo;origine pour garantir des performances fiables et un ajustement parfait.<\/p>\n<p>&#8211; **\u00c9tat\u00a0:** Les photos pr\u00e9sent\u00e9es repr\u00e9sentent le clavier que vous recevrez et illustrent son \u00e9tat actuel. <\/p>\n<p>**Pourquoi choisir ce clavier\u00a0?**<\/p>\n<p>&#8211; **Compatibilit\u00e9 polyvalente\u00a0:** Compatible avec diff\u00e9rentes configurations et langues, il offre une flexibilit\u00e9 d&rsquo;utilisation dans diff\u00e9rentes r\u00e9gions.<\/p>\n<p>&#8211; **Remplacement facile\u00a0:** Remplacement direct du Dell Latitude E5530 et des mod\u00e8les compatibles, sans aucune modification suppl\u00e9mentaire.<\/p>\n<p>&#8211; **Livraison internationale\u00a0:** Disponible \u00e0 l&rsquo;achat et \u00e0 la livraison dans le monde entier, en particulier en Europe.<\/p>\n<p>Veuillez noter que les instructions d&rsquo;installation ne sont pas incluses. Si vous avez besoin d&rsquo;aide pour l&rsquo;installation ou si vous avez des questions, n&rsquo;h\u00e9sitez pas \u00e0 nous contacter. Nous sommes l\u00e0 pour vous aider \u00e0 garantir un remplacement fluide.<\/p>\n<p>**Important\u00a0:** Les images de cette annonce montrent le clavier exact que vous recevrez. Chaque pi\u00e8ce est soigneusement inspect\u00e9e pour garantir sa qualit\u00e9 et la satisfaction de nos clients.<\/p>\n","protected":false},"excerpt":{"rendered":"<p>Clavier Dell Latitude E5530 avec disposition nordique \u2013 Compatible avec plusieurs configurations nationales. Ce clavier de remplacement de haute qualit\u00e9 est compatible avec le Dell Latitude E5530 et d&rsquo;autres mod\u00e8les avec des configurations similaires. R\u00e9f\u00e9rence\u00a0: PK130LH2E19.<\/p>\n","protected":false},"featured_media":15446,"template":"","meta":[],"product_brand":[],"product_cat":[71],"product_tag":[53],"class_list":{"0":"post-15390","1":"product","2":"type-product","3":"status-publish","4":"has-post-thumbnail","6":"product_cat-laptop-keyboard","7":"product_tag-dell","9":"first","10":"instock","11":"taxable","12":"shipping-taxable","13":"purchasable","14":"product-type-simple"},"_links":{"self":[{"href":"https:\/\/boreait.com\/fr\/wp-json\/wp\/v2\/product\/15390","targetHints":{"allow":["GET"]}}],"collection":[{"href":"https:\/\/boreait.com\/fr\/wp-json\/wp\/v2\/product"}],"about":[{"href":"https:\/\/boreait.com\/fr\/wp-json\/wp\/v2\/types\/product"}],"wp:featuredmedia":[{"embeddable":true,"href":"https:\/\/boreait.com\/fr\/wp-json\/wp\/v2\/media\/15446"}],"wp:attachment":[{"href":"https:\/\/boreait.com\/fr\/wp-json\/wp\/v2\/media?parent=15390"}],"wp:term":[{"taxonomy":"product_brand","embeddable":true,"href":"https:\/\/boreait.com\/fr\/wp-json\/wp\/v2\/product_brand?post=15390"},{"taxonomy":"product_cat","embeddable":true,"href":"https:\/\/boreait.com\/fr\/wp-json\/wp\/v2\/product_cat?post=15390"},{"taxonomy":"product_tag","embeddable":true,"href":"https:\/\/boreait.com\/fr\/wp-json\/wp\/v2\/product_tag?post=15390"}],"curies":[{"name":"wp","href":"https:\/\/api.w.org\/{rel}","templated":true}]}}