{"id":15378,"date":"2025-09-16T15:54:46","date_gmt":"2025-09-16T13:54:46","guid":{"rendered":"https:\/\/boreait.com\/fr\/?post_type=product&#038;p=15378"},"modified":"2026-02-06T13:17:34","modified_gmt":"2026-02-06T12:17:34","slug":"cache-disque-dur-pour-lenovo-thinkpad-t61-piece-de-rechange-dorigine","status":"publish","type":"product","link":"https:\/\/boreait.com\/fr\/produit\/cache-disque-dur-pour-lenovo-thinkpad-t61-piece-de-rechange-dorigine\/","title":{"rendered":"Cache disque dur pour Lenovo Thinkpad T61 \u2013 Pi\u00e8ce de rechange d&rsquo;origine"},"content":{"rendered":"<p>Cache disque dur pour Lenovo Thinkpad T61<\/p>\n<p>Remplacez ou am\u00e9liorez votre Lenovo Thinkpad T61 avec ce cache disque dur d&rsquo;origine. Con\u00e7u pour prot\u00e9ger votre disque dur en toute s\u00e9curit\u00e9, il garantit un ajustement parfait et une fonctionnalit\u00e9 optimale.<\/p>\n<p>**Caract\u00e9ristiques du produit\u00a0:**<\/p>\n<p>&#8211; **Compatibilit\u00e9\u00a0:** Sp\u00e9cialement con\u00e7u pour le mod\u00e8le d&rsquo;ordinateur portable Lenovo Thinkpad T61.<\/p>\n<p>&#8211; **Fonctionnalit\u00e9\u00a0:** Prot\u00e8ge et s\u00e9curise le disque dur de votre ordinateur portable, garantissant des performances fiables.<\/p>\n<p>&#8211; **Qualit\u00e9\u00a0:** Pi\u00e8ce de rechange d&rsquo;origine pour une durabilit\u00e9 et un ajustement optimal.<\/p>\n<p>&#8211; **\u00c9tat\u00a0:** Les photos fournies montrent le cache disque dur exact que vous recevrez, refl\u00e9tant son \u00e9tat actuel.<\/p>\n<p>**Pourquoi choisir ce cache disque dur\u00a0?**<\/p>\n<p>&#8211; **Protection fiable\u00a0:** Maintient votre disque dur en s\u00e9curit\u00e9 et correctement rang\u00e9.<\/p>\n<p>&#8211; **Remplacement direct\u00a0:** Aucune modification n\u00e9cessaire\u00a0; il suffit de remplacer l&rsquo;ancien cache.<\/p>\n<p>&#8211; **Livraison internationale\u00a0:** Disponible \u00e0 l&rsquo;achat et \u00e0 la livraison dans le monde entier, en particulier en Europe.<br \/>\nVeuillez noter qu&rsquo;aucune instruction d&rsquo;installation n&rsquo;est fournie. Pour toute assistance ou question concernant l&rsquo;installation, n&rsquo;h\u00e9sitez pas \u00e0 nous contacter. Nous sommes l\u00e0 pour vous garantir un remplacement sans probl\u00e8me.<\/p>\n<p>**Important\u00a0:** Les photos de cette annonce illustrent le cache du disque dur que vous recevrez. Chaque pi\u00e8ce est inspect\u00e9e pour garantir son respect des normes de qualit\u00e9 et la satisfaction de nos clients.<\/p>\n","protected":false},"excerpt":{"rendered":"<p>Cache disque dur pour Lenovo Thinkpad T61 \u2013 Pi\u00e8ce de rechange d&rsquo;origine. Prot\u00e9gez votre disque dur avec ce cache disque dur de haute qualit\u00e9, sp\u00e9cialement con\u00e7u pour le Lenovo Thinkpad T61.<\/p>\n","protected":false},"featured_media":15441,"template":"","meta":[],"product_brand":[],"product_cat":[52],"product_tag":[62],"class_list":{"0":"post-15378","1":"product","2":"type-product","3":"status-publish","4":"has-post-thumbnail","6":"product_cat-laptop-housing","7":"product_tag-lenovo","9":"first","10":"instock","11":"taxable","12":"shipping-taxable","13":"purchasable","14":"product-type-simple"},"_links":{"self":[{"href":"https:\/\/boreait.com\/fr\/wp-json\/wp\/v2\/product\/15378","targetHints":{"allow":["GET"]}}],"collection":[{"href":"https:\/\/boreait.com\/fr\/wp-json\/wp\/v2\/product"}],"about":[{"href":"https:\/\/boreait.com\/fr\/wp-json\/wp\/v2\/types\/product"}],"wp:featuredmedia":[{"embeddable":true,"href":"https:\/\/boreait.com\/fr\/wp-json\/wp\/v2\/media\/15441"}],"wp:attachment":[{"href":"https:\/\/boreait.com\/fr\/wp-json\/wp\/v2\/media?parent=15378"}],"wp:term":[{"taxonomy":"product_brand","embeddable":true,"href":"https:\/\/boreait.com\/fr\/wp-json\/wp\/v2\/product_brand?post=15378"},{"taxonomy":"product_cat","embeddable":true,"href":"https:\/\/boreait.com\/fr\/wp-json\/wp\/v2\/product_cat?post=15378"},{"taxonomy":"product_tag","embeddable":true,"href":"https:\/\/boreait.com\/fr\/wp-json\/wp\/v2\/product_tag?post=15378"}],"curies":[{"name":"wp","href":"https:\/\/api.w.org\/{rel}","templated":true}]}}