{"id":15366,"date":"2025-09-16T15:54:19","date_gmt":"2025-09-16T13:54:19","guid":{"rendered":"https:\/\/boreait.com\/fr\/?post_type=product&#038;p=15366"},"modified":"2026-02-06T13:16:57","modified_gmt":"2026-02-06T12:16:57","slug":"ensemble-de-haut-parleurs-pour-lenovo-thinkpad-t61-pieces-de-rechange-dorigine","status":"publish","type":"product","link":"https:\/\/boreait.com\/fr\/produit\/ensemble-de-haut-parleurs-pour-lenovo-thinkpad-t61-pieces-de-rechange-dorigine\/","title":{"rendered":"Ensemble de haut-parleurs pour Lenovo ThinkPad T61 \u2013 Pi\u00e8ces de rechange d&rsquo;origine"},"content":{"rendered":"<p>Ensemble de haut-parleurs Lenovo ThinkPad T61<\/p>\n<p>Am\u00e9liorez les performances audio de votre Lenovo ThinkPad T61 avec cet ensemble de haut-parleurs d&rsquo;origine. Con\u00e7u pour remplacer des haut-parleurs d\u00e9fectueux ou endommag\u00e9s, cet ensemble garantit une qualit\u00e9 sonore claire et fiable.<\/p>\n<p>**Caract\u00e9ristiques du produit\u00a0:**<\/p>\n<p>&#8211; **Compatibilit\u00e9\u00a0:** Sp\u00e9cialement con\u00e7u pour le mod\u00e8le d&rsquo;ordinateur portable Lenovo ThinkPad T61.<\/p>\n<p>&#8211; **Fonctionnalit\u00e9\u00a0:** Remplace les haut-parleurs d\u00e9fectueux ou endommag\u00e9s, r\u00e9tablissant ainsi l&rsquo;int\u00e9gralit\u00e9 des fonctionnalit\u00e9s audio.<\/p>\n<p>&#8211; **Qualit\u00e9\u00a0:** Pi\u00e8ces de rechange d&rsquo;origine pour des performances optimales.<\/p>\n<p>&#8211; **\u00c9tat\u00a0:** Les photos fournies montrent les haut-parleurs que vous recevrez et leur \u00e9tat actuel.<\/p>\n<p>**Pourquoi choisir cet ensemble de haut-parleurs\u00a0?**<\/p>\n<p>&#8211; **Performances audio am\u00e9lior\u00e9es\u00a0:** Id\u00e9al pour r\u00e9soudre les probl\u00e8mes de son faible ou inexistant.<\/p>\n<p>&#8211; **Remplacement direct\u00a0:** Aucune modification n\u00e9cessaire\u00a0: installez-le simplement et profitez d&rsquo;un son am\u00e9lior\u00e9.<\/p>\n<p>&#8211; **Livraison internationale\u00a0:** Disponible \u00e0 l&rsquo;achat et \u00e0 la livraison dans le monde entier, en particulier en Europe.<br \/>\nVeuillez noter que les instructions d&rsquo;installation ne sont pas incluses. Si vous avez besoin d&rsquo;aide pour l&rsquo;installation, n&rsquo;h\u00e9sitez pas \u00e0 nous contacter. Notre \u00e9quipe est l\u00e0 pour vous aider \u00e0 assurer un remplacement sans probl\u00e8me.<\/p>\n<p>**Important\u00a0:** Les photos de cette annonce illustrent exactement l&rsquo;ensemble d&rsquo;enceintes que vous recevrez. Chaque composant est inspect\u00e9 afin de garantir la qualit\u00e9 et la satisfaction client.<\/p>\n","protected":false},"excerpt":{"rendered":"<p>Ensemble de haut-parleurs pour Lenovo ThinkPad T61 \u2013 Pi\u00e8ces de rechange d&rsquo;origine. Retrouvez toutes les fonctionnalit\u00e9s audio de votre Lenovo ThinkPad T61 gr\u00e2ce \u00e0 cet ensemble de haut-parleurs de haute qualit\u00e9. Id\u00e9al pour remplacer des haut-parleurs d\u00e9fectueux ou endommag\u00e9s.<\/p>\n","protected":false},"featured_media":15428,"template":"","meta":[],"product_brand":[],"product_cat":[54],"product_tag":[62],"class_list":{"0":"post-15366","1":"product","2":"type-product","3":"status-publish","4":"has-post-thumbnail","6":"product_cat-laptop-speakers","7":"product_tag-lenovo","9":"first","10":"instock","11":"taxable","12":"shipping-taxable","13":"purchasable","14":"product-type-simple"},"_links":{"self":[{"href":"https:\/\/boreait.com\/fr\/wp-json\/wp\/v2\/product\/15366","targetHints":{"allow":["GET"]}}],"collection":[{"href":"https:\/\/boreait.com\/fr\/wp-json\/wp\/v2\/product"}],"about":[{"href":"https:\/\/boreait.com\/fr\/wp-json\/wp\/v2\/types\/product"}],"wp:featuredmedia":[{"embeddable":true,"href":"https:\/\/boreait.com\/fr\/wp-json\/wp\/v2\/media\/15428"}],"wp:attachment":[{"href":"https:\/\/boreait.com\/fr\/wp-json\/wp\/v2\/media?parent=15366"}],"wp:term":[{"taxonomy":"product_brand","embeddable":true,"href":"https:\/\/boreait.com\/fr\/wp-json\/wp\/v2\/product_brand?post=15366"},{"taxonomy":"product_cat","embeddable":true,"href":"https:\/\/boreait.com\/fr\/wp-json\/wp\/v2\/product_cat?post=15366"},{"taxonomy":"product_tag","embeddable":true,"href":"https:\/\/boreait.com\/fr\/wp-json\/wp\/v2\/product_tag?post=15366"}],"curies":[{"name":"wp","href":"https:\/\/api.w.org\/{rel}","templated":true}]}}