{"id":15353,"date":"2025-09-16T15:53:51","date_gmt":"2025-09-16T13:53:51","guid":{"rendered":"https:\/\/boreait.com\/fr\/?post_type=product&#038;p=15353"},"modified":"2026-02-06T13:16:05","modified_gmt":"2026-02-06T12:16:05","slug":"cable-lcd-pour-lenovo-thinkpad-t61-piece-de-rechange-dorigine","status":"publish","type":"product","link":"https:\/\/boreait.com\/fr\/produit\/cable-lcd-pour-lenovo-thinkpad-t61-piece-de-rechange-dorigine\/","title":{"rendered":"C\u00e2ble LCD pour Lenovo ThinkPad T61 \u2013 Pi\u00e8ce de rechange d&rsquo;origine"},"content":{"rendered":"<p>C\u00e2ble LCD pour Lenovo ThinkPad T61<\/p>\n<p>Maintenez votre Lenovo ThinkPad T61 en parfait \u00e9tat de fonctionnement gr\u00e2ce \u00e0 ce c\u00e2ble LCD d&rsquo;origine. Con\u00e7u pour connecter l&rsquo;\u00e9cran de l&rsquo;ordinateur portable \u00e0 la carte m\u00e8re, ce c\u00e2ble est essentiel au bon fonctionnement de votre \u00e9cran.<\/p>\n<p>**Caract\u00e9ristiques du produit\u00a0:**<\/p>\n<p>&#8211; **Compatibilit\u00e9\u00a0:** Sp\u00e9cialement con\u00e7u pour le mod\u00e8le d&rsquo;ordinateur portable Lenovo ThinkPad T61.<\/p>\n<p>&#8211; **Fonctionnalit\u00e9\u00a0:** Assure une connexion stable entre l&rsquo;\u00e9cran LCD et la carte m\u00e8re.<\/p>\n<p>&#8211; **\u00c9tat\u00a0:** Les photos r\u00e9elles fournies montrent la pi\u00e8ce exacte que vous recevrez, garantissant une transparence totale sur son \u00e9tat actuel.<\/p>\n<p>**Pourquoi choisir ce c\u00e2ble LCD\u00a0?**<\/p>\n<p>&#8211; **Performances fiables\u00a0:** Id\u00e9al pour remplacer un c\u00e2ble LCD endommag\u00e9 ou d\u00e9fectueux et restaurer le bon fonctionnement de l&rsquo;\u00e9cran de votre ordinateur portable.<\/p>\n<p>&#8211; **Remplacement direct\u00a0:** S&rsquo;adapte parfaitement sans modification, ce qui simplifie l&rsquo;installation.<\/p>\n<p>&#8211; **Livraison internationale\u00a0:** Disponible \u00e0 l&rsquo;achat dans le monde entier, en particulier pour les clients europ\u00e9ens.<br \/>\nVeuillez noter que les instructions d&rsquo;installation ne sont pas incluses. Si vous avez besoin d&rsquo;aide pour l&rsquo;installation, n&rsquo;h\u00e9sitez pas \u00e0 nous contacter.<\/p>\n<p>Important\u00a0: Les photos de cette annonce illustrent le c\u00e2ble LCD que vous recevrez. Chaque pi\u00e8ce est inspect\u00e9e afin de garantir sa conformit\u00e9 \u00e0 nos normes de qualit\u00e9.<\/p>\n","protected":false},"excerpt":{"rendered":"<p>C\u00e2ble LCD pour Lenovo ThinkPad T61 \u2013 Pi\u00e8ce de rechange d&rsquo;origine. Assurez une connexion fiable entre votre \u00e9cran et votre carte m\u00e8re gr\u00e2ce \u00e0 ce c\u00e2ble LCD de haute qualit\u00e9 pour Lenovo ThinkPad T61.<\/p>\n","protected":false},"featured_media":15424,"template":"","meta":[],"product_brand":[],"product_cat":[56],"product_tag":[62],"class_list":{"0":"post-15353","1":"product","2":"type-product","3":"status-publish","4":"has-post-thumbnail","6":"product_cat-cables","7":"product_tag-lenovo","9":"first","10":"instock","11":"taxable","12":"shipping-taxable","13":"purchasable","14":"product-type-simple"},"_links":{"self":[{"href":"https:\/\/boreait.com\/fr\/wp-json\/wp\/v2\/product\/15353","targetHints":{"allow":["GET"]}}],"collection":[{"href":"https:\/\/boreait.com\/fr\/wp-json\/wp\/v2\/product"}],"about":[{"href":"https:\/\/boreait.com\/fr\/wp-json\/wp\/v2\/types\/product"}],"wp:featuredmedia":[{"embeddable":true,"href":"https:\/\/boreait.com\/fr\/wp-json\/wp\/v2\/media\/15424"}],"wp:attachment":[{"href":"https:\/\/boreait.com\/fr\/wp-json\/wp\/v2\/media?parent=15353"}],"wp:term":[{"taxonomy":"product_brand","embeddable":true,"href":"https:\/\/boreait.com\/fr\/wp-json\/wp\/v2\/product_brand?post=15353"},{"taxonomy":"product_cat","embeddable":true,"href":"https:\/\/boreait.com\/fr\/wp-json\/wp\/v2\/product_cat?post=15353"},{"taxonomy":"product_tag","embeddable":true,"href":"https:\/\/boreait.com\/fr\/wp-json\/wp\/v2\/product_tag?post=15353"}],"curies":[{"name":"wp","href":"https:\/\/api.w.org\/{rel}","templated":true}]}}