{"id":15351,"date":"2025-09-16T15:53:50","date_gmt":"2025-09-16T13:53:50","guid":{"rendered":"https:\/\/boreait.com\/fr\/?post_type=product&#038;p=15351"},"modified":"2025-09-16T15:56:11","modified_gmt":"2025-09-16T13:56:11","slug":"dissipateur-thermique-pour-processeur-lenovo-thinkpad-t61-piece-de-rechange-dorigine","status":"publish","type":"product","link":"https:\/\/boreait.com\/fr\/produit\/dissipateur-thermique-pour-processeur-lenovo-thinkpad-t61-piece-de-rechange-dorigine\/","title":{"rendered":"Dissipateur thermique pour processeur Lenovo ThinkPad T61\u00a0\u2013 Pi\u00e8ce de rechange d&rsquo;origine"},"content":{"rendered":"<p>Dissipateur thermique pour processeur Lenovo ThinkPad T61<\/p>\n<p>Maintenez les performances de votre Lenovo ThinkPad T61 gr\u00e2ce \u00e0 ce dissipateur thermique d&rsquo;origine. Con\u00e7u pour remplacer un composant de refroidissement d\u00e9fectueux ou inefficace, ce dissipateur thermique assure le refroidissement de votre ordinateur portable, pr\u00e9venant la surchauffe et maintenant des performances optimales.<\/p>\n<p>**Caract\u00e9ristiques du produit\u00a0:**<\/p>\n<p>&#8211; **Compatibilit\u00e9\u00a0:** Sp\u00e9cialement con\u00e7u pour le mod\u00e8le d&rsquo;ordinateur portable Lenovo ThinkPad T61.<\/p>\n<p>&#8211; **Fonctionnalit\u00e9\u00a0:** Dissipe efficacement la chaleur du processeur, pr\u00e9venant la surchauffe et pr\u00e9servant la stabilit\u00e9 du syst\u00e8me.<\/p>\n<p>&#8211; **Qualit\u00e9\u00a0:** Pi\u00e8ce de rechange d&rsquo;origine pour un refroidissement fiable et constant.<\/p>\n<p>&#8211; **\u00c9tat\u00a0:** Les photos fournies repr\u00e9sentent le dissipateur thermique r\u00e9el que vous recevrez, refl\u00e9tant son \u00e9tat actuel.<\/p>\n<p>**Pourquoi choisir ce dissipateur thermique pour processeur\u00a0?**<\/p>\n<p>&#8211; **Pr\u00e9vient la surchauffe\u00a0:** Id\u00e9al pour restaurer le bon refroidissement de votre Lenovo ThinkPad T61.<br \/>\nRemplacement direct\u00a0: Aucune modification n\u00e9cessaire\u00a0: remplacez simplement le dissipateur thermique existant pour des r\u00e9sultats imm\u00e9diats.<br \/>\nLivraison internationale\u00a0: Livraison disponible dans le monde entier, en particulier sur les march\u00e9s europ\u00e9ens.<\/p>\n<p>Veuillez noter que les instructions d&rsquo;installation ne sont pas fournies. Si vous avez besoin d&rsquo;aide pour l&rsquo;installation, n&rsquo;h\u00e9sitez pas \u00e0 nous contacter. Notre \u00e9quipe est l\u00e0 pour r\u00e9pondre \u00e0 toutes vos questions.<\/p>\n<p>Important\u00a0: Les photos de cette annonce montrent le dissipateur thermique de processeur exact que vous recevrez. Chaque pi\u00e8ce est inspect\u00e9e afin de garantir sa conformit\u00e9 \u00e0 nos normes de qualit\u00e9.<\/p>\n","protected":false},"excerpt":{"rendered":"<p>Dissipateur thermique pour processeur Lenovo ThinkPad T61 \u2013 Pi\u00e8ce de rechange d&rsquo;origine. Assurez un refroidissement et des performances optimales \u00e0 votre Lenovo ThinkPad T61 gr\u00e2ce \u00e0 ce dissipateur thermique fiable, id\u00e9al pour remplacer un composant de refroidissement d\u00e9fectueux ou inefficace.<\/p>\n","protected":false},"featured_media":15422,"template":"","meta":[],"product_brand":[],"product_cat":[69],"product_tag":[62],"class_list":{"0":"post-15351","1":"product","2":"type-product","3":"status-publish","4":"has-post-thumbnail","6":"product_cat-cpu-fans-heatsinks","7":"product_tag-lenovo","9":"first","10":"instock","11":"taxable","12":"shipping-taxable","13":"purchasable","14":"product-type-simple"},"_links":{"self":[{"href":"https:\/\/boreait.com\/fr\/wp-json\/wp\/v2\/product\/15351","targetHints":{"allow":["GET"]}}],"collection":[{"href":"https:\/\/boreait.com\/fr\/wp-json\/wp\/v2\/product"}],"about":[{"href":"https:\/\/boreait.com\/fr\/wp-json\/wp\/v2\/types\/product"}],"wp:featuredmedia":[{"embeddable":true,"href":"https:\/\/boreait.com\/fr\/wp-json\/wp\/v2\/media\/15422"}],"wp:attachment":[{"href":"https:\/\/boreait.com\/fr\/wp-json\/wp\/v2\/media?parent=15351"}],"wp:term":[{"taxonomy":"product_brand","embeddable":true,"href":"https:\/\/boreait.com\/fr\/wp-json\/wp\/v2\/product_brand?post=15351"},{"taxonomy":"product_cat","embeddable":true,"href":"https:\/\/boreait.com\/fr\/wp-json\/wp\/v2\/product_cat?post=15351"},{"taxonomy":"product_tag","embeddable":true,"href":"https:\/\/boreait.com\/fr\/wp-json\/wp\/v2\/product_tag?post=15351"}],"curies":[{"name":"wp","href":"https:\/\/api.w.org\/{rel}","templated":true}]}}