{"id":15327,"date":"2025-09-16T15:53:01","date_gmt":"2025-09-16T13:53:01","guid":{"rendered":"https:\/\/boreait.com\/fr\/?post_type=product&#038;p=15327"},"modified":"2026-02-06T13:11:41","modified_gmt":"2026-02-06T12:11:41","slug":"memoire-ram-2-go-2rx8-pc3-8500s-7-10-fp-pour-lenovo-thinkpad-t400-pieces-dorigine","status":"publish","type":"product","link":"https:\/\/boreait.com\/fr\/produit\/memoire-ram-2-go-2rx8-pc3-8500s-7-10-fp-pour-lenovo-thinkpad-t400-pieces-dorigine\/","title":{"rendered":"M\u00e9moire RAM 2 Go 2Rx8 PC3-8500S-7-10-FP pour Lenovo ThinkPad T400 &#8211; Pi\u00e8ces d&rsquo;origine"},"content":{"rendered":"<p>RAM 2 Go 2Rx8 PC3-8500S-7-10-FP pour Lenovo Thinkpad T400<\/p>\n<p>Optimisez les performances de votre Lenovo Thinkpad T400 gr\u00e2ce \u00e0 ce module RAM fiable de 2 Go. Que vous remplaciez un module d\u00e9fectueux ou que vous mettiez \u00e0 niveau votre syst\u00e8me, cette RAM est con\u00e7ue pour fonctionner parfaitement avec votre T400.<\/p>\n<p>**Caract\u00e9ristiques du produit\u00a0:**<\/p>\n<p>&#8211; **Compatibilit\u00e9\u00a0:** Sp\u00e9cialement con\u00e7ue pour le Lenovo Thinkpad T400.<\/p>\n<p>&#8211; **Sp\u00e9cifications\u00a0:** RAM 2 Go, 2Rx8, PC3-8500S-7-10-FP, id\u00e9ale pour optimiser les performances du syst\u00e8me.<\/p>\n<p>&#8211; **Fonctionnalit\u00e9\u00a0:** Am\u00e9liore le multit\u00e2che et la vitesse globale pour une exp\u00e9rience informatique plus fluide.<\/p>\n<p>&#8211; **Qualit\u00e9\u00a0:** Pi\u00e8ce de rechange d&rsquo;origine, test\u00e9e pour sa fiabilit\u00e9 et sa compatibilit\u00e9. <\/p>\n<p>**Pourquoi choisir ce module RAM\u00a0?**<\/p>\n<p>&#8211; **Optimisation des performances\u00a0:** Id\u00e9al pour am\u00e9liorer la vitesse et la r\u00e9activit\u00e9 de votre Thinkpad T400.<\/p>\n<p>&#8211; **Remplacement direct\u00a0:** Facile \u00e0 installer, aucune configuration suppl\u00e9mentaire n&rsquo;est requise.<\/p>\n<p>&#8211; **Livraison internationale\u00a0:** Disponible dans le monde entier, en particulier en Europe.<\/p>\n<p>Veuillez noter que les instructions d&rsquo;installation ne sont pas fournies. Si vous avez besoin d&rsquo;aide pour l&rsquo;installation, n&rsquo;h\u00e9sitez pas \u00e0 nous contacter.<\/p>\n<p>**Important\u00a0:** Les photos de cette annonce repr\u00e9sentent le module RAM exact que vous recevrez, illustrant son \u00e9tat actuel. Chaque pi\u00e8ce est soigneusement inspect\u00e9e pour garantir sa qualit\u00e9.<\/p>\n","protected":false},"excerpt":{"rendered":"<div class=\"dark bg-gray-950 rounded-md border-[0.5px] border-token-border-medium\">\n<div class=\"overflow-y-auto p-4\" dir=\"ltr\"><code class=\"!whitespace-pre hljs language-javascript\">2 Go 2Rx8 <span class=\"hljs-title class_\">PC3<\/span>-8500S-<span class=\"hljs-number\">7<\/span>-<span class=\"hljs-number\">10<\/span>-<span class=\"hljs-variable constant_\">FP<\/span> <span class=\"hljs-variable constant_\">RAM<\/span> <span class=\"hljs-keyword\">pour<\/span> <span class=\"hljs-title class_\">Lenovo<\/span> <span class=\"hljs-title class_\">Thinkpad<\/span> <span class=\"hljs-variable constant_\">T400<\/span> \u2013 <span class=\"hljs-title class_\">Am\u00e9liorez<\/span> les performances de votre ordinateur portable <span class=\"hljs-keyword\">avec<\/span> <span class=\"hljs-variable language_\">ce<\/span> module de <span class=\"hljs-variable constant_\">RAM<\/span> <span class=\"hljs-variable language_\">authentique, compatible <span class=\"hljs-keyword\">avec<\/span> le <span class=\"hljs-title class_\">Lenovo<\/span> <span class=\"hljs-title class_\">Thinkpad<\/span> <span class=\"hljs-variable constant_\">T400<\/span>.<\/p>\n<p><\/code><\/div>\n<\/div>\n<h3><\/h3>\n","protected":false},"featured_media":15395,"template":"","meta":[],"product_brand":[],"product_cat":[73,72],"product_tag":[62],"class_list":{"0":"post-15327","1":"product","2":"type-product","3":"status-publish","4":"has-post-thumbnail","6":"product_cat-ddr3-ddr3l","7":"product_cat-ram-memory","8":"product_tag-lenovo","10":"first","11":"instock","12":"taxable","13":"shipping-taxable","14":"purchasable","15":"product-type-simple"},"_links":{"self":[{"href":"https:\/\/boreait.com\/fr\/wp-json\/wp\/v2\/product\/15327","targetHints":{"allow":["GET"]}}],"collection":[{"href":"https:\/\/boreait.com\/fr\/wp-json\/wp\/v2\/product"}],"about":[{"href":"https:\/\/boreait.com\/fr\/wp-json\/wp\/v2\/types\/product"}],"wp:featuredmedia":[{"embeddable":true,"href":"https:\/\/boreait.com\/fr\/wp-json\/wp\/v2\/media\/15395"}],"wp:attachment":[{"href":"https:\/\/boreait.com\/fr\/wp-json\/wp\/v2\/media?parent=15327"}],"wp:term":[{"taxonomy":"product_brand","embeddable":true,"href":"https:\/\/boreait.com\/fr\/wp-json\/wp\/v2\/product_brand?post=15327"},{"taxonomy":"product_cat","embeddable":true,"href":"https:\/\/boreait.com\/fr\/wp-json\/wp\/v2\/product_cat?post=15327"},{"taxonomy":"product_tag","embeddable":true,"href":"https:\/\/boreait.com\/fr\/wp-json\/wp\/v2\/product_tag?post=15327"}],"curies":[{"name":"wp","href":"https:\/\/api.w.org\/{rel}","templated":true}]}}